{"id":5970,"date":"2024-12-02T23:29:23","date_gmt":"2024-12-02T23:29:23","guid":{"rendered":"https:\/\/oaktreeorthodontics.com\/ubicacion-del-roble-silvestre\/"},"modified":"2025-08-19T02:15:22","modified_gmt":"2025-08-19T02:15:22","slug":"ubicacion-del-roble-silvestre","status":"publish","type":"page","link":"https:\/\/oaktreeorthodontics.com\/es\/ubicacion-del-roble-silvestre\/","title":{"rendered":"Ubicaci\u00f3n de Wilderness Oak"},"content":{"rendered":"\t\t<div data-elementor-type=\"wp-page\" data-elementor-id=\"5970\" class=\"elementor elementor-5970 elementor-5177\" data-elementor-post-type=\"page\">\n\t\t\t\t<div data-particle_enable=\"false\" data-particle-mobile-disabled=\"false\" class=\"elementor-element elementor-element-d6bf91e e-flex e-con-boxed e-con e-parent\" data-id=\"d6bf91e\" data-element_type=\"container\" data-e-type=\"container\">\n\t\t\t\t\t<div class=\"e-con-inner\">\n\t\t\t\t<div class=\"elementor-element elementor-element-b8c2129 elementor-widget elementor-widget-text-editor\" data-id=\"b8c2129\" data-element_type=\"widget\" data-e-type=\"widget\" data-widget_type=\"text-editor.default\">\n\t\t\t\t<div class=\"elementor-widget-container\">\n\t\t\t\t\t\t\t\t\t<p>\u00a1Empezar tu experiencia hacia una sonrisa segura es f\u00e1cil! Programa tu <a href=\"https:\/\/oaktreeorthodontics.com\/es\/pide-una-cita\/\">consulta<\/a> gratuita con Oak Tree Orthodontics. La <a href=\"https:\/\/oaktreeorthodontics.com\/es\/conoce-al-dr-alexis-polczynski\/\">Dra. Alexis Polczynski<\/a> evaluar\u00e1 personalmente tus necesidades y te recomendar\u00e1 el mejor plan de tratamiento para ayudarte a conseguir una sonrisa sana y bonita hecha a tu medida.<\/p><p>Valoramos tu tiempo, por eso nuestra oficina est\u00e1 abierta de lunes a jueves para adaptarnos a tu apretada agenda. Si tienes alguna pregunta durante el tratamiento, no dudes en ponerte en contacto con nosotros por tel\u00e9fono, mensaje de texto o correo electr\u00f3nico. Para las consultas fuera del horario laboral, responderemos con prontitud al siguiente d\u00eda laborable.<\/p><p>\u00a1Gracias por elegir Oak Tree Orthodontics! Estamos deseando ayudarte a conseguir la sonrisa que siempre has querido.<\/p>\t\t\t\t\t\t\t\t<\/div>\n\t\t\t\t<\/div>\n\t\t\t\t\t<\/div>\n\t\t\t\t<\/div>\n\t\t<div data-particle_enable=\"false\" data-particle-mobile-disabled=\"false\" class=\"elementor-element elementor-element-cfc119b e-flex e-con-boxed e-con e-parent\" data-id=\"cfc119b\" data-element_type=\"container\" data-e-type=\"container\">\n\t\t\t\t\t<div class=\"e-con-inner\">\n\t\t<div data-particle_enable=\"false\" data-particle-mobile-disabled=\"false\" class=\"elementor-element elementor-element-fece8e8 e-con-full e-flex e-con e-child\" data-id=\"fece8e8\" data-element_type=\"container\" data-e-type=\"container\">\n\t\t\t\t<div class=\"elementor-element elementor-element-e8edb75 elementor-widget elementor-widget-text-editor\" data-id=\"e8edb75\" data-element_type=\"widget\" data-e-type=\"widget\" data-widget_type=\"text-editor.default\">\n\t\t\t\t<div class=\"elementor-widget-container\">\n\t\t\t\t\t\t\t\t\t<h3>Direcci\u00f3n:<\/h3><p>23522 Wilderness Oak, Ste 109<br>San Antonio, TX 78258<\/p><h3>Tel\u00e9fono:<\/h3><p>(210) 774 -4144<\/p><h3>Horario de oficina<\/h3><p><strong>Lun &#8211; <\/strong><strong>Jue:<\/strong> 7:30AM-4:30PM<br><strong>Vie <\/strong><strong>&#8211; Dom: <\/strong>CERRADO<\/p>\t\t\t\t\t\t\t\t<\/div>\n\t\t\t\t<\/div>\n\t\t\t\t<\/div>\n\t\t<div data-particle_enable=\"false\" data-particle-mobile-disabled=\"false\" class=\"elementor-element elementor-element-5c4c74d e-con-full e-flex e-con e-child\" data-id=\"5c4c74d\" data-element_type=\"container\" data-e-type=\"container\">\n\t\t\t\t<div class=\"elementor-element elementor-element-8ef8b03 elementor-widget elementor-widget-heading\" data-id=\"8ef8b03\" data-element_type=\"widget\" data-e-type=\"widget\" data-widget_type=\"heading.default\">\n\t\t\t\t<div class=\"elementor-widget-container\">\n\t\t\t\t\t<h3 class=\"elementor-heading-title elementor-size-default\">Env\u00edanos un correo electr\u00f3nico<\/h3>\t\t\t\t<\/div>\n\t\t\t\t<\/div>\n\t\t\t\t<div class=\"elementor-element elementor-element-3fde9ff elementor-button-align-stretch elementor-widget elementor-widget-form\" data-id=\"3fde9ff\" data-element_type=\"widget\" data-e-type=\"widget\" data-settings=\"{&quot;step_next_label&quot;:&quot;Siguiente&quot;,&quot;step_previous_label&quot;:&quot;Anterior&quot;,&quot;button_width&quot;:&quot;100&quot;,&quot;step_type&quot;:&quot;number_text&quot;,&quot;step_icon_shape&quot;:&quot;circle&quot;}\" data-widget_type=\"form.default\">\n\t\t\t\t<div class=\"elementor-widget-container\">\n\t\t\t\t\t\t\t<form class=\"elementor-form\" method=\"post\" name=\"Ubicaci\u00f3n de Wilderness Oak\" aria-label=\"Ubicaci\u00f3n de Wilderness Oak\">\n\t\t\t<input type=\"hidden\" name=\"post_id\" value=\"5970\"\/>\n\t\t\t<input type=\"hidden\" name=\"form_id\" value=\"3fde9ff\"\/>\n\t\t\t<input type=\"hidden\" name=\"referer_title\" value=\"Ubicaci\u00f3n de Wilderness Oak\" \/>\n\n\t\t\t\t\t\t\t<input type=\"hidden\" name=\"queried_id\" value=\"5970\"\/>\n\t\t\t\n\t\t\t<div class=\"elementor-form-fields-wrapper elementor-labels-above\">\n\t\t\t\t\t\t\t\t<div class=\"elementor-field-type-text elementor-field-group elementor-column elementor-field-group-name elementor-col-100\">\n\t\t\t\t\t\t\t\t\t\t\t\t<label for=\"form-field-name\" class=\"elementor-field-label\">\n\t\t\t\t\t\t\t\tNombre\t\t\t\t\t\t\t<\/label>\n\t\t\t\t\t\t\t\t\t\t\t\t\t\t<input size=\"1\" type=\"text\" name=\"form_fields[name]\" id=\"form-field-name\" class=\"elementor-field elementor-size-sm  elementor-field-textual\" placeholder=\"Nombre\">\n\t\t\t\t\t\t\t\t\t\t\t<\/div>\n\t\t\t\t\t\t\t\t<div class=\"elementor-field-type-email elementor-field-group elementor-column elementor-field-group-email elementor-col-100 elementor-field-required\">\n\t\t\t\t\t\t\t\t\t\t\t\t<label for=\"form-field-email\" class=\"elementor-field-label\">\n\t\t\t\t\t\t\t\tEnv\u00eda un correo electr\u00f3nico a\t\t\t\t\t\t\t<\/label>\n\t\t\t\t\t\t\t\t\t\t\t\t\t\t<input size=\"1\" type=\"email\" name=\"form_fields[email]\" id=\"form-field-email\" class=\"elementor-field elementor-size-sm  elementor-field-textual\" placeholder=\"Env\u00eda un correo electr\u00f3nico a\" required=\"required\">\n\t\t\t\t\t\t\t\t\t\t\t<\/div>\n\t\t\t\t\t\t\t\t<div class=\"elementor-field-type-textarea elementor-field-group elementor-column elementor-field-group-message elementor-col-100\">\n\t\t\t\t\t\t\t\t\t\t\t\t<label for=\"form-field-message\" class=\"elementor-field-label\">\n\t\t\t\t\t\t\t\tMensaje\t\t\t\t\t\t\t<\/label>\n\t\t\t\t\t\t<textarea class=\"elementor-field-textual elementor-field  elementor-size-sm\" name=\"form_fields[message]\" id=\"form-field-message\" rows=\"4\" placeholder=\"Mensaje\"><\/textarea>\t\t\t\t<\/div>\n\t\t\t\t\t\t\t\t<div class=\"elementor-field-group elementor-column elementor-field-type-submit elementor-col-100 e-form__buttons\">\n\t\t\t\t\t<button class=\"elementor-button elementor-size-sm\" type=\"submit\">\n\t\t\t\t\t\t<span class=\"elementor-button-content-wrapper\">\n\t\t\t\t\t\t\t\t\t\t\t\t\t\t\t\t\t\t\t\t\t\t<span class=\"elementor-button-text\">Env\u00eda<\/span>\n\t\t\t\t\t\t\t\t\t\t\t\t\t<\/span>\n\t\t\t\t\t<\/button>\n\t\t\t\t<\/div>\n\t\t\t<\/div>\n\t\t<\/form>\n\t\t\t\t\t\t<\/div>\n\t\t\t\t<\/div>\n\t\t\t\t<\/div>\n\t\t\t\t\t<\/div>\n\t\t\t\t<\/div>\n\t\t<div data-particle_enable=\"false\" data-particle-mobile-disabled=\"false\" class=\"elementor-element elementor-element-6a44b09 e-flex e-con-boxed e-con e-parent\" data-id=\"6a44b09\" data-element_type=\"container\" data-e-type=\"container\">\n\t\t\t\t\t<div class=\"e-con-inner\">\n\t\t\t\t<div class=\"elementor-element elementor-element-8b9cce3 elementor-widget elementor-widget-google_maps\" data-id=\"8b9cce3\" data-element_type=\"widget\" data-e-type=\"widget\" data-widget_type=\"google_maps.default\">\n\t\t\t\t<div class=\"elementor-widget-container\">\n\t\t\t\t\t\t\t<div class=\"elementor-custom-embed\">\n\t\t\t<iframe loading=\"lazy\"\n\t\t\t\t\tsrc=\"https:\/\/maps.google.com\/maps?q=Oak%20Tree%20Orthodontist%2C%2023522%20Wilderness%20Oak%2C%20San%20Antonio%2C%20TX%2078258&#038;t=m&#038;z=16&#038;output=embed&#038;iwloc=near\"\n\t\t\t\t\ttitle=\"Oak Tree Orthodontist, 23522 Wilderness Oak, San Antonio, TX 78258\"\n\t\t\t\t\taria-label=\"Oak Tree Orthodontist, 23522 Wilderness Oak, San Antonio, TX 78258\"\n\t\t\t><\/iframe>\n\t\t<\/div>\n\t\t\t\t\t\t<\/div>\n\t\t\t\t<\/div>\n\t\t\t\t\t<\/div>\n\t\t\t\t<\/div>\n\t\t\t\t<\/div>\n\t\t","protected":false},"excerpt":{"rendered":"<p>\u00a1Empezar tu experiencia hacia una sonrisa segura es f\u00e1cil! Programa tu consulta gratuita con Oak Tree Orthodontics. La Dra. Alexis Polczynski evaluar\u00e1 personalmente tus necesidades y te recomendar\u00e1 el mejor plan de tratamiento para ayudarte a conseguir una sonrisa sana y bonita hecha a tu medida. Valoramos tu tiempo, por eso nuestra oficina est\u00e1 abierta de lunes a [&hellip;]<\/p>\n","protected":false},"author":3,"featured_media":0,"parent":0,"menu_order":47,"comment_status":"closed","ping_status":"closed","template":"","meta":{"_seopress_robots_primary_cat":"","_seopress_titles_title":"Contacta con Oak Tree Orthodontics en San Antonio TX","_seopress_titles_desc":"Oak Tree Orthodontics en San Antonio, TX, es un proveedor de confianza de atenci\u00f3n ortod\u00f3ncica de m\u00e1xima calidad con frenillos y alineadores transparentes y planes de pago accesibles.","_seopress_robots_index":"","footnotes":""},"class_list":["post-5970","page","type-page","status-publish"],"_links":{"self":[{"href":"https:\/\/oaktreeorthodontics.com\/es\/wp-json\/wp\/v2\/pages\/5970","targetHints":{"allow":["GET"]}}],"collection":[{"href":"https:\/\/oaktreeorthodontics.com\/es\/wp-json\/wp\/v2\/pages"}],"about":[{"href":"https:\/\/oaktreeorthodontics.com\/es\/wp-json\/wp\/v2\/types\/page"}],"author":[{"embeddable":true,"href":"https:\/\/oaktreeorthodontics.com\/es\/wp-json\/wp\/v2\/users\/3"}],"replies":[{"embeddable":true,"href":"https:\/\/oaktreeorthodontics.com\/es\/wp-json\/wp\/v2\/comments?post=5970"}],"version-history":[{"count":5,"href":"https:\/\/oaktreeorthodontics.com\/es\/wp-json\/wp\/v2\/pages\/5970\/revisions"}],"predecessor-version":[{"id":6849,"href":"https:\/\/oaktreeorthodontics.com\/es\/wp-json\/wp\/v2\/pages\/5970\/revisions\/6849"}],"wp:attachment":[{"href":"https:\/\/oaktreeorthodontics.com\/es\/wp-json\/wp\/v2\/media?parent=5970"}],"curies":[{"name":"wp","href":"https:\/\/api.w.org\/{rel}","templated":true}]}}