{"id":5967,"date":"2024-12-02T23:27:36","date_gmt":"2024-12-02T23:27:36","guid":{"rendered":"https:\/\/oaktreeorthodontics.com\/todo-sobre-la-ortodoncia\/"},"modified":"2025-01-15T15:13:28","modified_gmt":"2025-01-15T15:13:28","slug":"todo-sobre-la-ortodoncia","status":"publish","type":"page","link":"https:\/\/oaktreeorthodontics.com\/es\/todo-sobre-la-ortodoncia\/","title":{"rendered":"Todo sobre la ortodoncia"},"content":{"rendered":"\t\t<div data-elementor-type=\"wp-page\" data-elementor-id=\"5967\" class=\"elementor elementor-5967 elementor-5172\" data-elementor-post-type=\"page\">\n\t\t\t\t\t\t<section data-particle_enable=\"false\" data-particle-mobile-disabled=\"false\" class=\"elementor-section elementor-top-section elementor-element elementor-element-72a7eb59 elementor-section-boxed elementor-section-height-default elementor-section-height-default\" data-id=\"72a7eb59\" data-element_type=\"section\" data-e-type=\"section\">\n\t\t\t\t\t\t<div class=\"elementor-container elementor-column-gap-default\">\n\t\t\t\t\t<div class=\"elementor-column elementor-col-100 elementor-top-column elementor-element elementor-element-20cb72fd\" data-id=\"20cb72fd\" data-element_type=\"column\" data-e-type=\"column\">\n\t\t\t<div class=\"elementor-widget-wrap elementor-element-populated\">\n\t\t\t\t\t\t<div class=\"elementor-element elementor-element-74e5f47f elementor-widget elementor-widget-text-editor\" data-id=\"74e5f47f\" data-element_type=\"widget\" data-e-type=\"widget\" data-widget_type=\"text-editor.default\">\n\t\t\t\t<div class=\"elementor-widget-container\">\n\t\t\t\t\t\t\t\t\t<h2>Cepillado e hilo dental con ortodoncia<\/h2>\n<p>El cepillado y el hilo dental son esenciales para mantener sanos los dientes y las enc\u00edas, sobre todo cuando llevas <a href=\"https:\/\/oaktreeorthodontics.com\/es\/opciones-de-tratamiento\/\">ortodoncia<\/a>. Los brackets y los alambres pueden hacer que la limpieza de los dientes sea m\u00e1s dif\u00edcil, pero es crucial ajustar tu rutina para mantener sana tu sonrisa a lo largo de tu viaje ortod\u00f3ncico. <\/p>\n<p>Los pacientes que descuidan una higiene bucal adecuada pueden necesitar visitar al dentista m\u00e1s a menudo para someterse a limpiezas profesionales. A los adultos con antecedentes de enfermedad de las enc\u00edas les recomendamos que acudan a un periodoncista durante el tratamiento de ortodoncia para garantizar una salud bucal \u00f3ptima. <\/p>\n<h5>Mira los siguientes v\u00eddeos instructivos para obtener consejos sobre c\u00f3mo cuidar eficazmente tus aparatos.<\/h5>\n\t\t\t\t\t\t\t\t<\/div>\n\t\t\t\t<\/div>\n\t\t\t\t<div class=\"elementor-element elementor-element-962d987 elementor-widget elementor-widget-video\" data-id=\"962d987\" data-element_type=\"widget\" data-e-type=\"widget\" data-settings=\"{&quot;youtube_url&quot;:&quot;https:\\\/\\\/youtu.be\\\/obuCKwrlfbM&quot;,&quot;video_type&quot;:&quot;youtube&quot;,&quot;controls&quot;:&quot;yes&quot;}\" data-widget_type=\"video.default\">\n\t\t\t\t<div class=\"elementor-widget-container\">\n\t\t\t\t\t\t\t<div class=\"elementor-wrapper elementor-open-inline\">\n\t\t\t<div class=\"elementor-video\"><\/div>\t\t<\/div>\n\t\t\t\t\t\t<\/div>\n\t\t\t\t<\/div>\n\t\t\t\t\t<\/div>\n\t\t<\/div>\n\t\t\t\t\t<\/div>\n\t\t<\/section>\n\t\t\t\t<section data-particle_enable=\"false\" data-particle-mobile-disabled=\"false\" class=\"elementor-section elementor-top-section elementor-element elementor-element-59489146 elementor-section-boxed elementor-section-height-default elementor-section-height-default\" data-id=\"59489146\" data-element_type=\"section\" data-e-type=\"section\">\n\t\t\t\t\t\t<div class=\"elementor-container elementor-column-gap-default\">\n\t\t\t\t\t<div class=\"elementor-column elementor-col-100 elementor-top-column elementor-element elementor-element-696be8b1\" data-id=\"696be8b1\" data-element_type=\"column\" data-e-type=\"column\">\n\t\t\t<div class=\"elementor-widget-wrap elementor-element-populated\">\n\t\t\t\t\t\t<div class=\"elementor-element elementor-element-664ce727 elementor-widget elementor-widget-text-editor\" data-id=\"664ce727\" data-element_type=\"widget\" data-e-type=\"widget\" data-widget_type=\"text-editor.default\">\n\t\t\t\t<div class=\"elementor-widget-container\">\n\t\t\t\t\t\t\t\t\t<h2>Comer con ortodoncia<\/h2>\n<p>Una de las preguntas m\u00e1s frecuentes que o\u00edmos es: \u00ab\u00bfPuedo comer mis alimentos favoritos con ortodoncia?\u00bb. La buena noticia es que puedes seguir disfrutando de una amplia variedad de alimentos, pero tendr\u00e1s que ajustar tus elecciones, sobre todo justo despu\u00e9s de un ajuste. Durante los dos primeros d\u00edas despu\u00e9s de un ajuste, es mejor que te limites a alimentos blandos que no supongan una carga adicional para los aparatos. A medida que pase el tiempo, podr\u00e1s disfrutar de una gama m\u00e1s amplia de alimentos. Sin embargo, recuerda tener cuidado con lo que comes para proteger los aparatos.    <\/p>\n<h3>Alimentos que debes evitar<\/h3>\n<ul>\n<li><strong>Alimentos masticables<\/strong>: caramelos blandos, panecillos, panecillos duros<\/li>\n<li><strong>Alimentos crujientes<\/strong>: patatas fritas, cubitos de hielo, pretzels<\/li>\n<li><strong>Alimentos pegajosos<\/strong>: caramelos de goma, caramelo, taffy<\/li>\n<li><strong>Alimentos duros<\/strong>: caramelos duros, palomitas de ma\u00edz, frutos secos crudos<\/li>\n<li><strong>Alimentos que requieren morder<\/strong>: manzanas, zanahorias, mazorcas de ma\u00edz<\/li>\n<\/ul>\n<p>Evita tambi\u00e9n masticar objetos no comestibles, como bol\u00edgrafos o u\u00f1as, porque pueden da\u00f1ar los aparatos. Los aparatos da\u00f1ados pueden provocar retrasos en el tratamiento y citas adicionales. <\/p>\n\t\t\t\t\t\t\t\t<\/div>\n\t\t\t\t<\/div>\n\t\t\t\t<div class=\"elementor-element elementor-element-d1b717c elementor-widget elementor-widget-video\" data-id=\"d1b717c\" data-element_type=\"widget\" data-e-type=\"widget\" data-settings=\"{&quot;youtube_url&quot;:&quot;https:\\\/\\\/youtu.be\\\/AJQOjr6s6pM&quot;,&quot;video_type&quot;:&quot;youtube&quot;,&quot;controls&quot;:&quot;yes&quot;}\" data-widget_type=\"video.default\">\n\t\t\t\t<div class=\"elementor-widget-container\">\n\t\t\t\t\t\t\t<div class=\"elementor-wrapper elementor-open-inline\">\n\t\t\t<div class=\"elementor-video\"><\/div>\t\t<\/div>\n\t\t\t\t\t\t<\/div>\n\t\t\t\t<\/div>\n\t\t\t\t\t<\/div>\n\t\t<\/div>\n\t\t\t\t\t<\/div>\n\t\t<\/section>\n\t\t\t\t<section data-particle_enable=\"false\" data-particle-mobile-disabled=\"false\" class=\"elementor-section elementor-top-section elementor-element elementor-element-58b0de5 elementor-section-boxed elementor-section-height-default elementor-section-height-default\" data-id=\"58b0de5\" data-element_type=\"section\" data-e-type=\"section\">\n\t\t\t\t\t\t<div class=\"elementor-container elementor-column-gap-default\">\n\t\t\t\t\t<div class=\"elementor-column elementor-col-100 elementor-top-column elementor-element elementor-element-6c20762a\" data-id=\"6c20762a\" data-element_type=\"column\" data-e-type=\"column\">\n\t\t\t<div class=\"elementor-widget-wrap elementor-element-populated\">\n\t\t\t\t\t\t<div class=\"elementor-element elementor-element-1d8e0039 elementor-widget elementor-widget-text-editor\" data-id=\"1d8e0039\" data-element_type=\"widget\" data-e-type=\"widget\" data-widget_type=\"text-editor.default\">\n\t\t\t\t<div class=\"elementor-widget-container\">\n\t\t\t\t\t\t\t\t\t<h2>Dolor general  <\/h2>\n<p>Experimentar dolor en la boca y sensibilidad en los dientes es normal, sobre todo en los primeros 3 a 5 d\u00edas despu\u00e9s de ponerte los aparatos. Estas molestias son temporales y se producen cuando los dientes empiezan a moverse. Para aliviar el dolor, los medicamentos sin receta, como el Tylenol, pueden ayudar a aliviar las molestias.  <\/p>\n<p>Adem\u00e1s, tus labios, mejillas y lengua pueden irritarse mientras se adaptan a los nuevos aparatos. Esto es habitual y suele durar entre una y dos semanas. Para minimizar la irritaci\u00f3n, proporcionamos cera ortod\u00f3ncica que puede colocarse sobre los brackets para ofrecer alivio.  <\/p>\n<h2>Desgaste de la goma el\u00e1stica<\/h2>\n<p>Para que el tratamiento de ortodoncia sea lo m\u00e1s eficaz posible, es esencial que sigas las instrucciones de tu ortodoncista, sobre todo en lo que respecta a las gomas el\u00e1sticas y otros aparatos. Estas herramientas ayudan a mover los dientes y la mand\u00edbula a sus posiciones correctas. Si se llevan con regularidad, las gomas pueden acelerar considerablemente el tratamiento. No llevarlas seg\u00fan lo prescrito o da\u00f1ar los aparatos puede alargar el tratamiento, as\u00ed que s\u00e9 diligente y sigue las indicaciones de tu ortodoncista.   <\/p>\n<h2>Alambre o banda sueltos<\/h2>\n<p>Ocasionalmente, puede aflojarse un alambre o una cinta. Si esto ocurre, no te alarmes. En muchos casos, tiene f\u00e1cil arreglo. Si un alambre te irrita, utiliza un objeto romo, como el extremo de la goma de borrar de un l\u00e1piz, para empujar suavemente el alambre de vuelta a su sitio. Int\u00e9ntalo s\u00f3lo si la molestia persiste a pesar de usar cera ortod\u00f3ncica. Utiliza m\u00e1s cera o algod\u00f3n h\u00famedo para aliviar las molestias si la irritaci\u00f3n contin\u00faa.     <\/p>\n<p>Aseg\u00farate de <a href=\"https:\/\/oaktreeorthodontics.com\/es\/ubicacion-del-roble-silvestre\/\">ponerte en contacto con nuestra consulta<\/a> lo antes posible para concertar una <a href=\"https:\/\/oaktreeorthodontics.com\/es\/pide-una-cita\/\">cita<\/a>, de modo que podamos solucionar el problema y garantizar que tu tratamiento contin\u00fae seg\u00fan lo previsto.<\/p>\n<h2>Aflojamiento de los dientes<\/h2>\n<p>Es perfectamente normal que tus dientes se sientan un poco flojos a veces durante el tratamiento. Aunque te resulte extra\u00f1o, es una parte natural del proceso. Los dientes deben aflojarse para moverse a sus nuevas posiciones corregidas. Una vez finalizado el tratamiento, tus dientes se asentar\u00e1n en sus nuevas posiciones, m\u00e1s firmes.   <\/p>\n<h2>Atletismo y aparatos ortop\u00e9dicos<\/h2>\n<p>Si haces deporte, sobre todo deportes de contacto, es importante que nos lo comuniques. Llevar un protector bucal puede ayudar a proteger tus aparatos y dientes de lesiones mientras juegas. \u00a1Aseg\u00farate de llevar el protector bucal durante todas las actividades deportivas!  <\/p>\n\t\t\t\t\t\t\t\t<\/div>\n\t\t\t\t<\/div>\n\t\t\t\t\t<\/div>\n\t\t<\/div>\n\t\t\t\t\t<\/div>\n\t\t<\/section>\n\t\t\t\t<\/div>\n\t\t","protected":false},"excerpt":{"rendered":"<p>Cepillado e hilo dental con ortodoncia El cepillado y el hilo dental son esenciales para mantener sanos los dientes y las enc\u00edas, sobre todo cuando llevas ortodoncia. Los brackets y los alambres pueden hacer que la limpieza de los dientes sea m\u00e1s dif\u00edcil, pero es crucial ajustar tu rutina para mantener sana tu sonrisa a lo largo de [&hellip;]<\/p>\n","protected":false},"author":3,"featured_media":0,"parent":0,"menu_order":27,"comment_status":"closed","ping_status":"closed","template":"","meta":{"_seopress_robots_primary_cat":"","_seopress_titles_title":"Todo sobre la ortodoncia en San Antonio TX | Oak Tree Orthodontics","_seopress_titles_desc":"Oak Tree Orthodontics comparte consejos para el cuidado de los aparatos, como t\u00e9cnicas de cepillado y uso del hilo dental, pr\u00e1cticas alimentarias seguras y uso de protectores bucales para una sonrisa sana.","_seopress_robots_index":"","footnotes":""},"class_list":["post-5967","page","type-page","status-publish"],"_links":{"self":[{"href":"https:\/\/oaktreeorthodontics.com\/es\/wp-json\/wp\/v2\/pages\/5967","targetHints":{"allow":["GET"]}}],"collection":[{"href":"https:\/\/oaktreeorthodontics.com\/es\/wp-json\/wp\/v2\/pages"}],"about":[{"href":"https:\/\/oaktreeorthodontics.com\/es\/wp-json\/wp\/v2\/types\/page"}],"author":[{"embeddable":true,"href":"https:\/\/oaktreeorthodontics.com\/es\/wp-json\/wp\/v2\/users\/3"}],"replies":[{"embeddable":true,"href":"https:\/\/oaktreeorthodontics.com\/es\/wp-json\/wp\/v2\/comments?post=5967"}],"version-history":[{"count":2,"href":"https:\/\/oaktreeorthodontics.com\/es\/wp-json\/wp\/v2\/pages\/5967\/revisions"}],"predecessor-version":[{"id":6209,"href":"https:\/\/oaktreeorthodontics.com\/es\/wp-json\/wp\/v2\/pages\/5967\/revisions\/6209"}],"wp:attachment":[{"href":"https:\/\/oaktreeorthodontics.com\/es\/wp-json\/wp\/v2\/media?parent=5967"}],"curies":[{"name":"wp","href":"https:\/\/api.w.org\/{rel}","templated":true}]}}