{"id":5965,"date":"2024-12-10T00:23:07","date_gmt":"2024-12-10T00:23:07","guid":{"rendered":"https:\/\/oaktreeorthodontics.com\/formularios-para-pacientes\/"},"modified":"2025-01-15T15:02:25","modified_gmt":"2025-01-15T15:02:25","slug":"formularios-para-pacientes","status":"publish","type":"page","link":"https:\/\/oaktreeorthodontics.com\/es\/formularios-para-pacientes\/","title":{"rendered":"Formularios para pacientes"},"content":{"rendered":"\t\t<div data-elementor-type=\"wp-page\" data-elementor-id=\"5965\" class=\"elementor elementor-5965 elementor-5345\" data-elementor-post-type=\"page\">\n\t\t\t\t<div data-particle_enable=\"false\" data-particle-mobile-disabled=\"false\" class=\"elementor-element elementor-element-515cdb0 e-flex e-con-boxed e-con e-parent\" data-id=\"515cdb0\" data-element_type=\"container\" data-e-type=\"container\">\n\t\t\t\t\t<div class=\"e-con-inner\">\n\t\t\t\t<div class=\"elementor-element elementor-element-3178089 elementor-widget elementor-widget-text-editor\" data-id=\"3178089\" data-element_type=\"widget\" data-e-type=\"widget\" data-widget_type=\"text-editor.default\">\n\t\t\t\t<div class=\"elementor-widget-container\">\n\t\t\t\t\t\t\t\t\t<div class=\"elementor-element elementor-element-4c66a9f e-flex e-con-boxed e-con e-parent e-lazyloaded\" data-particle_enable=\"false\" data-particle-mobile-disabled=\"false\" data-id=\"4c66a9f\" data-element_type=\"container\">\n<div class=\"e-con-inner\">\n<div class=\"elementor-element elementor-element-bf4edd7 elementor-widget elementor-widget-text-editor\" data-id=\"bf4edd7\" data-element_type=\"widget\" data-widget_type=\"text-editor.default\">\n<div class=\"elementor-widget-container\">\n<div class=\"sie-forms_1 se \" data-sid=\"forms_1\">\n<p class=\"se-t sie-forms_1-text st-m-paragraph st-d-paragraph se-rc\">Ahorra tiempo en tu primera visita rellenando el siguiente formulario y <span style=\"text-align: var(--text-align); color: var( --e-global-color-text ); font-size: 1em;\">llev\u00e1ndolo contigo a tu <a href=\"https:\/\/oaktreeorthodontics.com\/es\/primera-visita\/\">consulta inicial<\/a>. Rellenando estos formularios de paciente por adelantado, nos ayudar\u00e1s a comprender mejor tus necesidades ortod\u00f3ncicas particulares y a garantizar una experiencia m\u00e1s fluida. <\/span> <\/p>\n<p class=\"se-t sie-forms_1-text st-m-paragraph st-d-paragraph se-rc\"><span style=\"text-align: var(--text-align); color: var( --e-global-color-text ); font-size: 1em;\">Nos comprometemos a proporcionarte una atenci\u00f3n personalizada desde el momento en que entres en nuestra consulta. Nuestro objetivo es hacer que tu viaje ortod\u00f3ncico sea lo m\u00e1s c\u00f3modo y eficiente posible, asegur\u00e1ndonos de que recibas una atenci\u00f3n de la m\u00e1xima calidad en cada paso del camino.<\/span><\/p>\n<\/div>\n<\/div>\n<\/div>\n<\/div>\n<\/div>\n\t\t\t\t\t\t\t\t<\/div>\n\t\t\t\t<\/div>\n\t\t\t\t<div class=\"elementor-element elementor-element-0748c4a elementor-widget elementor-widget-button\" data-id=\"0748c4a\" data-element_type=\"widget\" data-e-type=\"widget\" data-widget_type=\"button.default\">\n\t\t\t\t<div class=\"elementor-widget-container\">\n\t\t\t\t\t\t\t\t\t<div class=\"elementor-button-wrapper\">\n\t\t\t\t\t<a class=\"elementor-button elementor-button-link elementor-size-sm\" href=\"https:\/\/oaktreeorthodontics.com\/wp-content\/uploads\/2024\/12\/OTO-New-Pt-Form.pdf\" target=\"_blank\">\n\t\t\t\t\t\t<span class=\"elementor-button-content-wrapper\">\n\t\t\t\t\t\t\t\t\t<span class=\"elementor-button-text\">Formulario para pacientes nuevos<\/span>\n\t\t\t\t\t<\/span>\n\t\t\t\t\t<\/a>\n\t\t\t\t<\/div>\n\t\t\t\t\t\t\t\t<\/div>\n\t\t\t\t<\/div>\n\t\t\t\t\t<\/div>\n\t\t\t\t<\/div>\n\t\t\t\t<\/div>\n\t\t","protected":false},"excerpt":{"rendered":"<p>Ahorra tiempo en tu primera visita rellenando el siguiente formulario y llev\u00e1ndolo contigo a tu consulta inicial. Rellenando estos formularios de paciente por adelantado, nos ayudar\u00e1s a comprender mejor tus necesidades ortod\u00f3ncicas particulares y a garantizar una experiencia m\u00e1s fluida. Nos comprometemos a proporcionarte una atenci\u00f3n personalizada desde el momento en que entres en nuestra consulta. Nuestro objetivo [&hellip;]<\/p>\n","protected":false},"author":3,"featured_media":0,"parent":0,"menu_order":22,"comment_status":"closed","ping_status":"closed","template":"","meta":{"_seopress_robots_primary_cat":"","_seopress_titles_title":"Formularios para pacientes | Oak Tree Orthodontics en San Antonio TX","_seopress_titles_desc":"Completa tus formularios de paciente en l\u00ednea antes de tu primera visita a Oak Tree Orthodontics en San Antonio, TX, para una experiencia de ortodoncia m\u00e1s fluida y eficiente.","_seopress_robots_index":"","footnotes":""},"class_list":["post-5965","page","type-page","status-publish"],"_links":{"self":[{"href":"https:\/\/oaktreeorthodontics.com\/es\/wp-json\/wp\/v2\/pages\/5965","targetHints":{"allow":["GET"]}}],"collection":[{"href":"https:\/\/oaktreeorthodontics.com\/es\/wp-json\/wp\/v2\/pages"}],"about":[{"href":"https:\/\/oaktreeorthodontics.com\/es\/wp-json\/wp\/v2\/types\/page"}],"author":[{"embeddable":true,"href":"https:\/\/oaktreeorthodontics.com\/es\/wp-json\/wp\/v2\/users\/3"}],"replies":[{"embeddable":true,"href":"https:\/\/oaktreeorthodontics.com\/es\/wp-json\/wp\/v2\/comments?post=5965"}],"version-history":[{"count":1,"href":"https:\/\/oaktreeorthodontics.com\/es\/wp-json\/wp\/v2\/pages\/5965\/revisions"}],"predecessor-version":[{"id":5968,"href":"https:\/\/oaktreeorthodontics.com\/es\/wp-json\/wp\/v2\/pages\/5965\/revisions\/5968"}],"wp:attachment":[{"href":"https:\/\/oaktreeorthodontics.com\/es\/wp-json\/wp\/v2\/media?parent=5965"}],"curies":[{"name":"wp","href":"https:\/\/api.w.org\/{rel}","templated":true}]}}