{"id":5964,"date":"2017-04-28T01:33:48","date_gmt":"2017-04-28T01:33:48","guid":{"rendered":"https:\/\/oaktreeorthodontics.com\/ortodoncia-para-adultos\/"},"modified":"2025-01-11T02:20:56","modified_gmt":"2025-01-11T02:20:56","slug":"ortodoncia-para-adultos","status":"publish","type":"page","link":"https:\/\/oaktreeorthodontics.com\/es\/ortodoncia-para-adultos\/","title":{"rendered":"Ortodoncia para adultos"},"content":{"rendered":"\t\t<div data-elementor-type=\"wp-page\" data-elementor-id=\"5964\" class=\"elementor elementor-5964 elementor-3078\" data-elementor-post-type=\"page\">\n\t\t\t\t\t\t<section data-particle_enable=\"false\" data-particle-mobile-disabled=\"false\" class=\"elementor-section elementor-top-section elementor-element elementor-element-4a1432a6 elementor-section-boxed elementor-section-height-default elementor-section-height-default\" data-id=\"4a1432a6\" data-element_type=\"section\" data-e-type=\"section\">\n\t\t\t\t\t\t<div class=\"elementor-container elementor-column-gap-default\">\n\t\t\t\t\t<div class=\"elementor-column elementor-col-100 elementor-top-column elementor-element elementor-element-5fb35f01\" data-id=\"5fb35f01\" data-element_type=\"column\" data-e-type=\"column\">\n\t\t\t<div class=\"elementor-widget-wrap elementor-element-populated\">\n\t\t\t\t\t\t<div class=\"elementor-element elementor-element-20f359cc elementor-widget elementor-widget-text-editor\" data-id=\"20f359cc\" data-element_type=\"widget\" data-e-type=\"widget\" data-widget_type=\"text-editor.default\">\n\t\t\t\t<div class=\"elementor-widget-container\">\n\t\t\t\t\t\t\t\t\t<section class=\"elementor-section elementor-top-section elementor-element elementor-element-a18dd7e elementor-section-boxed elementor-section-height-default elementor-section-height-default\" data-id=\"a18dd7e\" data-element_type=\"section\">\n<div class=\"elementor-container elementor-column-gap-default\">\n<div class=\"elementor-column elementor-col-100 elementor-top-column elementor-element elementor-element-4adb018a\" data-id=\"4adb018a\" data-element_type=\"column\">\n<div class=\"elementor-widget-wrap elementor-element-populated\">\n<div class=\"elementor-element elementor-element-2240f0b0 elementor-widget elementor-widget-text-editor\" data-id=\"2240f0b0\" data-element_type=\"widget\" data-widget_type=\"text-editor.default\">\n<div class=\"elementor-widget-container\">\n<section class=\"elementor-section elementor-top-section elementor-element elementor-element-a18dd7e elementor-section-boxed elementor-section-height-default elementor-section-height-default\" data-id=\"a18dd7e\" data-element_type=\"section\">\n<div class=\"elementor-container elementor-column-gap-default\">\n<div class=\"elementor-column elementor-col-100 elementor-top-column elementor-element elementor-element-4adb018a\" data-id=\"4adb018a\" data-element_type=\"column\">\n<div class=\"elementor-widget-wrap elementor-element-populated\">\n<div class=\"elementor-element elementor-element-2240f0b0 elementor-widget elementor-widget-text-editor\" data-id=\"2240f0b0\" data-element_type=\"widget\" data-widget_type=\"text-editor.default\">\n<div class=\"elementor-widget-container\">\n<p>El tratamiento de ortodoncia ya no es s\u00f3lo para <a href=\"https:\/\/oaktreeorthodontics.com\/es\/ortodoncia-en-adolescentes\/\">adolescentes<\/a>. De hecho, la Asociaci\u00f3n Americana de Ortodoncistas informa de que uno de cada cinco pacientes de ortodoncia tiene m\u00e1s de 21 a\u00f1os. Cada vez m\u00e1s adultos de San Antonio, TX, eligen la ortodoncia porque reconocen la importancia de mantener su salud y desean mejorar su aspecto.  <\/p>\n<p>Ya sea por motivos de salud o por objetivos est\u00e9ticos, los adultos de todo el mundo se someten a tratamientos de ortodoncia, y ahora t\u00fa tambi\u00e9n puedes hacerlo. Deja que te ayudemos a conseguir una sonrisa que te permita ser lo mejor de ti mismo. <\/p>\n<h2>Por qu\u00e9 los adultos de San Antonio, TX, eligen el tratamiento de ortodoncia en Oak Tree Orthodontics<\/h2>\n<ul>\n<li><strong>Maloclusi\u00f3n (mala mordida)<\/strong>: Los dientes que no encajan correctamente pueden provocar problemas dentales a largo plazo.<\/li>\n<li><strong>Dientes api\u00f1ados o separados<\/strong>: Los dientes desalineados pueden contribuir a problemas como las caries y las enfermedades de las enc\u00edas.<\/li>\n<li><strong>Dolor o presi\u00f3n en la mand\u00edbula<\/strong>: Los dientes torcidos pueden provocar molestias en la mand\u00edbula o la cara.<\/li>\n<li><strong>Deseo de una boca m\u00e1s sana y una sonrisa m\u00e1s segura<\/strong>: Muchos adultos eligen el tratamiento para mejorar su salud bucal y aumentar su confianza.<\/li>\n<\/ul>\n<h2>Opciones de tratamiento para adultos en Oak Tree Orthodontics<\/h2>\n<p>Aunque la idea de los aparatos met\u00e1licos puede parecer poco atractiva para algunos, el tratamiento ortod\u00f3ncico moderno ofrece una serie de opciones c\u00f3modas, discretas y personalizadas para tus necesidades. Algunas de las opciones disponibles en Oak Tree Orthodontics son: <\/p>\n<ul>\n<li><a href=\"https:\/\/oaktreeorthodontics.com\/es\/invisalign\/\"><strong>Alineadores transparentes<\/strong><\/a>: Alineadores transparentes discretos, pr\u00e1cticamente invisibles y f\u00e1ciles de quitar.<\/li>\n<li><a href=\"https:\/\/oaktreeorthodontics.com\/es\/opciones-de-tratamiento\/\"><strong>Brackets transparente<\/strong><\/a>: Una alternativa menos perceptible a los brackets met\u00e1licos tradicionales.<\/li>\n<li><a href=\"https:\/\/oaktreeorthodontics.com\/es\/opciones-de-tratamiento\/\"><strong>Brackets met\u00e1licos tradicionales<\/strong><\/a>: Duraderos y eficaces para todas las edades.<\/li>\n<\/ul>\n<h2>\u00bfPor qu\u00e9 deber\u00edas plantearte un tratamiento de ortodoncia en Oak Tree Orthodontics?<\/h2>\n<ul>\n<li>Los <strong>dientes rectos son dientes sanos<\/strong>: Los dientes bien alineados son m\u00e1s f\u00e1ciles de limpiar y ayudan a prevenir otros problemas de salud, como enfermedades de las enc\u00edas o caries.<\/li>\n<li><strong>Una sonrisa recta y bonita aumenta la confianza<\/strong>: El tratamiento de ortodoncia puede mejorar tu autoestima, d\u00e1ndote la libertad de sonre\u00edr con confianza.<\/li>\n<li><strong>Evita problemas de salud a largo plazo<\/strong>: No tratar los dientes desalineados cuando es necesario puede dar lugar a complicaciones posteriores, que te costar\u00e1n m\u00e1s a largo plazo.<\/li>\n<\/ul>\n<p>Para saber m\u00e1s sobre las ventajas de la ortodoncia para adultos, <a href=\"https:\/\/oaktreeorthodontics.com\/es\/ubicacion-del-roble-silvestre\/\">ponte en contacto con nosotros<\/a> hoy mismo para programar una <a href=\"https:\/\/oaktreeorthodontics.com\/es\/pide-una-cita\/\">consulta<\/a> gratuita con la <a href=\"https:\/\/oaktreeorthodontics.com\/es\/conoce-al-dr-alexis-polczynski\/\">Dra. Alexis Polczynski<\/a>. Entendemos tu apretada agenda y trabajaremos contigo para asegurarnos de que cada visita al consultorio sea lo m\u00e1s c\u00f3moda posible. <\/p>\n<\/div>\n<\/div>\n<\/div>\n<\/div>\n<\/div>\n<\/section>\n<\/div>\n<\/div>\n<\/div>\n<\/div>\n<\/div>\n<\/section>\n\t\t\t\t\t\t\t\t<\/div>\n\t\t\t\t<\/div>\n\t\t\t\t\t<\/div>\n\t\t<\/div>\n\t\t\t\t\t<\/div>\n\t\t<\/section>\n\t\t\t\t<\/div>\n\t\t","protected":false},"excerpt":{"rendered":"<p>El tratamiento de ortodoncia ya no es s\u00f3lo para adolescentes. De hecho, la Asociaci\u00f3n Americana de Ortodoncistas informa de que uno de cada cinco pacientes de ortodoncia tiene m\u00e1s de 21 a\u00f1os. Cada vez m\u00e1s adultos de San Antonio, TX, eligen la ortodoncia porque reconocen la importancia de mantener su salud y desean mejorar su aspecto. Ya sea [&hellip;]<\/p>\n","protected":false},"author":3,"featured_media":0,"parent":0,"menu_order":34,"comment_status":"closed","ping_status":"closed","template":"","meta":{"_seopress_robots_primary_cat":"","_seopress_titles_title":"Ortodoncia para adultos San Antonio TX | Oak Tree Orthodontics","_seopress_titles_desc":"Oak Tree Orthodontics ofrece tratamiento de ortodoncia para adultos para mejorar la salud bucal con atenci\u00f3n personalizada a tus necesidades para una sonrisa m\u00e1s saludable en San Antonio, TX.","_seopress_robots_index":"","footnotes":""},"class_list":["post-5964","page","type-page","status-publish"],"_links":{"self":[{"href":"https:\/\/oaktreeorthodontics.com\/es\/wp-json\/wp\/v2\/pages\/5964","targetHints":{"allow":["GET"]}}],"collection":[{"href":"https:\/\/oaktreeorthodontics.com\/es\/wp-json\/wp\/v2\/pages"}],"about":[{"href":"https:\/\/oaktreeorthodontics.com\/es\/wp-json\/wp\/v2\/types\/page"}],"author":[{"embeddable":true,"href":"https:\/\/oaktreeorthodontics.com\/es\/wp-json\/wp\/v2\/users\/3"}],"replies":[{"embeddable":true,"href":"https:\/\/oaktreeorthodontics.com\/es\/wp-json\/wp\/v2\/comments?post=5964"}],"version-history":[{"count":3,"href":"https:\/\/oaktreeorthodontics.com\/es\/wp-json\/wp\/v2\/pages\/5964\/revisions"}],"predecessor-version":[{"id":6113,"href":"https:\/\/oaktreeorthodontics.com\/es\/wp-json\/wp\/v2\/pages\/5964\/revisions\/6113"}],"wp:attachment":[{"href":"https:\/\/oaktreeorthodontics.com\/es\/wp-json\/wp\/v2\/media?parent=5964"}],"curies":[{"name":"wp","href":"https:\/\/api.w.org\/{rel}","templated":true}]}}