{"id":5961,"date":"2024-12-03T13:54:32","date_gmt":"2024-12-03T13:54:32","guid":{"rendered":"https:\/\/oaktreeorthodontics.com\/coste-de-invisalign\/"},"modified":"2025-01-16T20:07:14","modified_gmt":"2025-01-16T20:07:14","slug":"coste-de-invisalign","status":"publish","type":"page","link":"https:\/\/oaktreeorthodontics.com\/es\/coste-de-invisalign\/","title":{"rendered":"Precio de Invisalign"},"content":{"rendered":"\t\t<div data-elementor-type=\"wp-page\" data-elementor-id=\"5961\" class=\"elementor elementor-5961 elementor-5187\" data-elementor-post-type=\"page\">\n\t\t\t\t<div data-particle_enable=\"false\" data-particle-mobile-disabled=\"false\" class=\"elementor-element elementor-element-cc1d143 e-flex e-con-boxed e-con e-parent\" data-id=\"cc1d143\" data-element_type=\"container\" data-e-type=\"container\">\n\t\t\t\t\t<div class=\"e-con-inner\">\n\t\t\t\t<div class=\"elementor-element elementor-element-2743e61 elementor-widget elementor-widget-text-editor\" data-id=\"2743e61\" data-element_type=\"widget\" data-e-type=\"widget\" data-widget_type=\"text-editor.default\">\n\t\t\t\t<div class=\"elementor-widget-container\">\n\t\t\t\t\t\t\t\t\t<p>Imagina la confianza que da una sonrisa radiante y recta. Es verdaderamente transformadora. Una sonrisa sana y alineada no s\u00f3lo mejora tu aspecto, sino que tambi\u00e9n aumenta tu autoestima, mejora tu salud bucodental y favorece tu bienestar mental. Cuando inviertes en tu sonrisa, est\u00e1s haciendo un compromiso contigo mismo que te ofrece beneficios para toda la vida.   <\/p>\n<p>En Oak Tree Orthodontics creemos que todo el mundo merece sentirse seguro de su sonrisa. Cada vez que expresas esa confianza al mundo, est\u00e1s presentando tu mejor yo. As\u00ed que, \u00bfa qu\u00e9 esperas para hacer esta mejora que te cambiar\u00e1 la vida?  <\/p>\n<h2>\u00bfCu\u00e1nto cuesta Invisalign?<\/h2>\n<p>El coste del tratamiento Invisalign depende de varios factores, entre ellos:<\/p>\n<ul>\n<li>La complejidad de los problemas que hay que corregir<\/li>\n<li>La duraci\u00f3n de tu plan de tratamiento<\/li>\n<li>Los detalles del tratamiento personalizado prescrito por la Dra. Alexis Polczynski<\/li>\n<\/ul>\n<p>En Oak Tree Orthodontics, nos comprometemos a hacer que Invisalign sea accesible y asequible porque sabemos lo transformadora que puede ser una sonrisa segura.<\/p>\n<h2>Opciones de pago que se adaptan a tu vida<\/h2>\n<p>La sonrisa de tus sue\u00f1os no deber\u00eda estar fuera de tu alcance. Por eso ofrecemos soluciones de pago flexibles adaptadas a tus necesidades: <\/p>\n<ul>\n<li>Opciones de pago inicial bajo o nulo para facilitar el inicio del tratamiento<\/li>\n<li>Planes de pago mensual sin intereses dise\u00f1ados para ajustarse a tu presupuesto<\/li>\n<li>Modalidades de pago personalizadas compatibles con los Planes Flex o las Cuentas de Ahorro Sanitario (HSA)<\/li>\n<li>Acepta c\u00f3modamente la mayor\u00eda de las principales tarjetas de cr\u00e9dito<\/li>\n<\/ul>\n<p>Trabajaremos contigo para crear un plan financiero que se ajuste a tu estilo de vida, para que nada se interponga entre t\u00fa y la sonrisa que mereces.<\/p>\n<h2>\u00bfEl seguro cubre Invisalign?<\/h2>\n<p>Si tu plan de seguro dental incluye tratamiento de ortodoncia, tambi\u00e9n puede cubrir Invisalign. Muchos planes ofrecen cobertura parcial, lo que puede reducir mucho tus gastos de bolsillo.   <\/p>\n<p>El equipo de Oak Tree Orthodontics est\u00e1 aqu\u00ed para ayudarte a navegar por los detalles de tu seguro, asegur\u00e1ndose de que aprovechas al m\u00e1ximo tus ventajas. Deja que nos encarguemos de las complejidades del proceso mientras t\u00fa te concentras en conseguir la sonrisa de tus sue\u00f1os. <\/p>\n\t\t\t\t\t\t\t\t<\/div>\n\t\t\t\t<\/div>\n\t\t\t\t\t<\/div>\n\t\t\t\t<\/div>\n\t\t\t\t<\/div>\n\t\t","protected":false},"excerpt":{"rendered":"<p>Imagina la confianza que da una sonrisa radiante y recta. Es verdaderamente transformadora. Una sonrisa sana y alineada no s\u00f3lo mejora tu aspecto, sino que tambi\u00e9n aumenta tu autoestima, mejora tu salud bucodental y favorece tu bienestar mental. Cuando inviertes en tu sonrisa, est\u00e1s haciendo un compromiso contigo mismo que te ofrece beneficios para toda la vida. En [&hellip;]<\/p>\n","protected":false},"author":3,"featured_media":0,"parent":0,"menu_order":45,"comment_status":"closed","ping_status":"closed","template":"","meta":{"_seopress_robots_primary_cat":"","_seopress_titles_title":"Precio de Invisalign San Antonio TX | Oak Tree Orthodontics","_seopress_titles_desc":"La ortodoncista Dra. Alexis Polczynski de Oak Tree Orthodontics habla sobre el coste de los alineadores transparentes Invisalign en San Antonio, TX.","_seopress_robots_index":"","footnotes":""},"class_list":["post-5961","page","type-page","status-publish"],"_links":{"self":[{"href":"https:\/\/oaktreeorthodontics.com\/es\/wp-json\/wp\/v2\/pages\/5961","targetHints":{"allow":["GET"]}}],"collection":[{"href":"https:\/\/oaktreeorthodontics.com\/es\/wp-json\/wp\/v2\/pages"}],"about":[{"href":"https:\/\/oaktreeorthodontics.com\/es\/wp-json\/wp\/v2\/types\/page"}],"author":[{"embeddable":true,"href":"https:\/\/oaktreeorthodontics.com\/es\/wp-json\/wp\/v2\/users\/3"}],"replies":[{"embeddable":true,"href":"https:\/\/oaktreeorthodontics.com\/es\/wp-json\/wp\/v2\/comments?post=5961"}],"version-history":[{"count":4,"href":"https:\/\/oaktreeorthodontics.com\/es\/wp-json\/wp\/v2\/pages\/5961\/revisions"}],"predecessor-version":[{"id":6289,"href":"https:\/\/oaktreeorthodontics.com\/es\/wp-json\/wp\/v2\/pages\/5961\/revisions\/6289"}],"wp:attachment":[{"href":"https:\/\/oaktreeorthodontics.com\/es\/wp-json\/wp\/v2\/media?parent=5961"}],"curies":[{"name":"wp","href":"https:\/\/api.w.org\/{rel}","templated":true}]}}