{"id":5958,"date":"2017-02-06T01:31:29","date_gmt":"2017-02-06T01:31:29","guid":{"rendered":"https:\/\/oaktreeorthodontics.com\/preguntas-frecuentes\/"},"modified":"2025-01-15T15:06:20","modified_gmt":"2025-01-15T15:06:20","slug":"preguntas-frecuentes","status":"publish","type":"page","link":"https:\/\/oaktreeorthodontics.com\/es\/preguntas-frecuentes\/","title":{"rendered":"PREGUNTAS FRECUENTES"},"content":{"rendered":"\t\t<div data-elementor-type=\"wp-page\" data-elementor-id=\"5958\" class=\"elementor elementor-5958 elementor-3073\" data-elementor-post-type=\"page\">\n\t\t\t\t<div data-particle_enable=\"false\" data-particle-mobile-disabled=\"false\" class=\"elementor-element elementor-element-19bb46a1 e-flex e-con-boxed e-con e-parent\" data-id=\"19bb46a1\" data-element_type=\"container\" data-e-type=\"container\">\n\t\t\t\t\t<div class=\"e-con-inner\">\n\t\t\t\t<div class=\"elementor-element elementor-element-6295ee83 elementor-widget elementor-widget-text-editor\" data-id=\"6295ee83\" data-element_type=\"widget\" data-e-type=\"widget\" data-widget_type=\"text-editor.default\">\n\t\t\t\t<div class=\"elementor-widget-container\">\n\t\t\t\t\t\t\t\t\t<h3>\u00bfCobras por una visita inicial?<\/h3>\n<p><span data-preserver-spaces=\"true\">No. Como cortes\u00eda hacia ti y tu dentista de cabecera, siempre discutiremos la viabilidad del tratamiento de ortodoncia sin cobrar honorarios por el  <\/span><a class=\"editor-rtfLink\" href=\"https:\/\/oaktreeorthodontics.com\/es\/primera-visita\/\" target=\"_blank\" rel=\"noopener\"><span data-preserver-spaces=\"true\">consulta inicial<\/span><\/a><span data-preserver-spaces=\"true\">.<\/span><\/p>\n<h3>\u00bfA qu\u00e9 edad empiezas a ver pacientes?<\/h3>\n<p><span data-preserver-spaces=\"true\">Como regla general, nos gusta evaluar a los pacientes j\u00f3venes despu\u00e9s de que erupcionen los molares de 6 a\u00f1os y empiecen a aparecer los dientes permanentes delanteros, normalmente entre los 6 y los 8 a\u00f1os. La Asociaci\u00f3n Americana de Ortodoncia recomienda que todos los ni\u00f1os sean examinados por primera vez a los 7 a\u00f1os. <\/span><\/p>\n<h3>\u00bfPor qu\u00e9 eval\u00faas a pacientes tan j\u00f3venes?<\/h3>\n<p><span data-preserver-spaces=\"true\">El objetivo de <\/span><a class=\"editor-rtfLink\" href=\"https:\/\/oaktreeorthodontics.com\/es\/ortodoncia-temprana\/\" target=\"_blank\" rel=\"noopener\"><span data-preserver-spaces=\"true\">evaluaci\u00f3n temprana<\/span><\/a><span data-preserver-spaces=\"true\">  no es necesariamente iniciar el tratamiento de inmediato, sino informar y observar. A una edad temprana, pueden identificarse y discutirse las necesidades eventuales. Un peque\u00f1o porcentaje de pacientes de esta edad puede necesitar iniciar alg\u00fan tipo de tratamiento, pero en estos casos es mejor empezar la correcci\u00f3n lo antes posible. Se eval\u00faan los h\u00e1bitos, se discuten las cuestiones m\u00e9dicas y se organiza un programa de observaci\u00f3n hasta que el paciente est\u00e9 preparado para iniciar el tratamiento.   <\/span><\/p>\n<h3>\u00bfCu\u00e1nto durar\u00e1 la primera visita?<\/h3>\n<p><span data-preserver-spaces=\"true\">La primera visita puede durar entre 30 minutos y una hora, dependiendo de las necesidades de tratamiento actuales del paciente.<\/span><\/p>\n<h3>\u00bfAceptas pacientes que se trasladan desde fuera de la ciudad?<\/h3>\n<p><span data-preserver-spaces=\"true\">S\u00ed, lo hacemos. Tratamos a un paciente que se traslada a nuestra consulta desde otra ciudad igual que a un paciente nuevo. Recopilamos registros diagn\u00f3sticos completos para mostrar el estado actual y proponemos un tratamiento para completar el trabajo iniciado.  <\/span><\/p>\n<h3>\u00bfTienes pacientes adultos?<\/h3>\n<p><span data-preserver-spaces=\"true\">Absolutamente. Un porcentaje creciente de nuestros pacientes son   <\/span><a class=\"editor-rtfLink\" href=\"https:\/\/oaktreeorthodontics.com\/es\/ortodoncia-para-adultos\/\" target=\"_blank\" rel=\"noopener\"><span data-preserver-spaces=\"true\">adulto<\/span><\/a><span data-preserver-spaces=\"true\">y, seg\u00fan la Asociaci\u00f3n Americana de Ortodoncia, \u00a1uno de cada cuatro pacientes son adultos! Los nuevos aparatos cosm\u00e9ticos hacen que el tratamiento en adultos sea mucho m\u00e1s c\u00f3modo y pr\u00e1ctico. <\/span><\/p>\n<h3>\u00bfCu\u00e1l es la diferencia entre un ortodoncista y un dentista?<\/h3>\n<p><span data-preserver-spaces=\"true\">Un ortodoncista est\u00e1 formado como dentista general, pero ha recibido 2-3 a\u00f1os de formaci\u00f3n a tiempo completo en ortodoncia y se ha graduado con un certificado de especialidad aceptado a nivel nacional. El ortodoncista limita entonces su pr\u00e1ctica al enderezamiento de dientes y la ortopedia dentofacial. <\/span><\/p>\n<h3>\u00bfPuedo concertar todas mis citas por la tarde, despu\u00e9s del colegio y a \u00faltima hora del d\u00eda?<\/h3>\n<p><span data-preserver-spaces=\"true\">Con el fin de disponer de citas tempranas y tard\u00edas para la mayor\u00eda de las citas de los pacientes <\/span><a class=\"editor-rtfLink\" href=\"https:\/\/oaktreeorthodontics.com\/es\/pide-una-cita\/\" target=\"_blank\" rel=\"noopener\"><span data-preserver-spaces=\"true\">pacientes<\/span><\/a><span data-preserver-spaces=\"true\">algunos procedimientos deben realizarse entre las 9.00 y las 15.00 horas. <\/span> <\/p>\n<p><span data-preserver-spaces=\"true\">Suelen ser procedimientos m\u00e1s largos que requieren m\u00e1s tiempo y atenci\u00f3n, por lo que a veces es inevitable programarlos en horario escolar o laboral. Haremos todo lo posible por adaptarnos a tus horarios y a las necesidades de tu familia. <\/span><\/p>\n<h3>\u00bfAtiendes a pacientes de urgencias?<\/h3>\n<p><span data-preserver-spaces=\"true\">S\u00ed, por favor, solicita directamente m\u00e1s informaci\u00f3n.  <\/span><\/p>\n<h3>\u00bfPodemos hacer pagos?<\/h3>\n<p><span data-preserver-spaces=\"true\">S\u00ed. Tanto si tienes seguro o un plan dental como si no, estructuraremos una c\u00f3moda oferta sin intereses  <\/span><a class=\"editor-rtfLink\" href=\"https:\/\/oaktreeorthodontics.com\/es\/financiacion-facil\/\" target=\"_blank\" rel=\"noopener\"><span data-preserver-spaces=\"true\">plan de pagos<\/span><\/a><span data-preserver-spaces=\"true\"> que te permitir\u00e1 pagar los servicios de ortodoncia en un periodo de tiempo que coincide con tu plan de tratamiento.<\/span><\/p>\n<h3>\u00bfC\u00f3mo gestionas los seguros?<\/h3>\n<p><span data-preserver-spaces=\"true\">Tras verificar la cobertura, acordaremos facturar y cobrar a una compa\u00f1\u00eda de seguros. Sin embargo, pedimos a los pacientes que comprendan que si la cobertura cesa o cambia, el paciente sigue siendo responsable de la tarifa acordada. <\/span><\/p>\n<h3>\u00bfAcept\u00e1is American Express, Master Card y\/o Visa?<\/h3>\n<p><span data-preserver-spaces=\"true\">S\u00ed, aceptamos las principales tarjetas de cr\u00e9dito.<\/span><\/p>\n<h3>\u00bfHac\u00e9is descuentos a las familias?<\/h3>\n<p><span data-preserver-spaces=\"true\">Tenemos programas y tarifas especiales para varios pacientes de la misma familia.<\/span><\/p>\n<h3>Necesito estar premedicado para ir al dentista. \u00bfTengo que llevar mi medicaci\u00f3n al ortodoncista? <\/h3>\n<p><span data-preserver-spaces=\"true\">S\u00ed.<\/span><\/p>\n<h3>\u00bfEs necesario llevar retenedores despu\u00e9s de la ortodoncia?<\/h3>\n<p><span data-preserver-spaces=\"true\">S\u00ed, espec\u00edfico <\/span><a class=\"editor-rtfLink\" href=\"https:\/\/oaktreeorthodontics.com\/es\/retenedores-de-ortodoncia\/\" target=\"_blank\" rel=\"noopener\"><span data-preserver-spaces=\"true\">retenedor<\/span><\/a><span data-preserver-spaces=\"true\"> instrucciones espec\u00edficas <\/span><a class=\"editor-rtfLink\" href=\"https:\/\/oaktreeorthodontics.com\/es\/conoce-al-dr-alexis-polczynski\/\" target=\"_blank\" rel=\"noopener\"><span data-preserver-spaces=\"true\">Dr. Alexis Polczynski<\/span><\/a><span data-preserver-spaces=\"true\"> despu\u00e9s del tratamiento. <\/span> <\/p>\n<h3>\u00bfPor qu\u00e9 se tuercen los dientes despu\u00e9s de llevar ortodoncia o alineadores?<\/h3>\n<p><span data-preserver-spaces=\"true\">Los dientes se mueven a lo largo de la vida, tanto si has llevado <\/span><a class=\"editor-rtfLink\" href=\"https:\/\/oaktreeorthodontics.com\/es\/opciones-de-tratamiento\/\" target=\"_blank\" rel=\"noopener\"><span data-preserver-spaces=\"true\">ortodoncia<\/span><\/a><span data-preserver-spaces=\"true\">  o no. Forma parte del proceso natural de envejecimiento. Por eso se recomienda llevar retenedores indefinidamente, para mantener tus resultados ortod\u00f3ncicos durante toda la vida.  <\/span><\/p>\n\t\t\t\t\t\t\t\t<\/div>\n\t\t\t\t<\/div>\n\t\t\t\t\t<\/div>\n\t\t\t\t<\/div>\n\t\t\t\t<\/div>\n\t\t","protected":false},"excerpt":{"rendered":"<p>\u00bfCobras por una visita inicial? No. Como cortes\u00eda hacia ti y tu dentista de cabecera, siempre discutiremos la viabilidad del tratamiento de ortodoncia sin cobrar honorarios por el consulta inicial. \u00bfA qu\u00e9 edad empiezas a ver pacientes? Como regla general, nos gusta evaluar a los pacientes j\u00f3venes despu\u00e9s de que erupcionen los molares de 6 a\u00f1os y empiecen [&hellip;]<\/p>\n","protected":false},"author":3,"featured_media":0,"parent":0,"menu_order":24,"comment_status":"closed","ping_status":"closed","template":"","meta":{"_seopress_robots_primary_cat":"","_seopress_titles_title":"Preguntas frecuentes sobre la ortodoncia Alineadores transparentes | Oak Tree Orthodontics","_seopress_titles_desc":"Encuentra respuestas a las preguntas m\u00e1s frecuentes sobre ortodoncia e inf\u00f3rmate sobre nuestros servicios expertos, planes de pago y planes de tratamiento de ortodoncia en Oak Tree Orthodontics.","_seopress_robots_index":"","_seopress_analysis_target_kw":"","footnotes":""},"class_list":["post-5958","page","type-page","status-publish"],"_links":{"self":[{"href":"https:\/\/oaktreeorthodontics.com\/es\/wp-json\/wp\/v2\/pages\/5958","targetHints":{"allow":["GET"]}}],"collection":[{"href":"https:\/\/oaktreeorthodontics.com\/es\/wp-json\/wp\/v2\/pages"}],"about":[{"href":"https:\/\/oaktreeorthodontics.com\/es\/wp-json\/wp\/v2\/types\/page"}],"author":[{"embeddable":true,"href":"https:\/\/oaktreeorthodontics.com\/es\/wp-json\/wp\/v2\/users\/3"}],"replies":[{"embeddable":true,"href":"https:\/\/oaktreeorthodontics.com\/es\/wp-json\/wp\/v2\/comments?post=5958"}],"version-history":[{"count":4,"href":"https:\/\/oaktreeorthodontics.com\/es\/wp-json\/wp\/v2\/pages\/5958\/revisions"}],"predecessor-version":[{"id":6201,"href":"https:\/\/oaktreeorthodontics.com\/es\/wp-json\/wp\/v2\/pages\/5958\/revisions\/6201"}],"wp:attachment":[{"href":"https:\/\/oaktreeorthodontics.com\/es\/wp-json\/wp\/v2\/media?parent=5958"}],"curies":[{"name":"wp","href":"https:\/\/api.w.org\/{rel}","templated":true}]}}