{"id":5956,"date":"2022-05-26T14:12:58","date_gmt":"2022-05-26T14:12:58","guid":{"rendered":"https:\/\/oaktreeorthodontics.com\/ortodoncia-en-adolescentes\/"},"modified":"2025-01-11T02:04:43","modified_gmt":"2025-01-11T02:04:43","slug":"ortodoncia-en-adolescentes","status":"publish","type":"page","link":"https:\/\/oaktreeorthodontics.com\/es\/ortodoncia-en-adolescentes\/","title":{"rendered":"Ortodoncia en adolescentes"},"content":{"rendered":"\t\t<div data-elementor-type=\"wp-page\" data-elementor-id=\"5956\" class=\"elementor elementor-5956 elementor-4612\" data-elementor-post-type=\"page\">\n\t\t\t\t\t\t<section data-particle_enable=\"false\" data-particle-mobile-disabled=\"false\" class=\"elementor-section elementor-top-section elementor-element elementor-element-0f6ae11 elementor-section-boxed elementor-section-height-default elementor-section-height-default\" data-id=\"0f6ae11\" data-element_type=\"section\" data-e-type=\"section\">\n\t\t\t\t\t\t<div class=\"elementor-container elementor-column-gap-default\">\n\t\t\t\t\t<div class=\"elementor-column elementor-col-100 elementor-top-column elementor-element elementor-element-c8eb12a\" data-id=\"c8eb12a\" data-element_type=\"column\" data-e-type=\"column\">\n\t\t\t<div class=\"elementor-widget-wrap elementor-element-populated\">\n\t\t\t\t\t\t<div class=\"elementor-element elementor-element-9bb314b elementor-widget elementor-widget-text-editor\" data-id=\"9bb314b\" data-element_type=\"widget\" data-e-type=\"widget\" data-widget_type=\"text-editor.default\">\n\t\t\t\t<div class=\"elementor-widget-container\">\n\t\t\t\t\t\t\t\t\t<h2>\u00bfCu\u00e1ndo es el mejor momento para la ortodoncia?<\/h2>\n<p>La edad ideal para la ortodoncia suele ser entre los 11 y los 15 a\u00f1os. A los 12 a\u00f1os, ya han salido la mayor\u00eda de los dientes permanentes, por lo que es m\u00e1s f\u00e1cil identificar problemas ortod\u00f3ncicos comunes, como dientes torcidos, huecos o mala mordida. Estos problemas no suelen mejorar por s\u00ed solos, por lo que esta etapa es un momento popular para que los padres se planteen la ortodoncia.<\/p>\n<h2>Por qu\u00e9 la adolescencia es perfecta para la ortodoncia<\/h2>\n<p>La adolescencia ofrece ventajas \u00fanicas para la ortodoncia:<\/p>\n<ul>\n<li><strong>Est\u00edmulo social<\/strong>: Dado que muchos ni\u00f1os de esta edad tambi\u00e9n llevan frenillos, es menos probable que tu hijo se sienta cohibido y m\u00e1s propenso a aceptar el tratamiento.<\/li>\n<li><strong>Aumento de la confianza<\/strong>: Arreglar los problemas de ortodoncia puede ayudar a los adolescentes a ganar confianza en s\u00ed mismos durante estos a\u00f1os formativos.<\/li>\n<\/ul>\n<p>Al iniciar el tratamiento en esta fase, permites que tu hijo disfrute toda la vida de una salud bucodental mejorada y una sonrisa radiante.<\/p>\n<h2>\u00bfListo para empezar?<\/h2>\n<p>El primer paso hacia una sonrisa m\u00e1s sana y segura es programar una <a href=\"https:\/\/oaktreeorthodontics.com\/es\/pide-una-cita\/\">consulta<\/a> inicial GRATUITA. Durante esta visita, <a href=\"https:\/\/oaktreeorthodontics.com\/es\/conoce-al-dr-alexis-polczynski\/\">la Dra. Alexis Polczynski<\/a> crea un plan de tratamiento personalizado adaptado a las necesidades de tu hijo, habla de la duraci\u00f3n prevista del tratamiento y calcula el precio. Nuestro equipo est\u00e1 aqu\u00ed para ayudar a tu hijo a conseguir una sonrisa bonita que dure toda la vida. <a href=\"https:\/\/oaktreeorthodontics.com\/es\/ubicacion-del-roble-silvestre\/\">Ponte en contacto con nosotros<\/a> hoy mismo.<\/p>\n\t\t\t\t\t\t\t\t<\/div>\n\t\t\t\t<\/div>\n\t\t\t\t\t<\/div>\n\t\t<\/div>\n\t\t\t\t\t<\/div>\n\t\t<\/section>\n\t\t\t\t<\/div>\n\t\t","protected":false},"excerpt":{"rendered":"<p>\u00bfCu\u00e1ndo es el mejor momento para la ortodoncia? La edad ideal para la ortodoncia suele ser entre los 11 y los 15 a\u00f1os. A los 12 a\u00f1os, ya han salido la mayor\u00eda de los dientes permanentes, por lo que es m\u00e1s f\u00e1cil identificar problemas ortod\u00f3ncicos comunes, como dientes torcidos, huecos o mala mordida. Estos problemas no suelen mejorar [&hellip;]<\/p>\n","protected":false},"author":3,"featured_media":0,"parent":0,"menu_order":32,"comment_status":"closed","ping_status":"closed","template":"","meta":{"_seopress_robots_primary_cat":"","_seopress_titles_title":"Ortodoncia adolescente San Antonio TX | Oak Tree Orthodontics","_seopress_titles_desc":"Oak Tree Orthodontics ofrece ortodoncia para adolescentes con el fin de fomentar el crecimiento y el desarrollo de los adolescentes, mejorando la salud bucal y una sonrisa sana para toda la vida.","_seopress_robots_index":"","footnotes":""},"class_list":["post-5956","page","type-page","status-publish"],"_links":{"self":[{"href":"https:\/\/oaktreeorthodontics.com\/es\/wp-json\/wp\/v2\/pages\/5956","targetHints":{"allow":["GET"]}}],"collection":[{"href":"https:\/\/oaktreeorthodontics.com\/es\/wp-json\/wp\/v2\/pages"}],"about":[{"href":"https:\/\/oaktreeorthodontics.com\/es\/wp-json\/wp\/v2\/types\/page"}],"author":[{"embeddable":true,"href":"https:\/\/oaktreeorthodontics.com\/es\/wp-json\/wp\/v2\/users\/3"}],"replies":[{"embeddable":true,"href":"https:\/\/oaktreeorthodontics.com\/es\/wp-json\/wp\/v2\/comments?post=5956"}],"version-history":[{"count":3,"href":"https:\/\/oaktreeorthodontics.com\/es\/wp-json\/wp\/v2\/pages\/5956\/revisions"}],"predecessor-version":[{"id":6109,"href":"https:\/\/oaktreeorthodontics.com\/es\/wp-json\/wp\/v2\/pages\/5956\/revisions\/6109"}],"wp:attachment":[{"href":"https:\/\/oaktreeorthodontics.com\/es\/wp-json\/wp\/v2\/media?parent=5956"}],"curies":[{"name":"wp","href":"https:\/\/api.w.org\/{rel}","templated":true}]}}