{"id":5946,"date":"2017-03-22T10:19:02","date_gmt":"2017-03-22T10:19:02","guid":{"rendered":"https:\/\/oaktreeorthodontics.com\/declaracion-de-accesibilidad\/"},"modified":"2025-01-15T15:45:35","modified_gmt":"2025-01-15T15:45:35","slug":"declaracion-de-accesibilidad","status":"publish","type":"page","link":"https:\/\/oaktreeorthodontics.com\/es\/declaracion-de-accesibilidad\/","title":{"rendered":"Declaraci\u00f3n de accesibilidad"},"content":{"rendered":"\t\t<div data-elementor-type=\"wp-page\" data-elementor-id=\"5946\" class=\"elementor elementor-5946 elementor-2809\" data-elementor-post-type=\"page\">\n\t\t\t\t\t\t<section data-particle_enable=\"false\" data-particle-mobile-disabled=\"false\" class=\"elementor-section elementor-top-section elementor-element elementor-element-5f3c5e88 elementor-section-boxed elementor-section-height-default elementor-section-height-default\" data-id=\"5f3c5e88\" data-element_type=\"section\" data-e-type=\"section\">\n\t\t\t\t\t\t<div class=\"elementor-container elementor-column-gap-default\">\n\t\t\t\t\t<div class=\"elementor-column elementor-col-100 elementor-top-column elementor-element elementor-element-5878f26a\" data-id=\"5878f26a\" data-element_type=\"column\" data-e-type=\"column\">\n\t\t\t<div class=\"elementor-widget-wrap elementor-element-populated\">\n\t\t\t\t\t\t<div class=\"elementor-element elementor-element-691ad1c elementor-widget elementor-widget-text-editor\" data-id=\"691ad1c\" data-element_type=\"widget\" data-e-type=\"widget\" data-widget_type=\"text-editor.default\">\n\t\t\t\t<div class=\"elementor-widget-container\">\n\t\t\t\t\t\t\t\t\t<p>Trabajamos continuamente para mejorar la accesibilidad de los contenidos de nuestro sitio web. A continuaci\u00f3n encontrar\u00e1s algunas recomendaciones para que tu experiencia de navegaci\u00f3n sea m\u00e1s accesible:<\/p>\n<p><strong>Si tienes problemas para ver las p\u00e1ginas web<\/strong>, la Administraci\u00f3n de la Seguridad Social de EE.UU. te ofrece estos consejos para optimizar tu ordenador y tu navegador con el fin de mejorar tu experiencia en l\u00ednea.<\/p>\n<ul>\n<li>Utiliza tu ordenador para leer p\u00e1ginas web en voz alta<\/li>\n<li>Utiliza el teclado para navegar por las pantallas<\/li>\n<li>Aumentar el tama\u00f1o del texto<\/li>\n<li>Ampl\u00eda tu pantalla<\/li>\n<li>Cambia los colores del fondo y del texto<\/li>\n<li>Hacer m\u00e1s visible el puntero del rat\u00f3n (s\u00f3lo Windows)<\/li>\n<\/ul>\n<p>Si buscas <strong>alternativas al rat\u00f3n y al teclado<\/strong>, un software de reconocimiento de voz como Dragon Naturally Speaking puede ayudarte a navegar por p\u00e1ginas web y servicios en l\u00ednea. Este software permite al usuario mover el foco por una p\u00e1gina web o la pantalla de una aplicaci\u00f3n mediante controles de voz.<\/p>\n<p>Si eres sordo o tienes dificultades auditivas, tienes a tu disposici\u00f3n varias funciones de accesibilidad.<\/p>\n<h2>Subt\u00edtulos<\/h2>\n<p>Los subt\u00edtulos proporcionan una transcripci\u00f3n de la pista de audio de una presentaci\u00f3n de v\u00eddeo que est\u00e1 sincronizada con las pistas de v\u00eddeo y audio. Los subt\u00edtulos suelen aparecer visualmente sobre el v\u00eddeo, lo que beneficia a las personas sordas o con dificultades auditivas, y a cualquiera que no pueda o\u00edr el audio debido a entornos ruidosos. La mayor\u00eda de nuestros contenidos de v\u00eddeo incluyen subt\u00edtulos. Aprende a activar y desactivar los subt\u00edtulos en YouTube<a href=\"https:\/\/support.google.com\/youtube\/answer\/100078?hl=en\">.<\/a><\/p>\n<h2>Controles de volumen<\/h2>\n<p>Tu ordenador, tableta o dispositivo m\u00f3vil tiene funciones de control de volumen. Cada servicio de v\u00eddeo y audio tiene sus propios controles de volumen adicionales. Intenta ajustar tanto los controles de volumen de tu dispositivo como los de tus reproductores multimedia para optimizar tu experiencia auditiva.<\/p>\n<p>Si las recomendaciones anteriores no satisfacen tus necesidades, te invitamos a ponerte en contacto con nosotros para que te ayudemos a trav\u00e9s de la informaci\u00f3n que figura a continuaci\u00f3n.<\/p>\n<p><b>Ortodoncia Oak Tree<\/b><\/p>\n<p>23522 Wilderness Oak, Ste 109<\/p>\n<p>San Antonio, TX 78258<\/p>\n<p><a href=\"tel:+1-210-774-4144\"><span class=\"elementor-icon-list-text\"><b>(210) 774-4144<\/b><\/span><\/a><\/p>\n\t\t\t\t\t\t\t\t<\/div>\n\t\t\t\t<\/div>\n\t\t\t\t\t<\/div>\n\t\t<\/div>\n\t\t\t\t\t<\/div>\n\t\t<\/section>\n\t\t\t\t<\/div>\n\t\t","protected":false},"excerpt":{"rendered":"<p>Trabajamos continuamente para mejorar la accesibilidad de los contenidos de nuestro sitio web. A continuaci\u00f3n encontrar\u00e1s algunas recomendaciones para que tu experiencia de navegaci\u00f3n sea m\u00e1s accesible: Si tienes problemas para ver las p\u00e1ginas web, la Administraci\u00f3n de la Seguridad Social de EE.UU. te ofrece estos consejos para optimizar tu ordenador y tu navegador con el fin de [&hellip;]<\/p>\n","protected":false},"author":3,"featured_media":0,"parent":0,"menu_order":62,"comment_status":"closed","ping_status":"closed","template":"","meta":{"_seopress_robots_primary_cat":"","_seopress_titles_title":"Declaraci\u00f3n de accesibilidad Oak Tree Orthodontics","_seopress_titles_desc":"En Oak Tree Orthodontics de San Antonio, TX, proporcionamos accesibilidad al sitio web con consejos y recursos para una experiencia de navegaci\u00f3n m\u00e1s inclusiva para todos los usuarios.","_seopress_robots_index":"","footnotes":""},"class_list":["post-5946","page","type-page","status-publish"],"_links":{"self":[{"href":"https:\/\/oaktreeorthodontics.com\/es\/wp-json\/wp\/v2\/pages\/5946","targetHints":{"allow":["GET"]}}],"collection":[{"href":"https:\/\/oaktreeorthodontics.com\/es\/wp-json\/wp\/v2\/pages"}],"about":[{"href":"https:\/\/oaktreeorthodontics.com\/es\/wp-json\/wp\/v2\/types\/page"}],"author":[{"embeddable":true,"href":"https:\/\/oaktreeorthodontics.com\/es\/wp-json\/wp\/v2\/users\/3"}],"replies":[{"embeddable":true,"href":"https:\/\/oaktreeorthodontics.com\/es\/wp-json\/wp\/v2\/comments?post=5946"}],"version-history":[{"count":2,"href":"https:\/\/oaktreeorthodontics.com\/es\/wp-json\/wp\/v2\/pages\/5946\/revisions"}],"predecessor-version":[{"id":6241,"href":"https:\/\/oaktreeorthodontics.com\/es\/wp-json\/wp\/v2\/pages\/5946\/revisions\/6241"}],"wp:attachment":[{"href":"https:\/\/oaktreeorthodontics.com\/es\/wp-json\/wp\/v2\/media?parent=5946"}],"curies":[{"name":"wp","href":"https:\/\/api.w.org\/{rel}","templated":true}]}}