{"id":5945,"date":"2022-06-24T16:40:59","date_gmt":"2022-06-24T16:40:59","guid":{"rendered":"https:\/\/oaktreeorthodontics.com\/se-habla-espanol\/"},"modified":"2025-01-07T00:13:05","modified_gmt":"2025-01-07T00:13:05","slug":"se-habla-espanol","status":"publish","type":"page","link":"https:\/\/oaktreeorthodontics.com\/es\/se-habla-espanol\/","title":{"rendered":"Se Habla Espa\u00f1ol"},"content":{"rendered":"\t\t<div data-elementor-type=\"wp-page\" data-elementor-id=\"5945\" class=\"elementor elementor-5945 elementor-4615\" data-elementor-post-type=\"page\">\n\t\t\t\t\t\t<section data-particle_enable=\"false\" data-particle-mobile-disabled=\"false\" class=\"elementor-section elementor-top-section elementor-element elementor-element-d699fd2 elementor-section-boxed elementor-section-height-default elementor-section-height-default\" data-id=\"d699fd2\" data-element_type=\"section\" data-e-type=\"section\">\n\t\t\t\t\t\t<div class=\"elementor-container elementor-column-gap-default\">\n\t\t\t\t\t<div class=\"elementor-column elementor-col-100 elementor-top-column elementor-element elementor-element-2cbae09\" data-id=\"2cbae09\" data-element_type=\"column\" data-e-type=\"column\">\n\t\t\t<div class=\"elementor-widget-wrap elementor-element-populated\">\n\t\t\t\t\t\t<div class=\"elementor-element elementor-element-3547d39 elementor-widget elementor-widget-text-editor\" data-id=\"3547d39\" data-element_type=\"widget\" data-e-type=\"widget\" data-widget_type=\"text-editor.default\">\n\t\t\t\t<div class=\"elementor-widget-container\">\n\t\t\t\t\t\t\t\t\t<h2>Bienvenidos a la Oficina de Oak Tree Orthodontics en San Antonio, TX<\/h2>\n<p>En Oak Tree Orthodontics, estamos comprometidos a ofrecer la mejor calidad en atenci\u00f3n ortod\u00f3ncica para ni\u00f1os, adolescentes y adultos en San Antonio y las \u00e1reas vecinas. Nuestro objetivo es crear sonrisas saludables y hermosas en un ambiente relajado, acogedor y profesional, mientras construimos relaciones significativas con usted y su familia.<\/p>\n<h2>Nuestro Compromiso con Usted y su Familia<\/h2>\n<p>Desde su primera visita hasta el emocionante d\u00eda en que se retiren sus aparatos, garantizamos que se sienta c\u00f3modo y confiado en cada paso de su tratamiento. Con a\u00f1os de experiencia, proporcionamos tratamientos ortod\u00f3ncicos avanzados y un servicio al cliente excepcional.<\/p>\n<ul>\n<li><strong>Atenci\u00f3n personalizada<\/strong>: En Oak Tree Orthodontics, la  <a href=\"https:\/\/oaktreeorthodontics.com\/orthodontist-alexis-polczynski\/\">Dra. Alexis Polczynski<\/a>  y su equipo trabajan juntos para garantizar una experiencia positiva para todos nuestros pacientes y sus familias.<\/li>\n<li><strong>Tecnolog\u00eda avanzada<\/strong>: Ofrecemos tratamientos de vanguardia, como <a href=\"https:\/\/oaktreeorthodontics.com\/es\/opciones-de-tratamiento\/\">brackets<\/a> met\u00e1licos tradicionales, brackets transparentes y <a href=\"https:\/\/oaktreeorthodontics.com\/es\/invisalign\/\">alineadores transparentes<\/a> que son la alternativa discreta para alinear los dientes.<\/li>\n<li><strong>Un ambiente divertido y acogedor<\/strong>: Nuestra pr\u00e1ctica combina profesionalismo con un entorno afectuoso, amable y animado, donde sonre\u00edr es algo natural.<\/li>\n<li><strong>Opciones de financiaci\u00f3n flexibles<\/strong>: Dise\u00f1amos <a href=\"https:\/\/oaktreeorthodontics.com\/es\/financiacion-facil\/\">planes de pago<\/a> adaptados a las necesidades y el presupuesto de tu familia.<\/li>\n<li><strong>Horarios convenientes<\/strong>: Sabemos que su tiempo es valioso, por lo que nos esforzamos por atender a nuestros pacientes puntualmente en cada visita. Adem\u00e1s, nuestro equipo siempre est\u00e1 disponible para resolver cualquier duda o brindar asistencia.<\/li>\n<\/ul>\n<p>Cuando est\u00e9s listo para transformar tu sonrisa, no dudes en <a href=\"https:\/\/oaktreeorthodontics.com\/orthodontist-braces-san-antonio-tx\/\">contactarnos<\/a> para programar tu <a href=\"https:\/\/oaktreeorthodontics.com\/es\/pide-una-cita\/\">consulta<\/a> GRATUITA. En Oak Tree Orthodontics, \u00a1estamos listos para ayudarte a sonre\u00edr con confianza!<\/p>\n\t\t\t\t\t\t\t\t<\/div>\n\t\t\t\t<\/div>\n\t\t\t\t\t<\/div>\n\t\t<\/div>\n\t\t\t\t\t<\/div>\n\t\t<\/section>\n\t\t\t\t<\/div>\n\t\t","protected":false},"excerpt":{"rendered":"<p>Bienvenidos a la Oficina de Oak Tree Orthodontics en San Antonio, TX En Oak Tree Orthodontics, estamos comprometidos a ofrecer la mejor calidad en atenci\u00f3n ortod\u00f3ncica para ni\u00f1os, adolescentes y adultos en San Antonio y las \u00e1reas vecinas. Nuestro objetivo es crear sonrisas saludables y hermosas en un ambiente relajado, acogedor y profesional, mientras construimos relaciones significativas con [&hellip;]<\/p>\n","protected":false},"author":3,"featured_media":0,"parent":0,"menu_order":54,"comment_status":"closed","ping_status":"closed","template":"","meta":{"_seopress_robots_primary_cat":"","_seopress_titles_title":"Ortodoncista San Antonio TX | Oak Tree Orthodontics","_seopress_titles_desc":"En Oak Tree Orthodontics en San Antonio, TX, ofrecemos tratamientos ortod\u00f3ncicos avanzados para todas las edades con profesionalidad y financiaci\u00f3n flexible.","_seopress_robots_index":"","footnotes":""},"class_list":["post-5945","page","type-page","status-publish"],"_links":{"self":[{"href":"https:\/\/oaktreeorthodontics.com\/es\/wp-json\/wp\/v2\/pages\/5945","targetHints":{"allow":["GET"]}}],"collection":[{"href":"https:\/\/oaktreeorthodontics.com\/es\/wp-json\/wp\/v2\/pages"}],"about":[{"href":"https:\/\/oaktreeorthodontics.com\/es\/wp-json\/wp\/v2\/types\/page"}],"author":[{"embeddable":true,"href":"https:\/\/oaktreeorthodontics.com\/es\/wp-json\/wp\/v2\/users\/3"}],"replies":[{"embeddable":true,"href":"https:\/\/oaktreeorthodontics.com\/es\/wp-json\/wp\/v2\/comments?post=5945"}],"version-history":[{"count":1,"href":"https:\/\/oaktreeorthodontics.com\/es\/wp-json\/wp\/v2\/pages\/5945\/revisions"}],"predecessor-version":[{"id":5951,"href":"https:\/\/oaktreeorthodontics.com\/es\/wp-json\/wp\/v2\/pages\/5945\/revisions\/5951"}],"wp:attachment":[{"href":"https:\/\/oaktreeorthodontics.com\/es\/wp-json\/wp\/v2\/media?parent=5945"}],"curies":[{"name":"wp","href":"https:\/\/api.w.org\/{rel}","templated":true}]}}