{"id":5944,"date":"2022-11-17T21:48:19","date_gmt":"2022-11-17T21:48:19","guid":{"rendered":"https:\/\/oaktreeorthodontics.com\/opciones-de-tratamiento\/"},"modified":"2025-01-15T15:11:21","modified_gmt":"2025-01-15T15:11:21","slug":"opciones-de-tratamiento","status":"publish","type":"page","link":"https:\/\/oaktreeorthodontics.com\/es\/opciones-de-tratamiento\/","title":{"rendered":"Opciones de tratamiento"},"content":{"rendered":"\t\t<div data-elementor-type=\"wp-page\" data-elementor-id=\"5944\" class=\"elementor elementor-5944 elementor-3377\" data-elementor-post-type=\"page\">\n\t\t\t\t\t\t<section data-particle_enable=\"false\" data-particle-mobile-disabled=\"false\" class=\"elementor-section elementor-top-section elementor-element elementor-element-1a5f97d elementor-section-boxed elementor-section-height-default elementor-section-height-default\" data-id=\"1a5f97d\" data-element_type=\"section\" data-e-type=\"section\">\n\t\t\t\t\t\t<div class=\"elementor-container elementor-column-gap-default\">\n\t\t\t\t\t<div class=\"elementor-column elementor-col-100 elementor-top-column elementor-element elementor-element-4545817\" data-id=\"4545817\" data-element_type=\"column\" data-e-type=\"column\">\n\t\t\t<div class=\"elementor-widget-wrap elementor-element-populated\">\n\t\t\t\t\t\t<div class=\"elementor-element elementor-element-d39d5e7 elementor-widget elementor-widget-text-editor\" data-id=\"d39d5e7\" data-element_type=\"widget\" data-e-type=\"widget\" data-widget_type=\"text-editor.default\">\n\t\t\t\t<div class=\"elementor-widget-container\">\n\t\t\t\t\t\t\t\t\t<p>Gracias a los recientes avances en <a href=\"https:\/\/oaktreeorthodontics.com\/es\/tecnologia-avanzada\/\">tecnolog\u00eda ortod\u00f3ncica<\/a>, Oak Tree Orthodontics ofrece una variedad de opciones de tratamiento para ayudarte a conseguir la sonrisa que siempre has deseado. Entendemos que cada paciente tiene necesidades \u00fanicas, y nuestro objetivo es proporcionar una atenci\u00f3n personalizada para garantizar los mejores resultados.<\/p>\n<p>Tanto si est\u00e1s considerando los brackets met\u00e1licos tradicionales, los brackets transparentes o los alineadores transparentes extra\u00edbles, la <a href=\"https:\/\/oaktreeorthodontics.com\/es\/conoce-al-dr-alexis-polczynski\/\">Dra. Alexis Polczynski<\/a> te guiar\u00e1 en la selecci\u00f3n del tratamiento adecuado para tus necesidades espec\u00edficas. Cada opci\u00f3n se adapta cuidadosamente para enderezar eficazmente tus dientes, mejorar tu mordida y proporcionarte una sonrisa bella y segura.<\/p>\n\t\t\t\t\t\t\t\t<\/div>\n\t\t\t\t<\/div>\n\t\t\t\t\t<\/div>\n\t\t<\/div>\n\t\t\t\t\t<\/div>\n\t\t<\/section>\n\t\t\t\t<section data-particle_enable=\"false\" data-particle-mobile-disabled=\"false\" class=\"elementor-section elementor-top-section elementor-element elementor-element-7e0fe05 elementor-section-boxed elementor-section-height-default elementor-section-height-default\" data-id=\"7e0fe05\" data-element_type=\"section\" data-e-type=\"section\">\n\t\t\t\t\t\t<div class=\"elementor-container elementor-column-gap-default\">\n\t\t\t\t\t<div class=\"elementor-column elementor-col-50 elementor-top-column elementor-element elementor-element-3c22174\" data-id=\"3c22174\" data-element_type=\"column\" data-e-type=\"column\">\n\t\t\t<div class=\"elementor-widget-wrap elementor-element-populated\">\n\t\t\t\t\t\t<div class=\"elementor-element elementor-element-da7674d elementor-cta--skin-classic elementor-animated-content elementor-bg-transform elementor-bg-transform-zoom-in elementor-widget elementor-widget-call-to-action\" data-id=\"da7674d\" data-element_type=\"widget\" data-e-type=\"widget\" data-widget_type=\"call-to-action.default\">\n\t\t\t\t<div class=\"elementor-widget-container\">\n\t\t\t\t\t\t\t<div class=\"elementor-cta\">\n\t\t\t\t\t<div class=\"elementor-cta__bg-wrapper\">\n\t\t\t\t<div class=\"elementor-cta__bg elementor-bg\" style=\"background-image: url(https:\/\/oaktreeorthodontics.com\/wp-content\/uploads\/2022\/11\/Types-of-Braces-Metal-Braces.jpg);\" role=\"img\" aria-label=\"Types-of-Braces-Metal-Braces\"><\/div>\n\t\t\t\t<div class=\"elementor-cta__bg-overlay\"><\/div>\n\t\t\t<\/div>\n\t\t\t\t\t\t\t<div class=\"elementor-cta__content\">\n\t\t\t\t\n\t\t\t\t\t\t\t\t\t<h2 class=\"elementor-cta__title elementor-cta__content-item elementor-content-item\">\n\t\t\t\t\t\tBrackets met\u00e1licos\t\t\t\t\t<\/h2>\n\t\t\t\t\n\t\t\t\t\t\t\t\t\t<div class=\"elementor-cta__description elementor-cta__content-item elementor-content-item\">\n\t\t\t\t\t\t<p>Los aparatos met\u00e1licos son el tratamiento de ortodoncia m\u00e1s com\u00fan. Los aparatos modernos son m\u00e1s peque\u00f1os, m\u00e1s c\u00f3modos y est\u00e1n hechos de aleaciones duraderas, y pueden a\u00f1adirse el\u00e1sticos de colores. Son eficaces para tratar diversos problemas de ortodoncia, por lo que son una opci\u00f3n fiable para pacientes de todas las edades.<\/p>\n\t\t\t\t\t<\/div>\n\t\t\t\t\n\t\t\t\t\t\t\t<\/div>\n\t\t\t\t\t\t<\/div>\n\t\t\t\t\t\t<\/div>\n\t\t\t\t<\/div>\n\t\t\t\t\t<\/div>\n\t\t<\/div>\n\t\t\t\t<div class=\"elementor-column elementor-col-50 elementor-top-column elementor-element elementor-element-f0f9c0d\" data-id=\"f0f9c0d\" data-element_type=\"column\" data-e-type=\"column\">\n\t\t\t<div class=\"elementor-widget-wrap elementor-element-populated\">\n\t\t\t\t\t\t<div class=\"elementor-element elementor-element-712898b elementor-cta--skin-classic elementor-animated-content elementor-bg-transform elementor-bg-transform-zoom-in elementor-widget elementor-widget-call-to-action\" data-id=\"712898b\" data-element_type=\"widget\" data-e-type=\"widget\" data-widget_type=\"call-to-action.default\">\n\t\t\t\t<div class=\"elementor-widget-container\">\n\t\t\t\t\t\t\t<div class=\"elementor-cta\">\n\t\t\t\t\t<div class=\"elementor-cta__bg-wrapper\">\n\t\t\t\t<div class=\"elementor-cta__bg elementor-bg\" style=\"background-image: url(https:\/\/oaktreeorthodontics.com\/wp-content\/uploads\/2022\/11\/Types-of-Braces-Ceramic-Braces.jpg);\" role=\"img\" aria-label=\"Types-of-Braces-Ceramic-Braces\"><\/div>\n\t\t\t\t<div class=\"elementor-cta__bg-overlay\"><\/div>\n\t\t\t<\/div>\n\t\t\t\t\t\t\t<div class=\"elementor-cta__content\">\n\t\t\t\t\n\t\t\t\t\t\t\t\t\t<h2 class=\"elementor-cta__title elementor-cta__content-item elementor-content-item\">\n\t\t\t\t\t\tBrackets cer\u00e1micos\t\t\t\t\t<\/h2>\n\t\t\t\t\n\t\t\t\t\t\t\t\t\t<div class=\"elementor-cta__description elementor-cta__content-item elementor-content-item\">\n\t\t\t\t\t\t<p>Los aparatos cer\u00e1micos utilizan brackets del color del diente para enderezar los dientes y solucionar los problemas de mordida. Esta opci\u00f3n es m\u00e1s discreta que los aparatos met\u00e1licos, por lo que es ideal para quienes prefieren un tratamiento sutil. Los brackets cer\u00e1micos se funden con el color natural de tus dientes, ofreciendo una soluci\u00f3n eficaz pero menos perceptible.<\/p>\n\t\t\t\t\t<\/div>\n\t\t\t\t\n\t\t\t\t\t\t\t<\/div>\n\t\t\t\t\t\t<\/div>\n\t\t\t\t\t\t<\/div>\n\t\t\t\t<\/div>\n\t\t\t\t\t<\/div>\n\t\t<\/div>\n\t\t\t\t\t<\/div>\n\t\t<\/section>\n\t\t\t\t<section data-particle_enable=\"false\" data-particle-mobile-disabled=\"false\" class=\"elementor-section elementor-top-section elementor-element elementor-element-4c89df0f elementor-section-boxed elementor-section-height-default elementor-section-height-default\" data-id=\"4c89df0f\" data-element_type=\"section\" data-e-type=\"section\">\n\t\t\t\t\t\t<div class=\"elementor-container elementor-column-gap-default\">\n\t\t\t\t\t<div class=\"elementor-column elementor-col-33 elementor-top-column elementor-element elementor-element-587ccefe\" data-id=\"587ccefe\" data-element_type=\"column\" data-e-type=\"column\">\n\t\t\t<div class=\"elementor-widget-wrap\">\n\t\t\t\t\t\t\t<\/div>\n\t\t<\/div>\n\t\t\t\t<div class=\"elementor-column elementor-col-33 elementor-top-column elementor-element elementor-element-2528cee5\" data-id=\"2528cee5\" data-element_type=\"column\" data-e-type=\"column\">\n\t\t\t<div class=\"elementor-widget-wrap elementor-element-populated\">\n\t\t\t\t\t\t<div class=\"elementor-element elementor-element-290f9c9b elementor-cta--skin-classic elementor-animated-content elementor-bg-transform elementor-bg-transform-zoom-in elementor-widget elementor-widget-call-to-action\" data-id=\"290f9c9b\" data-element_type=\"widget\" data-e-type=\"widget\" data-widget_type=\"call-to-action.default\">\n\t\t\t\t<div class=\"elementor-widget-container\">\n\t\t\t\t\t\t\t<div class=\"elementor-cta\">\n\t\t\t\t\t<div class=\"elementor-cta__bg-wrapper\">\n\t\t\t\t<div class=\"elementor-cta__bg elementor-bg\" style=\"background-image: url(https:\/\/oaktreeorthodontics.com\/wp-content\/uploads\/2022\/11\/Types-of-Braces-Clear-Aligners-2.jpg);\" role=\"img\" aria-label=\"Invisalign\"><\/div>\n\t\t\t\t<div class=\"elementor-cta__bg-overlay\"><\/div>\n\t\t\t<\/div>\n\t\t\t\t\t\t\t<div class=\"elementor-cta__content\">\n\t\t\t\t\n\t\t\t\t\t\t\t\t\t<h2 class=\"elementor-cta__title elementor-cta__content-item elementor-content-item\">\n\t\t\t\t\t\tAlineadores transparentes\t\t\t\t\t<\/h2>\n\t\t\t\t\n\t\t\t\t\t\t\t\t\t<div class=\"elementor-cta__description elementor-cta__content-item elementor-content-item\">\n\t\t\t\t\t\t<p>Los alineadores transparentes son discretos, extra\u00edbles y c\u00f3modos. Hechos de pl\u00e1stico liso, estos alineadores se adaptan a tus dientes para un ajuste ce\u00f1ido y discreto. Ofrecen la comodidad de poder comer y beber libremente, a la vez que facilitan el cepillado y el uso del hilo dental m\u00e1s que con los aparatos tradicionales.<\/p>\n\t\t\t\t\t<\/div>\n\t\t\t\t\n\t\t\t\t\t\t\t\t\t<div class=\"elementor-cta__button-wrapper elementor-cta__content-item elementor-content-item \">\n\t\t\t\t\t<a class=\"elementor-cta__button elementor-button elementor-size-xs\" href=\"https:\/\/oaktreeorthodontics.com\/clear-aligners\/\">\n\t\t\t\t\t\tSaber m\u00e1s\t\t\t\t\t<\/a>\n\t\t\t\t\t<\/div>\n\t\t\t\t\t\t\t<\/div>\n\t\t\t\t\t\t<\/div>\n\t\t\t\t\t\t<\/div>\n\t\t\t\t<\/div>\n\t\t\t\t\t<\/div>\n\t\t<\/div>\n\t\t\t\t<div class=\"elementor-column elementor-col-33 elementor-top-column elementor-element elementor-element-b0ea149\" data-id=\"b0ea149\" data-element_type=\"column\" data-e-type=\"column\">\n\t\t\t<div class=\"elementor-widget-wrap\">\n\t\t\t\t\t\t\t<\/div>\n\t\t<\/div>\n\t\t\t\t\t<\/div>\n\t\t<\/section>\n\t\t\t\t<\/div>\n\t\t","protected":false},"excerpt":{"rendered":"<p>Gracias a los recientes avances en tecnolog\u00eda ortod\u00f3ncica, Oak Tree Orthodontics ofrece una variedad de opciones de tratamiento para ayudarte a conseguir la sonrisa que siempre has deseado. Entendemos que cada paciente tiene necesidades \u00fanicas, y nuestro objetivo es proporcionar una atenci\u00f3n personalizada para garantizar los mejores resultados. Tanto si est\u00e1s considerando los brackets met\u00e1licos tradicionales, los brackets [&hellip;]<\/p>\n","protected":false},"author":3,"featured_media":0,"parent":0,"menu_order":26,"comment_status":"closed","ping_status":"closed","template":"","meta":{"_seopress_robots_primary_cat":"","_seopress_titles_title":"Tipos de ortodoncia San Antonio TX | Oak Tree Orthodontics","_seopress_titles_desc":"Tanto si est\u00e1s considerando los aparatos met\u00e1licos tradicionales, los aparatos transparentes o los alineadores transparentes extra\u00edbles, el Dr. Alexis Polczynski te guiar\u00e1 en la selecci\u00f3n del tratamiento adecuado para tus necesidades espec\u00edficas.","_seopress_robots_index":"","footnotes":""},"class_list":["post-5944","page","type-page","status-publish"],"_links":{"self":[{"href":"https:\/\/oaktreeorthodontics.com\/es\/wp-json\/wp\/v2\/pages\/5944","targetHints":{"allow":["GET"]}}],"collection":[{"href":"https:\/\/oaktreeorthodontics.com\/es\/wp-json\/wp\/v2\/pages"}],"about":[{"href":"https:\/\/oaktreeorthodontics.com\/es\/wp-json\/wp\/v2\/types\/page"}],"author":[{"embeddable":true,"href":"https:\/\/oaktreeorthodontics.com\/es\/wp-json\/wp\/v2\/users\/3"}],"replies":[{"embeddable":true,"href":"https:\/\/oaktreeorthodontics.com\/es\/wp-json\/wp\/v2\/comments?post=5944"}],"version-history":[{"count":4,"href":"https:\/\/oaktreeorthodontics.com\/es\/wp-json\/wp\/v2\/pages\/5944\/revisions"}],"predecessor-version":[{"id":6205,"href":"https:\/\/oaktreeorthodontics.com\/es\/wp-json\/wp\/v2\/pages\/5944\/revisions\/6205"}],"wp:attachment":[{"href":"https:\/\/oaktreeorthodontics.com\/es\/wp-json\/wp\/v2\/media?parent=5944"}],"curies":[{"name":"wp","href":"https:\/\/api.w.org\/{rel}","templated":true}]}}