{"id":5943,"date":"2023-01-31T20:25:52","date_gmt":"2023-01-31T20:25:52","guid":{"rendered":"https:\/\/oaktreeorthodontics.com\/tecnologia-avanzada\/"},"modified":"2025-01-11T02:10:07","modified_gmt":"2025-01-11T02:10:07","slug":"tecnologia-avanzada","status":"publish","type":"page","link":"https:\/\/oaktreeorthodontics.com\/es\/tecnologia-avanzada\/","title":{"rendered":"Tecnolog\u00eda avanzada"},"content":{"rendered":"\t\t<div data-elementor-type=\"wp-page\" data-elementor-id=\"5943\" class=\"elementor elementor-5943 elementor-3591\" data-elementor-post-type=\"page\">\n\t\t\t\t\t\t<section data-particle_enable=\"false\" data-particle-mobile-disabled=\"false\" class=\"elementor-section elementor-top-section elementor-element elementor-element-45d1c50 elementor-section-content-middle elementor-section-boxed elementor-section-height-default elementor-section-height-default\" data-id=\"45d1c50\" data-element_type=\"section\" data-e-type=\"section\">\n\t\t\t\t\t\t<div class=\"elementor-container elementor-column-gap-default\">\n\t\t\t\t\t<div class=\"elementor-column elementor-col-100 elementor-top-column elementor-element elementor-element-82887a4\" data-id=\"82887a4\" data-element_type=\"column\" data-e-type=\"column\">\n\t\t\t<div class=\"elementor-widget-wrap elementor-element-populated\">\n\t\t\t\t\t\t<div class=\"elementor-element elementor-element-e1e7b26 elementor-widget elementor-widget-text-editor\" data-id=\"e1e7b26\" data-element_type=\"widget\" data-e-type=\"widget\" data-widget_type=\"text-editor.default\">\n\t\t\t\t<div class=\"elementor-widget-container\">\n\t\t\t\t\t\t\t\t\t<p>En Oak Tree Orthodontics, la<a href=\"https:\/\/oaktreeorthodontics.com\/es\/conoce-al-dr-alexis-polczynski\/\"> Dra. Alexis Polczynski<\/a> utiliza los \u00faltimos avances en tecnolog\u00eda ortod\u00f3ncica para ofrecer el m\u00e1ximo nivel de atenci\u00f3n. Nuestros procedimientos, t\u00e9cnicas y equipos de vanguardia nos permiten diagnosticar con precisi\u00f3n los problemas de ortodoncia y acelerar el proceso de tratamiento, al tiempo que garantizamos la comodidad del paciente. <\/p>\n<h2>Radiograf\u00eda digital<\/h2>\n<p>Nuestra consulta utiliza tecnolog\u00eda radiogr\u00e1fica digital avanzada, que proporciona im\u00e1genes m\u00e1s r\u00e1pidas y detalladas de tus dientes y mand\u00edbula. Esto permite a la Dra. Alexis identificar posibles problemas para una planificaci\u00f3n m\u00e1s precisa del tratamiento. La visualizaci\u00f3n instant\u00e1nea de las im\u00e1genes tambi\u00e9n permite una toma de decisiones m\u00e1s r\u00e1pida y un mejor seguimiento de tus progresos. <\/p>\n<h2>Alineadores transparentes<\/h2>\n<p><a href=\"https:\/\/oaktreeorthodontics.com\/es\/invisalign\/\">Los alineadores transparentes<\/a> ofrecen una alternativa discreta y c\u00f3moda a los brackets tradicionales. Estos alineadores transparentes hechos a medida desplazan tus dientes sin brackets ni alambres met\u00e1licos. Son extra\u00edbles para facilitar su limpieza y te permiten disfrutar de tus comidas favoritas sin restricciones. Con menos visitas a la consulta, los alineadores transparentes son una opci\u00f3n c\u00f3moda para adultos y adolescentes ocupados que buscan una sonrisa m\u00e1s recta.   <\/p>\n<h2>Impresiones digitales iTero<\/h2>\n<p>En Oak Tree Orthodontics utilizamos las impresiones digitales iTero para capturar r\u00e1pida y c\u00f3modamente im\u00e1genes en 3D de tus dientes y enc\u00edas. Este avanzado sistema sustituye a las engorrosas impresiones, proporcionando escaneados digitales precisos en cuesti\u00f3n de minutos. Es especialmente \u00fatil para todos los tratamientos de ortodoncia, ya que permite escaneados en tiempo real y ajustes instant\u00e1neos para un proceso m\u00e1s suave y eficaz.  <\/p>\n\t\t\t\t\t\t\t\t<\/div>\n\t\t\t\t<\/div>\n\t\t\t\t\t<\/div>\n\t\t<\/div>\n\t\t\t\t\t<\/div>\n\t\t<\/section>\n\t\t\t\t<\/div>\n\t\t","protected":false},"excerpt":{"rendered":"<p>En Oak Tree Orthodontics, la Dra. Alexis Polczynski utiliza los \u00faltimos avances en tecnolog\u00eda ortod\u00f3ncica para ofrecer el m\u00e1ximo nivel de atenci\u00f3n. Nuestros procedimientos, t\u00e9cnicas y equipos de vanguardia nos permiten diagnosticar con precisi\u00f3n los problemas de ortodoncia y acelerar el proceso de tratamiento, al tiempo que garantizamos la comodidad del paciente. Radiograf\u00eda digital Nuestra consulta utiliza tecnolog\u00eda [&hellip;]<\/p>\n","protected":false},"author":3,"featured_media":0,"parent":0,"menu_order":39,"comment_status":"closed","ping_status":"closed","template":"","meta":{"_seopress_robots_primary_cat":"","_seopress_titles_title":"Tecnolog\u00eda avanzada de ortodoncia San Antonio TX | Oak Tree Orthodontics","_seopress_titles_desc":"Oak Tree Orthodontics en San Antonio, TX, utiliza tecnolog\u00eda avanzada, como las impresiones digitales, para ofrecer un tratamiento de ortodoncia preciso y eficaz.","_seopress_robots_index":"","footnotes":""},"class_list":["post-5943","page","type-page","status-publish"],"_links":{"self":[{"href":"https:\/\/oaktreeorthodontics.com\/es\/wp-json\/wp\/v2\/pages\/5943","targetHints":{"allow":["GET"]}}],"collection":[{"href":"https:\/\/oaktreeorthodontics.com\/es\/wp-json\/wp\/v2\/pages"}],"about":[{"href":"https:\/\/oaktreeorthodontics.com\/es\/wp-json\/wp\/v2\/types\/page"}],"author":[{"embeddable":true,"href":"https:\/\/oaktreeorthodontics.com\/es\/wp-json\/wp\/v2\/users\/3"}],"replies":[{"embeddable":true,"href":"https:\/\/oaktreeorthodontics.com\/es\/wp-json\/wp\/v2\/comments?post=5943"}],"version-history":[{"count":3,"href":"https:\/\/oaktreeorthodontics.com\/es\/wp-json\/wp\/v2\/pages\/5943\/revisions"}],"predecessor-version":[{"id":6111,"href":"https:\/\/oaktreeorthodontics.com\/es\/wp-json\/wp\/v2\/pages\/5943\/revisions\/6111"}],"wp:attachment":[{"href":"https:\/\/oaktreeorthodontics.com\/es\/wp-json\/wp\/v2\/media?parent=5943"}],"curies":[{"name":"wp","href":"https:\/\/api.w.org\/{rel}","templated":true}]}}