{"id":5942,"date":"2024-12-02T23:18:48","date_gmt":"2024-12-02T23:18:48","guid":{"rendered":"https:\/\/oaktreeorthodontics.com\/programa-de-observacion\/"},"modified":"2025-04-06T20:42:19","modified_gmt":"2025-04-06T20:42:19","slug":"programa-de-observacion","status":"publish","type":"page","link":"https:\/\/oaktreeorthodontics.com\/es\/programa-de-observacion\/","title":{"rendered":"Programa de Observaci\u00f3n"},"content":{"rendered":"\t\t<div data-elementor-type=\"wp-page\" data-elementor-id=\"5942\" class=\"elementor elementor-5942 elementor-5147\" data-elementor-post-type=\"page\">\n\t\t\t\t<div data-particle_enable=\"false\" data-particle-mobile-disabled=\"false\" class=\"elementor-element elementor-element-33b7660 e-flex e-con-boxed e-con e-parent\" data-id=\"33b7660\" data-element_type=\"container\" data-e-type=\"container\">\n\t\t\t\t\t<div class=\"e-con-inner\">\n\t\t<div data-particle_enable=\"false\" data-particle-mobile-disabled=\"false\" class=\"elementor-element elementor-element-e940b58 e-con-full e-flex e-con e-child\" data-id=\"e940b58\" data-element_type=\"container\" data-e-type=\"container\">\n\t\t\t\t<div class=\"elementor-element elementor-element-f1d3392 elementor-widget elementor-widget-heading\" data-id=\"f1d3392\" data-element_type=\"widget\" data-e-type=\"widget\" data-widget_type=\"heading.default\">\n\t\t\t\t<div class=\"elementor-widget-container\">\n\t\t\t\t\t<h1 class=\"elementor-heading-title elementor-size-default\">BELLOTA\n\nESCUADR\u00d3N DE LA SONRISA<\/h1>\t\t\t\t<\/div>\n\t\t\t\t<\/div>\n\t\t\t\t<\/div>\n\t\t<div data-particle_enable=\"false\" data-particle-mobile-disabled=\"false\" class=\"elementor-element elementor-element-49aa493 e-con-full e-flex e-con e-child\" data-id=\"49aa493\" data-element_type=\"container\" data-e-type=\"container\">\n\t\t\t\t<div class=\"elementor-element elementor-element-a287cfb elementor-widget elementor-widget-image\" data-id=\"a287cfb\" data-element_type=\"widget\" data-e-type=\"widget\" data-widget_type=\"image.default\">\n\t\t\t\t<div class=\"elementor-widget-container\">\n\t\t\t\t\t\t\t\t\t\t\t\t\t\t\t<img fetchpriority=\"high\" decoding=\"async\" width=\"1080\" height=\"1080\" src=\"https:\/\/oaktreeorthodontics.com\/wp-content\/uploads\/2025\/03\/archie.png\" class=\"attachment-full size-full wp-image-6466\" alt=\"\" srcset=\"https:\/\/oaktreeorthodontics.com\/wp-content\/uploads\/2025\/03\/archie.png 1080w, https:\/\/oaktreeorthodontics.com\/wp-content\/uploads\/2025\/03\/archie-300x300.png 300w, https:\/\/oaktreeorthodontics.com\/wp-content\/uploads\/2025\/03\/archie-1024x1024.png 1024w, https:\/\/oaktreeorthodontics.com\/wp-content\/uploads\/2025\/03\/archie-150x150.png 150w, https:\/\/oaktreeorthodontics.com\/wp-content\/uploads\/2025\/03\/archie-768x768.png 768w\" sizes=\"(max-width: 1080px) 100vw, 1080px\" \/>\t\t\t\t\t\t\t\t\t\t\t\t\t\t\t<\/div>\n\t\t\t\t<\/div>\n\t\t\t\t<\/div>\n\t\t\t\t\t<\/div>\n\t\t\t\t<\/div>\n\t\t<div data-particle_enable=\"false\" data-particle-mobile-disabled=\"false\" class=\"elementor-element elementor-element-93a92d9 e-flex e-con-boxed e-con e-parent\" data-id=\"93a92d9\" data-element_type=\"container\" data-e-type=\"container\">\n\t\t\t\t\t<div class=\"e-con-inner\">\n\t\t<div data-particle_enable=\"false\" data-particle-mobile-disabled=\"false\" class=\"elementor-element elementor-element-3229981 e-con-full e-flex e-con e-child\" data-id=\"3229981\" data-element_type=\"container\" data-e-type=\"container\">\n\t\t\t\t<div class=\"elementor-element elementor-element-3d6ee2a elementor-widget__width-initial elementor-widget elementor-widget-heading\" data-id=\"3d6ee2a\" data-element_type=\"widget\" data-e-type=\"widget\" data-widget_type=\"heading.default\">\n\t\t\t\t<div class=\"elementor-widget-container\">\n\t\t\t\t\t<h2 class=\"elementor-heading-title elementor-size-default\">QU\u00c9<\/h2>\t\t\t\t<\/div>\n\t\t\t\t<\/div>\n\t\t\t\t<div class=\"elementor-element elementor-element-d7a2d6e elementor-widget elementor-widget-text-editor\" data-id=\"d7a2d6e\" data-element_type=\"widget\" data-e-type=\"widget\" data-widget_type=\"text-editor.default\">\n\t\t\t\t<div class=\"elementor-widget-container\">\n\t\t\t\t\t\t\t\t\t<p>El Escuadr\u00f3n de la Sonrisa de Bellota es un programa divertido y atractivo. Los miembros del Escuadr\u00f3n de la Sonrisa tienen la oportunidad de ganar premios a medida que avanzan en su viaje de iniciar un tratamiento de ortodoncia. El programa es completamente <strong>gratuito<\/strong> y se te inscribe autom\u00e1ticamente despu\u00e9s de tu visita inicial con nosotros.  <\/p>\t\t\t\t\t\t\t\t<\/div>\n\t\t\t\t<\/div>\n\t\t\t\t<\/div>\n\t\t<div data-particle_enable=\"false\" data-particle-mobile-disabled=\"false\" class=\"elementor-element elementor-element-1e38686 e-con-full e-flex e-con e-child\" data-id=\"1e38686\" data-element_type=\"container\" data-e-type=\"container\">\n\t\t\t\t<div class=\"elementor-element elementor-element-0037b94 elementor-widget__width-initial elementor-widget elementor-widget-heading\" data-id=\"0037b94\" data-element_type=\"widget\" data-e-type=\"widget\" data-widget_type=\"heading.default\">\n\t\t\t\t<div class=\"elementor-widget-container\">\n\t\t\t\t\t<h2 class=\"elementor-heading-title elementor-size-default\">POR QU\u00c9<\/h2>\t\t\t\t<\/div>\n\t\t\t\t<\/div>\n\t\t\t\t<div class=\"elementor-element elementor-element-2b84326 elementor-widget elementor-widget-text-editor\" data-id=\"2b84326\" data-element_type=\"widget\" data-e-type=\"widget\" data-widget_type=\"text-editor.default\">\n\t\t\t\t<div class=\"elementor-widget-container\">\n\t\t\t\t\t\t\t\t\t<p>Despu\u00e9s de la consulta inicial, puede que no est\u00e9s del todo preparado para empezar un tratamiento de ortodoncia, pero sigue siendo importante que controlemos tu evoluci\u00f3n ortod\u00f3ncica a lo largo del tiempo. Nuestra mascota, <strong>Archie<\/strong>, junto con el resto de nuestro equipo, quieren que sea una experiencia divertida y emocionante.<\/p>\t\t\t\t\t\t\t\t<\/div>\n\t\t\t\t<\/div>\n\t\t\t\t<\/div>\n\t\t\t\t\t<\/div>\n\t\t\t\t<\/div>\n\t\t<div data-particle_enable=\"false\" data-particle-mobile-disabled=\"false\" class=\"elementor-element elementor-element-49cbe84 e-flex e-con-boxed e-con e-parent\" data-id=\"49cbe84\" data-element_type=\"container\" data-e-type=\"container\">\n\t\t\t\t\t<div class=\"e-con-inner\">\n\t\t<div data-particle_enable=\"false\" data-particle-mobile-disabled=\"false\" class=\"elementor-element elementor-element-456194c e-con-full e-flex e-con e-child\" data-id=\"456194c\" data-element_type=\"container\" data-e-type=\"container\">\n\t\t\t\t<div class=\"elementor-element elementor-element-5762130 elementor-widget__width-initial elementor-widget elementor-widget-heading\" data-id=\"5762130\" data-element_type=\"widget\" data-e-type=\"widget\" data-widget_type=\"heading.default\">\n\t\t\t\t<div class=\"elementor-widget-container\">\n\t\t\t\t\t<h2 class=\"elementor-heading-title elementor-size-default\">C\u00d3MO<\/h2>\t\t\t\t<\/div>\n\t\t\t\t<\/div>\n\t\t\t\t<div class=\"elementor-element elementor-element-1a3d9e1 elementor-widget elementor-widget-text-editor\" data-id=\"1a3d9e1\" data-element_type=\"widget\" data-e-type=\"widget\" data-widget_type=\"text-editor.default\">\n\t\t\t\t<div class=\"elementor-widget-container\">\n\t\t\t\t\t\t\t\t\t<p>Una vez que te conviertas en miembro, obtendr\u00e1s autom\u00e1ticamente una insignia de miembro y podr\u00e1s elegir una de nuestras pegatinas OTO personalizadas. Cada visita que nos hagas te har\u00e1 ganar una pegatina en tu insignia, as\u00ed que aseg\u00farate de recordar tu insignia de miembro. \u00a1Cada estrella que alcances te har\u00e1 ganar un premio! Tambi\u00e9n podr\u00e1s participar en nuestros concursos en las redes sociales y en la oficina una vez que te conviertas en miembro.   <\/p>\t\t\t\t\t\t\t\t<\/div>\n\t\t\t\t<\/div>\n\t\t\t\t<\/div>\n\t\t<div data-particle_enable=\"false\" data-particle-mobile-disabled=\"false\" class=\"elementor-element elementor-element-30a1ce8 e-con-full e-flex e-con e-child\" data-id=\"30a1ce8\" data-element_type=\"container\" data-e-type=\"container\">\n\t\t\t\t<div class=\"elementor-element elementor-element-b6374d9 elementor-widget__width-initial elementor-widget elementor-widget-heading\" data-id=\"b6374d9\" data-element_type=\"widget\" data-e-type=\"widget\" data-widget_type=\"heading.default\">\n\t\t\t\t<div class=\"elementor-widget-container\">\n\t\t\t\t\t<h2 class=\"elementor-heading-title elementor-size-default\">CUANDO<\/h2>\t\t\t\t<\/div>\n\t\t\t\t<\/div>\n\t\t\t\t<div class=\"elementor-element elementor-element-97ca3e2 elementor-widget elementor-widget-text-editor\" data-id=\"97ca3e2\" data-element_type=\"widget\" data-e-type=\"widget\" data-widget_type=\"text-editor.default\">\n\t\t\t\t<div class=\"elementor-widget-container\">\n\t\t\t\t\t\t\t\t\t<p>La Asociaci\u00f3n Americana de Ortodoncia recomienda que la <strong>primera<\/strong> visita <strong>de ortodoncia<\/strong> no sea m\u00e1s tarde de los 7 a\u00f1os. Identificar los problemas a una edad temprana, mientras los dientes a\u00fan se est\u00e1n desarrollando y la mand\u00edbula sigue creciendo, puede facilitar su soluci\u00f3n. <\/p>\t\t\t\t\t\t\t\t<\/div>\n\t\t\t\t<\/div>\n\t\t\t\t<\/div>\n\t\t\t\t\t<\/div>\n\t\t\t\t<\/div>\n\t\t\t\t<\/div>\n\t\t","protected":false},"excerpt":{"rendered":"<p>BELLOTA ESCUADR\u00d3N DE LA SONRISA QU\u00c9 El Escuadr\u00f3n de la Sonrisa de Bellota es un programa divertido y atractivo. Los miembros del Escuadr\u00f3n de la Sonrisa tienen la oportunidad de ganar premios a medida que avanzan en su viaje de iniciar un tratamiento de ortodoncia. El programa es completamente gratuito y se te inscribe autom\u00e1ticamente despu\u00e9s de tu [&hellip;]<\/p>\n","protected":false},"author":3,"featured_media":0,"parent":0,"menu_order":14,"comment_status":"closed","ping_status":"closed","template":"","meta":{"_seopress_robots_primary_cat":"","_seopress_titles_title":"Acorn Smile Squad | Ortodoncia Oak Tree en San Antonio TX","_seopress_titles_desc":"El Acorn Smile Squad de Oak Tree Orthodontics, ayuda a los ni\u00f1os que no est\u00e1n preparados para el tratamiento de ortodoncia controlando su crecimiento con visitas divertidas en San Antonio, TX.","_seopress_robots_index":"","footnotes":""},"class_list":["post-5942","page","type-page","status-publish"],"_links":{"self":[{"href":"https:\/\/oaktreeorthodontics.com\/es\/wp-json\/wp\/v2\/pages\/5942","targetHints":{"allow":["GET"]}}],"collection":[{"href":"https:\/\/oaktreeorthodontics.com\/es\/wp-json\/wp\/v2\/pages"}],"about":[{"href":"https:\/\/oaktreeorthodontics.com\/es\/wp-json\/wp\/v2\/types\/page"}],"author":[{"embeddable":true,"href":"https:\/\/oaktreeorthodontics.com\/es\/wp-json\/wp\/v2\/users\/3"}],"replies":[{"embeddable":true,"href":"https:\/\/oaktreeorthodontics.com\/es\/wp-json\/wp\/v2\/comments?post=5942"}],"version-history":[{"count":5,"href":"https:\/\/oaktreeorthodontics.com\/es\/wp-json\/wp\/v2\/pages\/5942\/revisions"}],"predecessor-version":[{"id":6513,"href":"https:\/\/oaktreeorthodontics.com\/es\/wp-json\/wp\/v2\/pages\/5942\/revisions\/6513"}],"wp:attachment":[{"href":"https:\/\/oaktreeorthodontics.com\/es\/wp-json\/wp\/v2\/media?parent=5942"}],"curies":[{"name":"wp","href":"https:\/\/api.w.org\/{rel}","templated":true}]}}