{"id":5935,"date":"2017-05-28T15:25:06","date_gmt":"2017-05-28T15:25:06","guid":{"rendered":"https:\/\/oaktreeorthodontics.com\/invisalign\/"},"modified":"2025-01-16T20:09:34","modified_gmt":"2025-01-16T20:09:34","slug":"invisalign","status":"publish","type":"page","link":"https:\/\/oaktreeorthodontics.com\/es\/invisalign\/","title":{"rendered":"Invisalign"},"content":{"rendered":"\t\t<div data-elementor-type=\"wp-page\" data-elementor-id=\"5935\" class=\"elementor elementor-5935 elementor-1133\" data-elementor-post-type=\"page\">\n\t\t\t\t\t\t<section data-particle_enable=\"false\" data-particle-mobile-disabled=\"false\" class=\"elementor-section elementor-top-section elementor-element elementor-element-cd959d9 elementor-section-boxed elementor-section-height-default elementor-section-height-default\" data-id=\"cd959d9\" data-element_type=\"section\" data-e-type=\"section\">\n\t\t\t\t\t\t<div class=\"elementor-container elementor-column-gap-default\">\n\t\t\t\t\t<div class=\"elementor-column elementor-col-100 elementor-top-column elementor-element elementor-element-7fcd531c\" data-id=\"7fcd531c\" data-element_type=\"column\" data-e-type=\"column\">\n\t\t\t<div class=\"elementor-widget-wrap elementor-element-populated\">\n\t\t\t\t\t\t<div class=\"elementor-element elementor-element-406dd3c6 elementor-widget elementor-widget-text-editor\" data-id=\"406dd3c6\" data-element_type=\"widget\" data-e-type=\"widget\" data-widget_type=\"text-editor.default\">\n\t\t\t\t<div class=\"elementor-widget-container\">\n\t\t\t\t\t\t\t\t\t<h2>Alineadores transparentes Invisalign para adultos y adolescentes en San Antonio, TX<\/h2>\n<p>\u00a1Consigue una sonrisa m\u00e1s recta y sana sin que nadie lo note! En Oak Tree Orthodontics, la <a href=\"https:\/\/polczynski.klsite.dev\/orthodontist-alexis-polczynski\/\">Dra. Alexis Polczynski<\/a>, proveedor certificado de Invisalign, ofrece esta innovadora soluci\u00f3n ortod\u00f3ncica para ayudar a pacientes de todas las edades a transformar sus sonrisas de forma discreta y c\u00f3moda. <\/p>\n<h2>\u00bfQu\u00e9 hace que Invisalign sea \u00fanico?<\/h2>\n<p>Invisalign emplea avanzadas t\u00e9cnicas de imagen por ordenador en 3D para dise\u00f1ar una serie de alineadores transparentes a medida que desplazan gradualmente tus dientes hasta la posici\u00f3n correcta. Miles de ortodoncistas de Estados Unidos y Canad\u00e1 utilizan los alineadores transparentes Invisalign para tratar a sus pacientes con eficacia y precisi\u00f3n. \u00bfEl resultado? A menudo se consigue una sonrisa bonita y recta en tan s\u00f3lo un a\u00f1o.   <\/p>\n<ul>\n<li><strong>Est\u00e9ticos:<\/strong> Los alineadores son transparentes, por lo que son menos visibles y m\u00e1s est\u00e9ticos que <a href=\"https:\/\/polczynski.klsite.dev\/types-of-braces\/\">los aparatos de ortodoncia<\/a>.<\/li>\n<li><strong>Ajuste c\u00f3modo:<\/strong> Hechos de pl\u00e1stico liso y redondeado, los alineadores Invisalign son suaves con las enc\u00edas y la boca.<\/li>\n<li><strong>A tu medida:<\/strong> Cada alineador se adapta perfectamente a tus dientes para obtener resultados \u00f3ptimos.<\/li>\n<li><strong>De quita y pon:<\/strong> Disfruta de tus comidas favoritas, cep\u00edllate los dientes y usa el hilo dental con facilidad: s\u00f3lo tienes que quitarte los alineadores cuando lo necesites.<\/li>\n<li><strong>Eficaz:<\/strong> Pueden observarse resultados notables incluso antes de finalizar el tratamiento.<\/li>\n<\/ul>\n\t\t\t\t\t\t\t\t<\/div>\n\t\t\t\t<\/div>\n\t\t\t\t<div class=\"elementor-element elementor-element-70fbecf elementor-widget elementor-widget-video\" data-id=\"70fbecf\" data-element_type=\"widget\" data-e-type=\"widget\" data-settings=\"{&quot;youtube_url&quot;:&quot;https:\\\/\\\/youtu.be\\\/pOEk3Z0RbWE&quot;,&quot;video_type&quot;:&quot;youtube&quot;,&quot;controls&quot;:&quot;yes&quot;}\" data-widget_type=\"video.default\">\n\t\t\t\t<div class=\"elementor-widget-container\">\n\t\t\t\t\t\t\t<div class=\"elementor-wrapper elementor-open-inline\">\n\t\t\t<div class=\"elementor-video\"><\/div>\t\t<\/div>\n\t\t\t\t\t\t<\/div>\n\t\t\t\t<\/div>\n\t\t\t\t\t<\/div>\n\t\t<\/div>\n\t\t\t\t\t<\/div>\n\t\t<\/section>\n\t\t\t\t<section data-particle_enable=\"false\" data-particle-mobile-disabled=\"false\" class=\"elementor-section elementor-top-section elementor-element elementor-element-28af0ce elementor-section-boxed elementor-section-height-default elementor-section-height-default\" data-id=\"28af0ce\" data-element_type=\"section\" data-e-type=\"section\">\n\t\t\t\t\t\t<div class=\"elementor-container elementor-column-gap-default\">\n\t\t\t\t\t<div class=\"elementor-column elementor-col-100 elementor-top-column elementor-element elementor-element-ca67e11\" data-id=\"ca67e11\" data-element_type=\"column\" data-e-type=\"column\">\n\t\t\t<div class=\"elementor-widget-wrap elementor-element-populated\">\n\t\t\t\t\t\t<div class=\"elementor-element elementor-element-4eae875 elementor-widget elementor-widget-text-editor\" data-id=\"4eae875\" data-element_type=\"widget\" data-e-type=\"widget\" data-widget_type=\"text-editor.default\">\n\t\t\t\t<div class=\"elementor-widget-container\">\n\t\t\t\t\t\t\t\t\t<h2>\u00bfPor qu\u00e9 elegir Invisalign?<\/h2>\n<p>Pacientes de todo el mundo est\u00e1n experimentando la comodidad y confianza que proporciona Invisalign. En Oak Tree Orthodontics, estamos orgullosos de ofrecer este avanzado tratamiento a nuestros pacientes. A continuaci\u00f3n te explicamos por qu\u00e9 a ti tambi\u00e9n te encantar\u00e1:  <\/p>\n<ul>\n<li><strong>Alisamiento discreto:<\/strong> Endereza tus dientes sin los alambres y brackets visibles de los aparatos tradicionales.<\/li>\n<li><strong>Sin restricciones de comida:<\/strong> Qu\u00edtate los alineadores para disfrutar de tus comidas favoritas sin preocuparte de da\u00f1ar los brackets.<\/li>\n<li><strong>Mant\u00e9n tu estilo de vida:<\/strong> Invisalign es perfecto para deportistas, profesionales y cualquier persona con un estilo de vida activo.<\/li>\n<li><strong>F\u00e1cil mantenimiento:<\/strong> Menos visitas a la consulta y un cuidado sencillo de los alineadores hacen que el tratamiento no tenga complicaciones.<\/li>\n<\/ul>\n<h2>Precio de Invisalign<\/h2>\n<p>Invertir en tu sonrisa es invertir en ti mismo. En Oak Tree Orthodontics, nos comprometemos a hacer asequible el tratamiento Invisalign ofreci\u00e9ndote <a href=\"https:\/\/polczynski.klsite.dev\/orthodontic-financing\/\">planes de pago<\/a> flexibles y personalizados a tus necesidades. <\/p>\n<p>El precio de Invisalign var\u00eda en funci\u00f3n de factores como la complejidad de tu tratamiento y la duraci\u00f3n de tu plan. Para facilitarte el camino, te ofrecemos: <\/p>\n<ul>\n<li><strong>Opciones de pago inicial bajo o nulo<\/strong>: Comienza tu tratamiento con unos costes iniciales m\u00ednimos.<\/li>\n<li><strong>Compatibilidad con el Plan Flex<\/strong>: Utiliza tu cuenta de gastos flexible para ayudarte a cubrir los gastos.<\/li>\n<li><strong>Se aceptan las principales tarjetas de cr\u00e9dito<\/strong>: C\u00f3modos m\u00e9todos de pago para tu tranquilidad.<\/li>\n<\/ul>\n<p>Adem\u00e1s, muchos planes de seguro dental incluyen cobertura para Invisalign. Nuestro equipo te ayudar\u00e1 a navegar por tus prestaciones para asegurarte de que sacas el m\u00e1ximo partido a tu plan. <\/p>\n<h2>Tu experiencia hacia el tratamiento Invisalign<\/h2>\n<p>Cuando empieces el tratamiento Invisalign en Oak Tree Orthodontics, esto es lo que puedes esperar:<\/p>\n<ol>\n<li><strong>Alineadores personalizados:<\/strong> Utilizando im\u00e1genes de \u00faltima generaci\u00f3n, la Dra. Polczynski crea un plan de tratamiento detallado y te proporciona una serie de alineadores.<\/li>\n<li><strong>Revisiones peri\u00f3dicas de progreso:<\/strong> Programaremos revisiones para entregarte nuevos alineadores y asegurarnos de que tus dientes se est\u00e1n alineando seg\u00fan lo previsto.<\/li>\n<li><strong>Transformaci\u00f3n paso a paso:<\/strong> Cada alineador acerca gradualmente tus dientes a la sonrisa de tus sue\u00f1os. Sigue las indicaciones de la Dra. Polczynski para obtener los mejores resultados. <\/li>\n<\/ol>\n<h2>\u00bfListo para empezar?<\/h2>\n<p>Tanto si eres un adulto que busca una soluci\u00f3n de ortodoncia discreta como si eres un padre que explora opciones para su hijo adolescente, Invisalign ofrece un camino eficaz y c\u00f3modo hacia una sonrisa impresionante. <a href=\"https:\/\/polczynski.klsite.dev\/orthodontist-braces-san-antonio-tx\/\">Ponte en contacto con nosotros<\/a> para programar tu <a href=\"https:\/\/polczynski.klsite.dev\/request-an-appointment\/\">evaluaci\u00f3n<\/a> gratuita de Invisalign con la Dra. Polczynski. Deja que te ayudemos a conseguir la sonrisa que siempre has deseado, de forma asequible y c\u00f3moda. <\/p>\n\t\t\t\t\t\t\t\t<\/div>\n\t\t\t\t<\/div>\n\t\t\t\t\t<\/div>\n\t\t<\/div>\n\t\t\t\t\t<\/div>\n\t\t<\/section>\n\t\t\t\t<\/div>\n\t\t","protected":false},"excerpt":{"rendered":"<p>Alineadores transparentes Invisalign para adultos y adolescentes en San Antonio, TX \u00a1Consigue una sonrisa m\u00e1s recta y sana sin que nadie lo note! En Oak Tree Orthodontics, la Dra. Alexis Polczynski, proveedor certificado de Invisalign, ofrece esta innovadora soluci\u00f3n ortod\u00f3ncica para ayudar a pacientes de todas las edades a transformar sus sonrisas de forma discreta y c\u00f3moda. \u00bfQu\u00e9 [&hellip;]<\/p>\n","protected":false},"author":3,"featured_media":0,"parent":0,"menu_order":43,"comment_status":"closed","ping_status":"closed","template":"","meta":{"_seopress_robots_primary_cat":"","_seopress_titles_title":"Alineadores transparentes San Antonio TX | Oak Tree Orthodontics","_seopress_titles_desc":"Oak Tree Orthodontics ofrece alineadores transparentes para el tratamiento de ortodoncia en San Antonio, TX, con una atenci\u00f3n personalizada avanzada que se adapta a tu estilo de vida.","_seopress_robots_index":"","footnotes":""},"class_list":["post-5935","page","type-page","status-publish"],"_links":{"self":[{"href":"https:\/\/oaktreeorthodontics.com\/es\/wp-json\/wp\/v2\/pages\/5935","targetHints":{"allow":["GET"]}}],"collection":[{"href":"https:\/\/oaktreeorthodontics.com\/es\/wp-json\/wp\/v2\/pages"}],"about":[{"href":"https:\/\/oaktreeorthodontics.com\/es\/wp-json\/wp\/v2\/types\/page"}],"author":[{"embeddable":true,"href":"https:\/\/oaktreeorthodontics.com\/es\/wp-json\/wp\/v2\/users\/3"}],"replies":[{"embeddable":true,"href":"https:\/\/oaktreeorthodontics.com\/es\/wp-json\/wp\/v2\/comments?post=5935"}],"version-history":[{"count":8,"href":"https:\/\/oaktreeorthodontics.com\/es\/wp-json\/wp\/v2\/pages\/5935\/revisions"}],"predecessor-version":[{"id":6295,"href":"https:\/\/oaktreeorthodontics.com\/es\/wp-json\/wp\/v2\/pages\/5935\/revisions\/6295"}],"wp:attachment":[{"href":"https:\/\/oaktreeorthodontics.com\/es\/wp-json\/wp\/v2\/media?parent=5935"}],"curies":[{"name":"wp","href":"https:\/\/api.w.org\/{rel}","templated":true}]}}