{"id":5929,"date":"2017-02-06T11:24:42","date_gmt":"2017-02-06T11:24:42","guid":{"rendered":"https:\/\/oaktreeorthodontics.com\/acerca-de-la-certificacion-de-la-junta\/"},"modified":"2025-01-15T14:53:34","modified_gmt":"2025-01-15T14:53:34","slug":"acerca-de-la-certificacion-de-la-junta","status":"publish","type":"page","link":"https:\/\/oaktreeorthodontics.com\/es\/acerca-de-la-certificacion-de-la-junta\/","title":{"rendered":"Acerca de la certificaci\u00f3n de la Junta"},"content":{"rendered":"\t\t<div data-elementor-type=\"wp-page\" data-elementor-id=\"5929\" class=\"elementor elementor-5929 elementor-1639\" data-elementor-post-type=\"page\">\n\t\t\t\t\t\t<section data-particle_enable=\"false\" data-particle-mobile-disabled=\"false\" class=\"elementor-section elementor-top-section elementor-element elementor-element-5a486773 elementor-section-boxed elementor-section-height-default elementor-section-height-default\" data-id=\"5a486773\" data-element_type=\"section\" data-e-type=\"section\">\n\t\t\t\t\t\t<div class=\"elementor-container elementor-column-gap-default\">\n\t\t\t\t\t<div class=\"elementor-column elementor-col-100 elementor-top-column elementor-element elementor-element-f9d0571\" data-id=\"f9d0571\" data-element_type=\"column\" data-e-type=\"column\">\n\t\t\t<div class=\"elementor-widget-wrap elementor-element-populated\">\n\t\t\t\t\t\t<div class=\"elementor-element elementor-element-33e0cecf elementor-widget elementor-widget-text-editor\" data-id=\"33e0cecf\" data-element_type=\"widget\" data-e-type=\"widget\" data-widget_type=\"text-editor.default\">\n\t\t\t\t<div class=\"elementor-widget-container\">\n\t\t\t\t\t\t\t\t\t<h2>\u00bfTodos los ortodoncistas est\u00e1n colegiados?<\/h2>\n<p>No, no todos los ortodoncistas est\u00e1n colegiados. Aunque todos los ortodoncistas deben estar colegiados para ejercer, menos de la mitad han obtenido la certificaci\u00f3n de la <a href=\"https:\/\/www.americanboardortho.com\/patients\/\">Junta Americana de Ortodoncia (ABO<\/a>). <\/p>\n<p>La certificaci\u00f3n de la ABO significa un logro importante, que va m\u00e1s all\u00e1 de los dos o tres a\u00f1os de formaci\u00f3n avanzada necesarios para convertirse en especialista en ortodoncia. La certificaci\u00f3n de la Junta es voluntaria, y no todos los ortodoncistas deciden completar este proceso. <\/p>\n<h2>\u00bfCu\u00e1ntas juntas certificadoras reconoce la Asociaci\u00f3n Dental Americana en ortodoncia?<\/h2>\n<p>S\u00f3lo hay una: la Junta Americana de Ortodoncia (ABO). Fundada en 1929, la ABO es la junta especializada en odontolog\u00eda m\u00e1s antigua y la \u00fanica junta certificadora en ortodoncia reconocida por la Asociaci\u00f3n Dental Americana. Su misi\u00f3n es mejorar la calidad de la atenci\u00f3n ortod\u00f3ncica fomentando la excelencia mediante la certificaci\u00f3n, la formaci\u00f3n y la colaboraci\u00f3n profesional.  <\/p>\n<h2>\u00bfPor qu\u00e9 los ortodoncistas optan por obtener la certificaci\u00f3n de la junta?<\/h2>\n<p>Los ortodoncistas que completan el proceso de certificaci\u00f3n voluntaria demuestran lo siguiente:<\/p>\n<ul>\n<li>Compromiso con la excelencia en la atenci\u00f3n al paciente y los m\u00e1s altos est\u00e1ndares profesionales<\/li>\n<li>Dedicaci\u00f3n a estar al d\u00eda de los avances en ortodoncia<\/li>\n<li>Voluntad de prestar una atenci\u00f3n innovadora y mantener un aprendizaje permanente<\/li>\n<\/ul>\n<p>La certificaci\u00f3n de la Junta refleja la dedicaci\u00f3n de un profesional a su especialidad y representa el m\u00e1s alto nivel de logros personales y profesionales.<\/p>\n\t\t\t\t\t\t\t\t<\/div>\n\t\t\t\t<\/div>\n\t\t\t\t<section data-particle_enable=\"false\" data-particle-mobile-disabled=\"false\" class=\"elementor-section elementor-inner-section elementor-element elementor-element-a045f1a elementor-reverse-tablet elementor-reverse-mobile elementor-section-boxed elementor-section-height-default elementor-section-height-default\" data-id=\"a045f1a\" data-element_type=\"section\" data-e-type=\"section\">\n\t\t\t\t\t\t<div class=\"elementor-container elementor-column-gap-default\">\n\t\t\t\t\t<div class=\"elementor-column elementor-col-50 elementor-inner-column elementor-element elementor-element-84c6575\" data-id=\"84c6575\" data-element_type=\"column\" data-e-type=\"column\">\n\t\t\t<div class=\"elementor-widget-wrap elementor-element-populated\">\n\t\t\t\t\t\t<div class=\"elementor-element elementor-element-d9af744 elementor-widget elementor-widget-text-editor\" data-id=\"d9af744\" data-element_type=\"widget\" data-e-type=\"widget\" data-widget_type=\"text-editor.default\">\n\t\t\t\t<div class=\"elementor-widget-container\">\n\t\t\t\t\t\t\t\t\t<h2>\u00bfQu\u00e9 implica el proceso de certificaci\u00f3n ABO?<\/h2>\n<p>El proceso de certificaci\u00f3n, establecido en 1929, ha evolucionado para satisfacer las necesidades de la ortodoncia moderna. Incluye: <\/p>\n<ul>\n<li>Un riguroso examen escrito y cl\u00ednico que eval\u00faa los conocimientos y habilidades del ortodoncista en todas las \u00e1reas de la pr\u00e1ctica ortod\u00f3ncica.<\/li>\n<li>Renovaci\u00f3n de la certificaci\u00f3n cada 10 a\u00f1os, lo que garantiza la excelencia continuada en la atenci\u00f3n al paciente y el conocimiento de los avances en este campo.<\/li>\n<\/ul>\n<p>La superaci\u00f3n con \u00e9xito del proceso otorga al ortodoncista la certificaci\u00f3n de la junta por un periodo de tiempo limitado, que debe mantener mediante la excelencia profesional continua.<\/p>\n\t\t\t\t\t\t\t\t<\/div>\n\t\t\t\t<\/div>\n\t\t\t\t\t<\/div>\n\t\t<\/div>\n\t\t\t\t<div class=\"elementor-column elementor-col-50 elementor-inner-column elementor-element elementor-element-10ef90b\" data-id=\"10ef90b\" data-element_type=\"column\" data-e-type=\"column\">\n\t\t\t<div class=\"elementor-widget-wrap elementor-element-populated\">\n\t\t\t\t\t\t<div class=\"elementor-element elementor-element-7ab9863 elementor-widget elementor-widget-image\" data-id=\"7ab9863\" data-element_type=\"widget\" data-e-type=\"widget\" data-widget_type=\"image.default\">\n\t\t\t\t<div class=\"elementor-widget-container\">\n\t\t\t\t\t\t\t\t\t\t\t\t\t\t\t\t<a href=\"https:\/\/oaktreeorthodontics.com\/wp-content\/uploads\/2022\/12\/ABO.jpg\" data-elementor-open-lightbox=\"yes\" data-elementor-lightbox-title=\"Advanced Technology\" data-elementor-lightbox-description=\"&lt;style&gt;\/*! elementor - v3.10.2 - 29-01-2023 *\/\n.elementor-heading-title{padding:0;margin:0;line-height:1}.elementor-widget-heading .elementor-heading-title[class*=elementor-size-]&gt;a{color:inherit;font-size:inherit;line-height:inherit}.elementor-widget-heading .elementor-heading-title.elementor-size-small{font-size:15px}.elementor-widget-heading .elementor-heading-title.elementor-size-medium{font-size:19px}.elementor-widget-heading .elementor-heading-title.elementor-size-large{font-size:29px}.elementor-widget-heading .elementor-heading-title.elementor-size-xl{font-size:39px}.elementor-widget-heading .elementor-heading-title.elementor-size-xxl{font-size:59px}&lt;\/style&gt;&lt;h3&gt;Improved Patient Experience&lt;\/h3&gt;\t\t\n\t\t&lt;p&gt;Lorem ipsum dolor sit amet, consectetur adipiscing elit, sed do eiusmod tempor incididunt ut labore et dolore magna aliqua. Ornare quam viverra orci sagittis eu volutpat. Ut sem nulla pharetra diam sit amet. Enim facilisis gravida neque convallis a.&lt;\/p&gt;&lt;p&gt;Aliquam id diam maecenas ultricies mi eget mauris pharetra et. Varius vel pharetra vel turpis nunc. Massa sapien faucibus et molestie ac. Eget felis eget nunc lobortis mattis aliquam faucibus purus in. Turpis massa sed elementum tempus egestas. Sed vulputate odio ut enim blandit volutpat maecenas. Est lorem ipsum dolor sit amet consectetur adipiscing elit. Mattis pellentesque id nibh tortor id aliquet lectus.&lt;\/p&gt;\t\t\n\t\t\t&lt;h3&gt;Improved Patient Experience&lt;\/h3&gt;\t\t\n\t\t\t&lt;link rel=&quot;stylesheet&quot; href=&quot;https:\/\/oaktreeorthodontics.com\/wp-content\/plugins\/elementor\/assets\/css\/widget-icon-box.min.css&quot;&gt;\t\t\n\t\t\t\t&lt;h3&gt;\n\t\t\t\t\t\tFaster Treatment Times\t\t\t\t\t\n\t\t\t\t&lt;\/h3&gt;\n\t\t\t\t&lt;h3&gt;\n\t\t\t\t\t\tIncreased Patient Comfort\t\t\t\t\t\n\t\t\t\t&lt;\/h3&gt;\n\t\t\t\t&lt;h3&gt;\n\t\t\t\t\t\tFewer In-Office Appointments\t\t\t\t\t\n\t\t\t\t&lt;\/h3&gt;\n\t\t\t\t&lt;h3&gt;\n\t\t\t\t\t\tMore Precise Tooth Alignment\t\t\t\t\t\n\t\t\t\t&lt;\/h3&gt;\n\t\t\t&lt;style&gt;\/*! elementor-pro - v3.10.3 - 29-01-2023 *\/\n.elementor-slides .swiper-slide-bg{background-size:cover;background-position:50%;background-repeat:no-repeat;min-width:100%;min-height:100%}.elementor-slides .swiper-slide-inner{background-repeat:no-repeat;background-position:50%;position:absolute;top:0;left:0;bottom:0;right:0;padding:50px;margin:auto}.elementor-slides .swiper-slide-inner,.elementor-slides .swiper-slide-inner:hover{color:#fff;display:flex}.elementor-slides .swiper-slide-inner .elementor-background-overlay{position:absolute;z-index:0;top:0;bottom:0;left:0;right:0}.elementor-slides .swiper-slide-inner .elementor-slide-content{position:relative;z-index:1;width:100%}.elementor-slides .swiper-slide-inner .elementor-slide-heading{font-size:35px;font-weight:700;line-height:1}.elementor-slides .swiper-slide-inner .elementor-slide-description{font-size:17px;line-height:1.4}.elementor-slides .swiper-slide-inner .elementor-slide-description:not(:last-child),.elementor-slides .swiper-slide-inner .elementor-slide-heading:not(:last-child){margin-bottom:30px}.elementor-slides .swiper-slide-inner .elementor-slide-button{border:2px solid #fff;color:#fff;background:transparent;display:inline-block}.elementor-slides .swiper-slide-inner .elementor-slide-button,.elementor-slides .swiper-slide-inner .elementor-slide-button:hover{background:transparent;color:inherit;text-decoration:none}.elementor--v-position-top .swiper-slide-inner{align-items:flex-start}.elementor--v-position-bottom .swiper-slide-inner{align-items:flex-end}.elementor--v-position-middle .swiper-slide-inner{align-items:center}.elementor--h-position-left .swiper-slide-inner{justify-content:flex-start}.elementor--h-position-right .swiper-slide-inner{justify-content:flex-end}.elementor--h-position-center .swiper-slide-inner{justify-content:center}body.rtl .elementor-widget-slides .elementor-swiper-button-next{left:10px;right:auto}body.rtl .elementor-widget-slides .elementor-swiper-button-prev{right:10px;left:auto}.elementor-slides-wrapper div:not(.swiper-slide)&gt;.swiper-slide-inner{display:none}@media (max-width:767px){.elementor-slides .swiper-slide-inner{padding:30px}.elementor-slides .swiper-slide-inner .elementor-slide-heading{font-size:23px;line-height:1;margin-bottom:15px}.elementor-slides .swiper-slide-inner .elementor-slide-description{font-size:13px;line-height:1.4;margin-bottom:15px}}&lt;\/style&gt;\t\t\n\t\t\t\t\t\t\t\t\t\t&lt;a href=&quot;#&quot;&gt;InvisalignHave you ever wished for a straighter, healthier smile, but not looked forward to all the metal wires and bands that often go along with braces? At Kaitlin McClure Orthodontics we can make your dream of having a new smile come to life. Invisalign uses a series of customized, clear aligners to straighten teeth faster and with fewer office visits than traditional braces.Learn More&lt;\/a&gt;&lt;a href=&quot;#&quot;&gt;InvisalignHave you ever wished for a straighter, healthier smile, but not looked forward to all the metal wires and bands that often go along with braces? At Kaitlin McClure Orthodontics we can make your dream of having a new smile come to life. Invisalign uses a series of customized, clear aligners to straighten teeth faster and with fewer office visits than traditional braces.Learn More&lt;\/a&gt;\t\t\t\t\n\t\t\t\t\t\t\t\t\t\t\t\t\t\tPrevious\n\t\t\t\t\t\t\t\t\t\t\t\t\t\tNext\" data-e-action-hash=\"#elementor-action%3Aaction%3Dlightbox%26settings%3DeyJpZCI6MzY0MSwidXJsIjpmYWxzZX0%3D\">\n\t\t\t\t\t\t\t<img decoding=\"async\" src=\"https:\/\/oaktreeorthodontics.com\/wp-content\/uploads\/2022\/12\/ABO.jpg\" title=\"\" alt=\"\" loading=\"lazy\" \/>\t\t\t\t\t\t\t\t<\/a>\n\t\t\t\t\t\t\t\t\t\t\t\t\t\t\t<\/div>\n\t\t\t\t<\/div>\n\t\t\t\t\t<\/div>\n\t\t<\/div>\n\t\t\t\t\t<\/div>\n\t\t<\/section>\n\t\t\t\t\t<\/div>\n\t\t<\/div>\n\t\t\t\t\t<\/div>\n\t\t<\/section>\n\t\t\t\t<\/div>\n\t\t","protected":false},"excerpt":{"rendered":"<p>\u00bfTodos los ortodoncistas est\u00e1n colegiados? No, no todos los ortodoncistas est\u00e1n colegiados. Aunque todos los ortodoncistas deben estar colegiados para ejercer, menos de la mitad han obtenido la certificaci\u00f3n de la Junta Americana de Ortodoncia (ABO). La certificaci\u00f3n de la ABO significa un logro importante, que va m\u00e1s all\u00e1 de los dos o tres a\u00f1os de formaci\u00f3n avanzada [&hellip;]<\/p>\n","protected":false},"author":3,"featured_media":0,"parent":0,"menu_order":9,"comment_status":"closed","ping_status":"closed","template":"","meta":{"_seopress_robots_primary_cat":"","_seopress_titles_title":"Ortodoncista Certificado San Antonio TX | Oak Tree Orthodontics","_seopress_titles_desc":"Un Ortodoncista Certificado demuestra una competencia avanzada y un compromiso con la excelencia m\u00e1s all\u00e1 de la formaci\u00f3n ortod\u00f3ncica requerida.","_seopress_robots_index":"","footnotes":""},"class_list":["post-5929","page","type-page","status-publish"],"_links":{"self":[{"href":"https:\/\/oaktreeorthodontics.com\/es\/wp-json\/wp\/v2\/pages\/5929","targetHints":{"allow":["GET"]}}],"collection":[{"href":"https:\/\/oaktreeorthodontics.com\/es\/wp-json\/wp\/v2\/pages"}],"about":[{"href":"https:\/\/oaktreeorthodontics.com\/es\/wp-json\/wp\/v2\/types\/page"}],"author":[{"embeddable":true,"href":"https:\/\/oaktreeorthodontics.com\/es\/wp-json\/wp\/v2\/users\/3"}],"replies":[{"embeddable":true,"href":"https:\/\/oaktreeorthodontics.com\/es\/wp-json\/wp\/v2\/comments?post=5929"}],"version-history":[{"count":3,"href":"https:\/\/oaktreeorthodontics.com\/es\/wp-json\/wp\/v2\/pages\/5929\/revisions"}],"predecessor-version":[{"id":6184,"href":"https:\/\/oaktreeorthodontics.com\/es\/wp-json\/wp\/v2\/pages\/5929\/revisions\/6184"}],"wp:attachment":[{"href":"https:\/\/oaktreeorthodontics.com\/es\/wp-json\/wp\/v2\/media?parent=5929"}],"curies":[{"name":"wp","href":"https:\/\/api.w.org\/{rel}","templated":true}]}}