{"id":5928,"date":"2017-02-06T01:35:10","date_gmt":"2017-02-06T01:35:10","guid":{"rendered":"https:\/\/oaktreeorthodontics.com\/retenedores-de-ortodoncia\/"},"modified":"2025-01-16T20:08:23","modified_gmt":"2025-01-16T20:08:23","slug":"retenedores-de-ortodoncia","status":"publish","type":"page","link":"https:\/\/oaktreeorthodontics.com\/es\/retenedores-de-ortodoncia\/","title":{"rendered":"Retenedores de ortodoncia"},"content":{"rendered":"\t\t<div data-elementor-type=\"wp-page\" data-elementor-id=\"5928\" class=\"elementor elementor-5928 elementor-42\" data-elementor-post-type=\"page\">\n\t\t\t\t\t\t<section data-particle_enable=\"false\" data-particle-mobile-disabled=\"false\" class=\"elementor-section elementor-top-section elementor-element elementor-element-64a401e1 elementor-section-boxed elementor-section-height-default elementor-section-height-default\" data-id=\"64a401e1\" data-element_type=\"section\" data-e-type=\"section\">\n\t\t\t\t\t\t<div class=\"elementor-container elementor-column-gap-default\">\n\t\t\t\t\t<div class=\"elementor-column elementor-col-100 elementor-top-column elementor-element elementor-element-6fe7d140\" data-id=\"6fe7d140\" data-element_type=\"column\" data-e-type=\"column\">\n\t\t\t<div class=\"elementor-widget-wrap elementor-element-populated\">\n\t\t\t\t\t\t<div class=\"elementor-element elementor-element-1d4493af elementor-widget elementor-widget-text-editor\" data-id=\"1d4493af\" data-element_type=\"widget\" data-e-type=\"widget\" data-widget_type=\"text-editor.default\">\n\t\t\t\t<div class=\"elementor-widget-container\">\n\t\t\t\t\t\t\t\t\t<p><span data-preserver-spaces=\"true\">Tu sonrisa bonita y recta es el resultado de tu compromiso con el tratamiento de ortodoncia. Para mantener tu sonrisa perfecta durante a\u00f1os, es esencial que lleves los retenedores siguiendo las instrucciones de   <\/span><a class=\"editor-rtfLink\" href=\"https:\/\/polczynski.klsite.dev\/orthodontist-alexis-polczynski\/\" target=\"_blank\" rel=\"noopener\"><span data-preserver-spaces=\"true\">Dra. Alexis Polczynski<\/span><\/a><span data-preserver-spaces=\"true\">. Retainers play a crucial role in stabilizing your teeth after your   <\/span><a class=\"editor-rtfLink\" href=\"https:\/\/polczynski.klsite.dev\/types-of-braces\/\" target=\"_blank\" rel=\"noopener\"><span data-preserver-spaces=\"true\">aparatos<\/span><\/a><span data-preserver-spaces=\"true\"> se retiran, proporcion\u00e1ndote toda una vida de beneficios de tu tratamiento de ortodoncia.<\/span><\/p>\n<h2>Importancia de llevar el retenedor<\/h2>\n<p><span data-preserver-spaces=\"true\">Una vez retirados los aparatos, los retenedores ayudan a los dientes a asentarse en su nueva posici\u00f3n. Durante varios meses despu\u00e9s del tratamiento, tus huesos y tejidos blandos siguen adapt\u00e1ndose, por lo que es vital que lleves el retenedor seg\u00fan las indicaciones.   <\/span><\/p>\n<p><span data-preserver-spaces=\"true\">Si no te pones el retenedor con regularidad, tus dientes pueden volver a su posici\u00f3n original, lo que podr\u00eda requerir un nuevo tratamiento. Seguir las instrucciones del Dra. Polczynski es importante para que tu sonrisa siga siendo lo m\u00e1s bonita y recta posible. <\/span><\/p>\n\t\t\t\t\t\t\t\t<\/div>\n\t\t\t\t<\/div>\n\t\t\t\t<div class=\"elementor-element elementor-element-9960cd6 elementor-widget elementor-widget-video\" data-id=\"9960cd6\" data-element_type=\"widget\" data-e-type=\"widget\" data-settings=\"{&quot;youtube_url&quot;:&quot;https:\\\/\\\/youtu.be\\\/5pl9vUFL6ZU&quot;,&quot;video_type&quot;:&quot;youtube&quot;,&quot;controls&quot;:&quot;yes&quot;}\" data-widget_type=\"video.default\">\n\t\t\t\t<div class=\"elementor-widget-container\">\n\t\t\t\t\t\t\t<div class=\"elementor-wrapper elementor-open-inline\">\n\t\t\t<div class=\"elementor-video\"><\/div>\t\t<\/div>\n\t\t\t\t\t\t<\/div>\n\t\t\t\t<\/div>\n\t\t\t\t\t<\/div>\n\t\t<\/div>\n\t\t\t\t\t<\/div>\n\t\t<\/section>\n\t\t\t\t<section data-particle_enable=\"false\" data-particle-mobile-disabled=\"false\" class=\"elementor-section elementor-top-section elementor-element elementor-element-0f2000d elementor-section-boxed elementor-section-height-default elementor-section-height-default\" data-id=\"0f2000d\" data-element_type=\"section\" data-e-type=\"section\">\n\t\t\t\t\t\t<div class=\"elementor-container elementor-column-gap-default\">\n\t\t\t\t\t<div class=\"elementor-column elementor-col-100 elementor-top-column elementor-element elementor-element-adc445c\" data-id=\"adc445c\" data-element_type=\"column\" data-e-type=\"column\">\n\t\t\t<div class=\"elementor-widget-wrap elementor-element-populated\">\n\t\t\t\t\t\t<div class=\"elementor-element elementor-element-1e195da elementor-widget elementor-widget-text-editor\" data-id=\"1e195da\" data-element_type=\"widget\" data-e-type=\"widget\" data-widget_type=\"text-editor.default\">\n\t\t\t\t<div class=\"elementor-widget-container\">\n\t\t\t\t\t\t\t\t\t<h2>Tipos de retenedores de ortodoncia<\/h2>\n<h3>Retenedores extra\u00edbles<\/h3>\n<p>Para mantener intacta tu sonrisa, se recomienda llevar un retenedor extra\u00edble a largo plazo. Durante el primer a\u00f1o tras la retirada de los aparatos, debes llevarlos todo lo posible. Despu\u00e9s de este periodo, puedes pasar a llevar el retenedor principalmente por la noche. A lo largo de los a\u00f1os, debes seguir llevando el retenedor unas cuantas noches a la semana para evitar que los dientes se desplacen.   <\/p>\n\t\t\t\t\t\t\t\t<\/div>\n\t\t\t\t<\/div>\n\t\t\t\t<section data-particle_enable=\"false\" data-particle-mobile-disabled=\"false\" class=\"elementor-section elementor-inner-section elementor-element elementor-element-2f437c8 elementor-section-boxed elementor-section-height-default elementor-section-height-default\" data-id=\"2f437c8\" data-element_type=\"section\" data-e-type=\"section\">\n\t\t\t\t\t\t<div class=\"elementor-container elementor-column-gap-default\">\n\t\t\t\t\t<div class=\"elementor-column elementor-col-50 elementor-inner-column elementor-element elementor-element-53a8473\" data-id=\"53a8473\" data-element_type=\"column\" data-e-type=\"column\">\n\t\t\t<div class=\"elementor-widget-wrap elementor-element-populated\">\n\t\t\t\t\t\t<div class=\"elementor-element elementor-element-18adb2c elementor-widget elementor-widget-heading\" data-id=\"18adb2c\" data-element_type=\"widget\" data-e-type=\"widget\" data-widget_type=\"heading.default\">\n\t\t\t\t<div class=\"elementor-widget-container\">\n\t\t\t\t\t<h4 class=\"elementor-heading-title elementor-size-default\">Retenedor Hawley<\/h4>\t\t\t\t<\/div>\n\t\t\t\t<\/div>\n\t\t\t\t<div class=\"elementor-element elementor-element-8215de6 elementor-widget elementor-widget-text-editor\" data-id=\"8215de6\" data-element_type=\"widget\" data-e-type=\"widget\" data-widget_type=\"text-editor.default\">\n\t\t\t\t<div class=\"elementor-widget-container\">\n\t\t\t\t\t\t\t\t\t<p>El retenedor Hawley es un estilo tradicional fabricado con alambres acr\u00edlicos y de acero inoxidable. Es una opci\u00f3n duradera que garantiza que tus dientes permanezcan alineados despu\u00e9s del tratamiento. <\/p>\n<p data-pm-slice=\"1 1 []\"><picture class=\"aligncenter size-full wp-image-4568\"><source srcset=\"https:\/\/alexander.klsite.dev\/wp-content\/uploads\/2023\/02\/hawley-retainer-white-background-600px.jpg.webp 600w, https:\/\/alexander.klsite.dev\/wp-content\/uploads\/2023\/02\/hawley-retainer-white-background-600px-300x152.jpg.webp 300w\" type=\"image\/webp\" sizes=\"(max-width: 600px) 100vw, 600px\"><\/source><\/picture><\/p>\n\t\t\t\t\t\t\t\t<\/div>\n\t\t\t\t<\/div>\n\t\t\t\t<div class=\"elementor-element elementor-element-524f94a elementor-widget elementor-widget-image\" data-id=\"524f94a\" data-element_type=\"widget\" data-e-type=\"widget\" data-widget_type=\"image.default\">\n\t\t\t\t<div class=\"elementor-widget-container\">\n\t\t\t\t\t\t\t\t\t\t\t\t\t\t\t<img decoding=\"async\" src=\"https:\/\/oaktreeorthodontics.com\/wp-content\/uploads\/2023\/03\/hawley-retainer-white-background-600px.jpg\" title=\"\" alt=\"\" loading=\"lazy\" \/>\t\t\t\t\t\t\t\t\t\t\t\t\t\t\t<\/div>\n\t\t\t\t<\/div>\n\t\t\t\t\t<\/div>\n\t\t<\/div>\n\t\t\t\t<div class=\"elementor-column elementor-col-50 elementor-inner-column elementor-element elementor-element-ffc3d05\" data-id=\"ffc3d05\" data-element_type=\"column\" data-e-type=\"column\">\n\t\t\t<div class=\"elementor-widget-wrap elementor-element-populated\">\n\t\t\t\t\t\t<div class=\"elementor-element elementor-element-ece7588 elementor-widget elementor-widget-heading\" data-id=\"ece7588\" data-element_type=\"widget\" data-e-type=\"widget\" data-widget_type=\"heading.default\">\n\t\t\t\t<div class=\"elementor-widget-container\">\n\t\t\t\t\t<h4 class=\"elementor-heading-title elementor-size-default\">Retenedor transparente<\/h4>\t\t\t\t<\/div>\n\t\t\t\t<\/div>\n\t\t\t\t<div class=\"elementor-element elementor-element-a1834f6 elementor-widget elementor-widget-text-editor\" data-id=\"a1834f6\" data-element_type=\"widget\" data-e-type=\"widget\" data-widget_type=\"text-editor.default\">\n\t\t\t\t<div class=\"elementor-widget-container\">\n\t\t\t\t\t\t\t\t\t<p>Los retenedores transparentes est\u00e1n hechos de pl\u00e1stico transparente, parecido a los alineadores transparentes. Ofrecen una soluci\u00f3n m\u00e1s est\u00e9tica para ayudarte a mantener tu sonrisa.<\/p>\n<p data-pm-slice=\"1 1 []\"><picture class=\"aligncenter size-full wp-image-4568\"><source srcset=\"https:\/\/alexander.klsite.dev\/wp-content\/uploads\/2023\/02\/hawley-retainer-white-background-600px.jpg.webp 600w, https:\/\/alexander.klsite.dev\/wp-content\/uploads\/2023\/02\/hawley-retainer-white-background-600px-300x152.jpg.webp 300w\" type=\"image\/webp\" sizes=\"(max-width: 600px) 100vw, 600px\"><\/source><\/picture><\/p>\n\t\t\t\t\t\t\t\t<\/div>\n\t\t\t\t<\/div>\n\t\t\t\t<div class=\"elementor-element elementor-element-54a5963 elementor-widget elementor-widget-image\" data-id=\"54a5963\" data-element_type=\"widget\" data-e-type=\"widget\" data-widget_type=\"image.default\">\n\t\t\t\t<div class=\"elementor-widget-container\">\n\t\t\t\t\t\t\t\t\t\t\t\t\t\t\t<img decoding=\"async\" src=\"https:\/\/oaktreeorthodontics.com\/wp-content\/uploads\/2023\/03\/iStock-1210031986-clear-retainer-essix-vivera-600px.jpg\" title=\"\" alt=\"\" loading=\"lazy\" \/>\t\t\t\t\t\t\t\t\t\t\t\t\t\t\t<\/div>\n\t\t\t\t<\/div>\n\t\t\t\t\t<\/div>\n\t\t<\/div>\n\t\t\t\t\t<\/div>\n\t\t<\/section>\n\t\t\t\t<div class=\"elementor-element elementor-element-b2f95a2 elementor-widget elementor-widget-text-editor\" data-id=\"b2f95a2\" data-element_type=\"widget\" data-e-type=\"widget\" data-widget_type=\"text-editor.default\">\n\t\t\t\t<div class=\"elementor-widget-container\">\n\t\t\t\t\t\t\t\t\t<h4>C\u00f3mo cuidar los retenedores removibles<\/h4>\n<p>El cuidado adecuado de tu retenedor es crucial para su longevidad y eficacia. Sigue estos sencillos consejos para mantener tu retenedor en buen estado:<\/p>\n<ul>\n<li>\n<p><strong>L\u00edmpialo regularmente<\/strong>: Lava tu retenedor con un cepillo de dientes y jab\u00f3n l\u00edquido suave para eliminar la placa. Tambi\u00e9n puedes utilizar soluciones limpiadoras de dentaduras postizas como Efferdent para ayudar a eliminar el sarro. Aseg\u00farate de aclararlo bien para eliminar cualquier residuo.<\/p>\n<\/li>\n<li>\n<p><strong>Evita el calor<\/strong>: Los retenedores son sensibles a las altas temperaturas, as\u00ed que aseg\u00farate de mantenerlos alejados de entornos calientes como lavavajillas, calefactores o salpicaderos de coche. Un calor excesivo puede deformar el retenedor.<\/p>\n<\/li>\n<li>\n<p><strong>Gu\u00e1rdalo adecuadamente<\/strong>: Guarda siempre tu retenedor en su estuche cuando no lo utilices. Esto la proteger\u00e1 de posibles da\u00f1os y evitar\u00e1 que se pierda. Ten cuidado, \u00a1a las mascotas les encanta morder los retenedores!<\/p>\n<\/li>\n<li>\n<p><strong>Sustituci\u00f3n peri\u00f3dica<\/strong>: Tu retenedor puede necesitar ser sustituido con el tiempo. Tu contrato de tratamiento incluye tus retenedores iniciales tras la retirada de los aparatos. En caso de p\u00e9rdida o deterioro, se podr\u00e1 cobrar la reposici\u00f3n. Si tu retenedor se afloja o se rompe, <a href=\"https:\/\/polczynski.klsite.dev\/orthodontist-braces-san-antonio-tx\/\">ponte en contacto con nuestra consulta<\/a> inmediatamente.<\/p>\n<\/li>\n<\/ul>\n<h3>Retenedores fijos (alambre adherido)<\/h3>\n<p>Los retenedores fijos, tambi\u00e9n conocidos como alambres adhesivos, se fijan a la parte posterior de tus dientes. Estos retenedores son eficaces para evitar que tus dientes frontales inferiores se desplacen a medida que envejeces. Sin embargo, si te causan alg\u00fan problema en las enc\u00edas o en la salud \u00f3sea, puede ser necesario sustituirlos por un retenedor extra\u00edble.<\/p>\n<p>Es importante que tu dentista de familia revise regularmente tu retenedor fijo durante las visitas dentales rutinarias. Esto garantiza que funcione correctamente y que tu sonrisa permanezca alineada.<\/p>\n<p><img fetchpriority=\"high\" decoding=\"async\" class=\"aligncenter wp-image-3769\" src=\"https:\/\/polczynski.klsite.dev\/wp-content\/uploads\/2023\/03\/iStock-1204178247-fixed-retainer-600x400-1.jpg\" alt=\"\" width=\"525\" height=\"350\"><\/p>\n<h2>Mantener tu sonrisa bonita de por vida<\/h2>\n<p><span data-preserver-spaces=\"true\">Conseguir una sonrisa bonita mediante un tratamiento de ortodoncia es una inversi\u00f3n para toda la vida, y cuidar el retenedor es esencial para mantener los resultados. Seguir las instrucciones del Dra. Polczynski y llevar el retenedor seg\u00fan lo prescrito te ayudar\u00e1 a mantener los dientes en su posici\u00f3n ideal y a conservar tu deslumbrante sonrisa.<\/span><\/p>\n<p><span data-preserver-spaces=\"true\">Si tienes alguna pregunta o duda sobre c\u00f3mo cuidar tu retenedor, no dudes en <\/span><a class=\"editor-rtfLink\" href=\"https:\/\/polczynski.klsite.dev\/orthodontist-braces-san-antonio-tx\/\" target=\"_blank\" rel=\"noopener\"><span data-preserver-spaces=\"true\">ponerte en contacto con nuestra oficina<\/span><\/a><span data-preserver-spaces=\"true\">. Tu compromiso de hoy te conducir\u00e1 a una sonrisa sana y bella en el futuro.<\/span><\/p>\n\t\t\t\t\t\t\t\t<\/div>\n\t\t\t\t<\/div>\n\t\t\t\t\t<\/div>\n\t\t<\/div>\n\t\t\t\t\t<\/div>\n\t\t<\/section>\n\t\t\t\t<\/div>\n\t\t","protected":false},"excerpt":{"rendered":"<p>Tu sonrisa bonita y recta es el resultado de tu compromiso con el tratamiento de ortodoncia. Para mantener tu sonrisa perfecta durante a\u00f1os, es esencial que lleves los retenedores siguiendo las instrucciones de Dra. Alexis Polczynski. Retainers play a crucial role in stabilizing your teeth after your aparatos se retiran, proporcion\u00e1ndote toda una vida de beneficios de tu [&hellip;]<\/p>\n","protected":false},"author":3,"featured_media":0,"parent":0,"menu_order":38,"comment_status":"closed","ping_status":"closed","template":"","meta":{"_seopress_robots_primary_cat":"","_seopress_titles_title":"Retenedores de Ortodoncia San Antonio TX | Oak Tree Orthodontics","_seopress_titles_desc":"Los retenedores de ortodoncia de Oak Tree Orthodontics en San Antonio, TX, estabilizan tu sonrisa despu\u00e9s del tratamiento de ortodoncia y garantizan resultados duraderos.","_seopress_robots_index":"","footnotes":""},"class_list":["post-5928","page","type-page","status-publish"],"_links":{"self":[{"href":"https:\/\/oaktreeorthodontics.com\/es\/wp-json\/wp\/v2\/pages\/5928","targetHints":{"allow":["GET"]}}],"collection":[{"href":"https:\/\/oaktreeorthodontics.com\/es\/wp-json\/wp\/v2\/pages"}],"about":[{"href":"https:\/\/oaktreeorthodontics.com\/es\/wp-json\/wp\/v2\/types\/page"}],"author":[{"embeddable":true,"href":"https:\/\/oaktreeorthodontics.com\/es\/wp-json\/wp\/v2\/users\/3"}],"replies":[{"embeddable":true,"href":"https:\/\/oaktreeorthodontics.com\/es\/wp-json\/wp\/v2\/comments?post=5928"}],"version-history":[{"count":6,"href":"https:\/\/oaktreeorthodontics.com\/es\/wp-json\/wp\/v2\/pages\/5928\/revisions"}],"predecessor-version":[{"id":6293,"href":"https:\/\/oaktreeorthodontics.com\/es\/wp-json\/wp\/v2\/pages\/5928\/revisions\/6293"}],"wp:attachment":[{"href":"https:\/\/oaktreeorthodontics.com\/es\/wp-json\/wp\/v2\/media?parent=5928"}],"curies":[{"name":"wp","href":"https:\/\/api.w.org\/{rel}","templated":true}]}}