{"id":5927,"date":"2017-02-06T01:29:19","date_gmt":"2017-02-06T01:29:19","guid":{"rendered":"https:\/\/oaktreeorthodontics.com\/financiacion-facil\/"},"modified":"2025-01-16T20:11:32","modified_gmt":"2025-01-16T20:11:32","slug":"financiacion-facil","status":"publish","type":"page","link":"https:\/\/oaktreeorthodontics.com\/es\/financiacion-facil\/","title":{"rendered":"Financiaci\u00f3n f\u00e1cil"},"content":{"rendered":"\t\t<div data-elementor-type=\"wp-page\" data-elementor-id=\"5927\" class=\"elementor elementor-5927 elementor-26\" data-elementor-post-type=\"page\">\n\t\t\t\t\t\t<section data-particle_enable=\"false\" data-particle-mobile-disabled=\"false\" class=\"elementor-section elementor-top-section elementor-element elementor-element-40f81338 elementor-section-boxed elementor-section-height-default elementor-section-height-default\" data-id=\"40f81338\" data-element_type=\"section\" data-e-type=\"section\">\n\t\t\t\t\t\t<div class=\"elementor-container elementor-column-gap-default\">\n\t\t\t\t\t<div class=\"elementor-column elementor-col-100 elementor-top-column elementor-element elementor-element-309aeccf\" data-id=\"309aeccf\" data-element_type=\"column\" data-e-type=\"column\">\n\t\t\t<div class=\"elementor-widget-wrap elementor-element-populated\">\n\t\t\t\t\t\t<div class=\"elementor-element elementor-element-376fec3f elementor-widget elementor-widget-text-editor\" data-id=\"376fec3f\" data-element_type=\"widget\" data-e-type=\"widget\" data-widget_type=\"text-editor.default\">\n\t\t\t\t<div class=\"elementor-widget-container\">\n\t\t\t\t\t\t\t\t\t<p><span data-preserver-spaces=\"true\">En Oak Tree Orthodontics creemos que todo el mundo merece una sonrisa bonita y sana.  <\/span><a class=\"editor-rtfLink\" href=\"https:\/\/polczynski.klsite.dev\/orthodontist-alexis-polczynski\/\" target=\"_blank\" rel=\"noopener\"><span data-preserver-spaces=\"true\">Dra. Alexis Polczynski<\/span><\/a><span data-preserver-spaces=\"true\"> se dedica a ofrecer soluciones de pago flexibles y accesibles que se ajusten al presupuesto de tu familia. Tanto si eres un padre que busca tratamiento para su hijo como si eres un adulto que explora opciones de ortodoncia para ti mismo, estamos aqu\u00ed para hacer que el proceso sea lo m\u00e1s f\u00e1cil y fluido posible.<\/span><\/p>\n<h2><span data-preserver-spaces=\"true\">Opciones de pago flexibles<\/span><\/h2>\n<p><span data-preserver-spaces=\"true\">Para satisfacer las diversas necesidades de nuestros pacientes, estamos orgullosos de ofrecer:<\/span><\/p>\n<ul>\n<li><span data-preserver-spaces=\"true\">Hay descuentos por pago completo para quienes prefieran pagar por adelantado y ahorrar.<\/span><\/li>\n<li><span data-preserver-spaces=\"true\">Los planes de financiaci\u00f3n sin intereses con pagos iniciales bajos y mensualidades accesibles facilitan la elaboraci\u00f3n del presupuesto.<\/span><\/li>\n<li><span data-preserver-spaces=\"true\">Descuentos para socios multifamiliares porque valoramos la confianza que depositas en nosotros para cuidar de tus seres queridos.<\/span><\/li>\n<\/ul>\n<p><span data-preserver-spaces=\"true\">Tambi\u00e9n ofrecemos la comodidad de los giros autom\u00e1ticos desde cuentas corrientes o tarjetas de cr\u00e9dito, garantizando que tus pagos se gestionen sin problemas y a tiempo.<\/span><\/p>\n<h2>Atenci\u00f3n transparente e integral<\/h2>\n<p>En Oak Tree Orthodontics, la transparencia est\u00e1 en el centro de todo lo que hacemos. La tarifa de tu tratamiento lo incluye todo y cubre:<\/p>\n<ul>\n<li>Registros detallados y radiograf\u00edas para guiar tu plan de tratamiento personalizado.<\/li>\n<li>Todos los aparatos de ortodoncia necesarios, incluidos los <a href=\"https:\/\/polczynski.klsite.dev\/types-of-braces\/\">aparatos de ortodoncia<\/a> o los <a href=\"https:\/\/polczynski.klsite.dev\/clear-aligners-san-antonio\/\">alineadores transparentes<\/a>.<\/li>\n<li>Visitas regulares al ortodoncista, para garantizar que tu tratamiento progresa seg\u00fan lo previsto.<\/li>\n<li>Atenci\u00f3n r\u00e1pida a cualquier urgencia que pueda surgir durante tu tratamiento.<\/li>\n<li>Un juego completo de <a href=\"https:\/\/polczynski.klsite.dev\/orthodontic-retainers\/\">retenedores<\/a> para mantener tus bellos resultados una vez finalizado el tratamiento.<\/li>\n<\/ul>\n<h2>Orientaci\u00f3n financiera personalizada<\/h2>\n<p>Reconocemos que la situaci\u00f3n econ\u00f3mica de cada familia es \u00fanica. Por eso nos tomamos el tiempo necesario para hablar de todos los precios y opciones de pago durante tu consulta gratuita de ortodoncia. Nuestro amable <a href=\"https:\/\/polczynski.klsite.dev\/our-team\/\">equipo<\/a> est\u00e1 aqu\u00ed para guiarte a trav\u00e9s del proceso, responder a cualquier pregunta y ayudarte a sentirte seguro de tu inversi\u00f3n en una sonrisa m\u00e1s sana y radiante.<\/p>\n\t\t\t\t\t\t\t\t<\/div>\n\t\t\t\t<\/div>\n\t\t\t\t\t<\/div>\n\t\t<\/div>\n\t\t\t\t\t<\/div>\n\t\t<\/section>\n\t\t\t\t<\/div>\n\t\t","protected":false},"excerpt":{"rendered":"<p>En Oak Tree Orthodontics creemos que todo el mundo merece una sonrisa bonita y sana. Dra. Alexis Polczynski se dedica a ofrecer soluciones de pago flexibles y accesibles que se ajusten al presupuesto de tu familia. Tanto si eres un padre que busca tratamiento para su hijo como si eres un adulto que explora opciones de ortodoncia para [&hellip;]<\/p>\n","protected":false},"author":3,"featured_media":0,"parent":0,"menu_order":17,"comment_status":"closed","ping_status":"closed","template":"","meta":{"_seopress_robots_primary_cat":"","_seopress_titles_title":"Financiaci\u00f3n Ortodoncia Alineadores transparentes | Oak Tree Orthodontics en San Antonio TX","_seopress_titles_desc":"Oak Tree Orthodontics en San Antonio, TX, ofrece m\u00faltiples opciones de financiaci\u00f3n y seguros, incluidos planes sin intereses, para una atenci\u00f3n ortod\u00f3ncica accesible y experta.","_seopress_robots_index":"","footnotes":""},"class_list":["post-5927","page","type-page","status-publish"],"_links":{"self":[{"href":"https:\/\/oaktreeorthodontics.com\/es\/wp-json\/wp\/v2\/pages\/5927","targetHints":{"allow":["GET"]}}],"collection":[{"href":"https:\/\/oaktreeorthodontics.com\/es\/wp-json\/wp\/v2\/pages"}],"about":[{"href":"https:\/\/oaktreeorthodontics.com\/es\/wp-json\/wp\/v2\/types\/page"}],"author":[{"embeddable":true,"href":"https:\/\/oaktreeorthodontics.com\/es\/wp-json\/wp\/v2\/users\/3"}],"replies":[{"embeddable":true,"href":"https:\/\/oaktreeorthodontics.com\/es\/wp-json\/wp\/v2\/comments?post=5927"}],"version-history":[{"count":6,"href":"https:\/\/oaktreeorthodontics.com\/es\/wp-json\/wp\/v2\/pages\/5927\/revisions"}],"predecessor-version":[{"id":6297,"href":"https:\/\/oaktreeorthodontics.com\/es\/wp-json\/wp\/v2\/pages\/5927\/revisions\/6297"}],"wp:attachment":[{"href":"https:\/\/oaktreeorthodontics.com\/es\/wp-json\/wp\/v2\/media?parent=5927"}],"curies":[{"name":"wp","href":"https:\/\/api.w.org\/{rel}","templated":true}]}}