{"id":5917,"date":"2017-02-06T01:33:06","date_gmt":"2017-02-06T01:33:06","guid":{"rendered":"https:\/\/oaktreeorthodontics.com\/ortodoncia-temprana\/"},"modified":"2025-01-11T03:33:36","modified_gmt":"2025-01-11T03:33:36","slug":"ortodoncia-temprana","status":"publish","type":"page","link":"https:\/\/oaktreeorthodontics.com\/es\/ortodoncia-temprana\/","title":{"rendered":"Ortodoncia temprana"},"content":{"rendered":"\t\t<div data-elementor-type=\"wp-page\" data-elementor-id=\"5917\" class=\"elementor elementor-5917 elementor-36\" data-elementor-post-type=\"page\">\n\t\t\t\t\t\t<section data-particle_enable=\"false\" data-particle-mobile-disabled=\"false\" class=\"elementor-section elementor-top-section elementor-element elementor-element-444ee7ad elementor-section-boxed elementor-section-height-default elementor-section-height-default\" data-id=\"444ee7ad\" data-element_type=\"section\" data-e-type=\"section\">\n\t\t\t\t\t\t<div class=\"elementor-container elementor-column-gap-default\">\n\t\t\t\t\t<div class=\"elementor-column elementor-col-100 elementor-top-column elementor-element elementor-element-dc59cc\" data-id=\"dc59cc\" data-element_type=\"column\" data-e-type=\"column\">\n\t\t\t<div class=\"elementor-widget-wrap elementor-element-populated\">\n\t\t\t\t\t\t<div class=\"elementor-element elementor-element-788fbfeb elementor-widget elementor-widget-text-editor\" data-id=\"788fbfeb\" data-element_type=\"widget\" data-e-type=\"widget\" data-widget_type=\"text-editor.default\">\n\t\t\t\t<div class=\"elementor-widget-container\">\n\t\t\t\t\t\t\t\t\t<h2 data-pm-slice=\"1 1 []\">\u00bfA qu\u00e9 edad debe un ni\u00f1o acudir por primera vez al ortodoncista?<\/h2>\n<p>La Asociaci\u00f3n Americana de Ortodoncistas sugiere que los ni\u00f1os se sometan a su primera revisi\u00f3n ortod\u00f3ncica a los 7 a\u00f1os. Esta evaluaci\u00f3n temprana permite a la<a href=\"https:\/\/oaktreeorthodontics.com\/es\/conoce-al-dr-alexis-polczynski\/\"> Dra. Alexis Polczynski<\/a> valorar si puede ser necesario un tratamiento de ortodoncia y cu\u00e1ndo, garantizando el momento m\u00e1s eficaz para la atenci\u00f3n. <\/p>\n<p>Muchos dentistas de nuestra comunidad est\u00e1n formados para reconocer precozmente los problemas de ortodoncia y pueden remitir a los ni\u00f1os a Oak Tree Orthodontics antes de los 7 a\u00f1os si observan alg\u00fan problema potencial.<\/p>\n<h2>\u00bfPor qu\u00e9 se eval\u00faa a los ni\u00f1os a una edad tan temprana?<\/h2>\n<p>El diagn\u00f3stico y el tratamiento temprano ofrecen varias ventajas, entre ellas<\/p>\n<ul data-spread=\"false\">\n<li>\n<p>Guiar los dientes en erupci\u00f3n a las posiciones adecuadas.<\/p>\n<\/li>\n<li>\n<p>Preservar el espacio para los dientes permanentes.<\/p>\n<\/li>\n<li>\n<p>Reducir el riesgo de lesi\u00f3n de los dientes frontales salientes.<\/p>\n<\/li>\n<\/ul>\n<p>Cuando es necesario un tratamiento temprano, la Dra. Alexis puede mejorar la posici\u00f3n de la mand\u00edbula y controlar la alineaci\u00f3n de los dientes permanentes. La intervenci\u00f3n temprana tambi\u00e9n puede: <\/p>\n<ul data-spread=\"false\">\n<li>\n<p>Regula la anchura de la arcada dental superior.<\/p>\n<\/li>\n<li>\n<p>Crea espacio para los nuevos dientes permanentes.<\/p>\n<\/li>\n<li>\n<p>Reduce el riesgo de dientes permanentes impactados.<\/p>\n<\/li>\n<li>\n<p>Corrige h\u00e1bitos como chuparse el dedo.<\/p>\n<\/li>\n<li>\n<p>Abordar problemas de degluci\u00f3n o habla anormales.<\/p>\n<\/li>\n<\/ul>\n<p>El tratamiento temprano simplifica los cuidados ortod\u00f3ncicos posteriores y favorece una salud dental y un crecimiento \u00f3ptimos.<\/p>\n<h2>\u00bfEl tratamiento temprano beneficia a todos los ni\u00f1os?<\/h2>\n<p>No todos los ni\u00f1os requieren un tratamiento temprano. Algunos problemas de ortodoncia se abordan mejor durante la adolescencia, cuando han erupcionado todos los dientes permanentes. Ciertos problemas esquel\u00e9ticos tambi\u00e9n pueden necesitar esperar hasta que el crecimiento est\u00e9 m\u00e1s avanzado o se haya completado.  <\/p>\n<p>En Oak Tree Orthodontics, el plan de tratamiento de cada ni\u00f1o se personaliza en funci\u00f3n de sus necesidades \u00fanicas. Si no es necesario un tratamiento inmediato, los pacientes se inscriben en nuestro Acorn Smile Squad para garantizar una atenci\u00f3n oportuna cuando sea necesario. Sin embargo, siempre se recomienda una evaluaci\u00f3n inicial alrededor de los 7 a\u00f1os.  <\/p>\n<h2>M\u00e1s all\u00e1 de una sonrisa bonita: Beneficios adicionales del tratamiento de ortodoncia<\/h2>\n<p>La ortodoncia ofrece numerosos beneficios funcionales, como:<\/p>\n<ul data-spread=\"false\">\n<li>\n<p>Mejorar la alineaci\u00f3n de la mordida y la funci\u00f3n dental.<\/p>\n<\/li>\n<li>\n<p>Mejorar la capacidad de mantener la higiene bucal.<\/p>\n<\/li>\n<li>\n<p>Evitar el desgaste excesivo de los dientes.<\/p>\n<\/li>\n<li>\n<p>Favorecer la salud y longevidad a largo plazo de los dientes naturales.<\/p>\n<\/li>\n<\/ul>\n<h2>\u00bfEl tratamiento temprano eliminar\u00e1 la necesidad de ortodoncia m\u00e1s adelante?<\/h2>\n<p>Un tratamiento temprano puede resolver problemas importantes, prevenir problemas m\u00e1s graves y simplificar futuros cuidados ortod\u00f3ncicos. Sin embargo, como es posible que los dientes permanentes a\u00fan no hayan erupcionado del todo, suele ser necesaria una alineaci\u00f3n adicional durante la adolescencia.<\/p>\n<p>Normalmente se requiere un tratamiento m\u00e1s corto y completo, la Fase II, con <a href=\"https:\/\/oaktreeorthodontics.com\/es\/opciones-de-tratamiento\/\">ortodoncia<\/a> completa para completar la correcci\u00f3n. En algunos casos, no ser\u00e1 necesario ning\u00fan otro tratamiento.<\/p>\n<h2>\u00bfDebemos seguir acudiendo al dentista de cabecera durante el tratamiento de ortodoncia?<\/h2>\n<p>S\u00ed, las visitas regulares a tu dentista de cabecera son esenciales durante el tratamiento de ortodoncia. Los aparatos de ortodoncia requieren un esfuerzo adicional para limpiar dientes y enc\u00edas. Para garantizar el m\u00e1ximo nivel de salud dental, recomendamos programar revisiones y limpiezas cada seis meses con tu dentista de cabecera durante todo el tratamiento de ortodoncia.<\/p>\n\t\t\t\t\t\t\t\t<\/div>\n\t\t\t\t<\/div>\n\t\t\t\t\t<\/div>\n\t\t<\/div>\n\t\t\t\t\t<\/div>\n\t\t<\/section>\n\t\t\t\t<\/div>\n\t\t","protected":false},"excerpt":{"rendered":"<p>\u00bfA qu\u00e9 edad debe un ni\u00f1o acudir por primera vez al ortodoncista? La Asociaci\u00f3n Americana de Ortodoncistas sugiere que los ni\u00f1os se sometan a su primera revisi\u00f3n ortod\u00f3ncica a los 7 a\u00f1os. Esta evaluaci\u00f3n temprana permite a la Dra. Alexis Polczynski valorar si puede ser necesario un tratamiento de ortodoncia y cu\u00e1ndo, garantizando el momento m\u00e1s eficaz para [&hellip;]<\/p>\n","protected":false},"author":3,"featured_media":0,"parent":0,"menu_order":30,"comment_status":"closed","ping_status":"closed","template":"","meta":{"_seopress_robots_primary_cat":"","_seopress_titles_title":"Tratamiento de ortodoncia temprana San Antonio TX | Oak Tree Orthodontics","_seopress_titles_desc":"Oak Tree Orthodontics proporciona atenci\u00f3n ortod\u00f3ncica temprana en San Antonio, TX, eval\u00faa a los ni\u00f1os antes de los 7 a\u00f1os para guiar el desarrollo dental y favorecer la salud bucal.","_seopress_robots_index":"","footnotes":""},"class_list":["post-5917","page","type-page","status-publish"],"_links":{"self":[{"href":"https:\/\/oaktreeorthodontics.com\/es\/wp-json\/wp\/v2\/pages\/5917","targetHints":{"allow":["GET"]}}],"collection":[{"href":"https:\/\/oaktreeorthodontics.com\/es\/wp-json\/wp\/v2\/pages"}],"about":[{"href":"https:\/\/oaktreeorthodontics.com\/es\/wp-json\/wp\/v2\/types\/page"}],"author":[{"embeddable":true,"href":"https:\/\/oaktreeorthodontics.com\/es\/wp-json\/wp\/v2\/users\/3"}],"replies":[{"embeddable":true,"href":"https:\/\/oaktreeorthodontics.com\/es\/wp-json\/wp\/v2\/comments?post=5917"}],"version-history":[{"count":3,"href":"https:\/\/oaktreeorthodontics.com\/es\/wp-json\/wp\/v2\/pages\/5917\/revisions"}],"predecessor-version":[{"id":6142,"href":"https:\/\/oaktreeorthodontics.com\/es\/wp-json\/wp\/v2\/pages\/5917\/revisions\/6142"}],"wp:attachment":[{"href":"https:\/\/oaktreeorthodontics.com\/es\/wp-json\/wp\/v2\/media?parent=5917"}],"curies":[{"name":"wp","href":"https:\/\/api.w.org\/{rel}","templated":true}]}}