{"id":5915,"date":"2017-02-06T01:30:55","date_gmt":"2017-02-06T01:30:55","guid":{"rendered":"https:\/\/oaktreeorthodontics.com\/atencion-de-urgencias\/"},"modified":"2025-01-11T03:24:05","modified_gmt":"2025-01-11T03:24:05","slug":"atencion-de-urgencias","status":"publish","type":"page","link":"https:\/\/oaktreeorthodontics.com\/es\/atencion-de-urgencias\/","title":{"rendered":"Atenci\u00f3n de urgencias"},"content":{"rendered":"\t\t<div data-elementor-type=\"wp-page\" data-elementor-id=\"5915\" class=\"elementor elementor-5915 elementor-30\" data-elementor-post-type=\"page\">\n\t\t\t\t\t\t<section data-particle_enable=\"false\" data-particle-mobile-disabled=\"false\" class=\"elementor-section elementor-top-section elementor-element elementor-element-39133a2d elementor-section-boxed elementor-section-height-default elementor-section-height-default\" data-id=\"39133a2d\" data-element_type=\"section\" data-e-type=\"section\">\n\t\t\t\t\t\t<div class=\"elementor-container elementor-column-gap-default\">\n\t\t\t\t\t<div class=\"elementor-column elementor-col-100 elementor-top-column elementor-element elementor-element-423a050a\" data-id=\"423a050a\" data-element_type=\"column\" data-e-type=\"column\">\n\t\t\t<div class=\"elementor-widget-wrap elementor-element-populated\">\n\t\t\t\t\t\t<div class=\"elementor-element elementor-element-3c018611 elementor-widget elementor-widget-text-editor\" data-id=\"3c018611\" data-element_type=\"widget\" data-e-type=\"widget\" data-widget_type=\"text-editor.default\">\n\t\t\t\t<div class=\"elementor-widget-container\">\n\t\t\t\t\t\t\t\t\t<p data-pm-slice=\"1 1 []\">Los pacientes pueden sufrir ocasionalmente lesiones en la boca durante el tratamiento de ortodoncia. Las urgencias dentales relacionadas con <a href=\"https:\/\/oaktreeorthodontics.com\/es\/opciones-de-tratamiento\/\">aparatos de<\/a> ortodoncia o de otro tipo suelen clasificarse en dos categor\u00edas principales.<\/p>\n\t\t\t\t\t\t\t\t<\/div>\n\t\t\t\t<\/div>\n\t\t\t\t<div class=\"elementor-element elementor-element-699dbc0 elementor-widget elementor-widget-video\" data-id=\"699dbc0\" data-element_type=\"widget\" data-e-type=\"widget\" data-settings=\"{&quot;youtube_url&quot;:&quot;https:\\\/\\\/youtu.be\\\/XtoWJkqNAJ0&quot;,&quot;video_type&quot;:&quot;youtube&quot;,&quot;controls&quot;:&quot;yes&quot;}\" data-widget_type=\"video.default\">\n\t\t\t\t<div class=\"elementor-widget-container\">\n\t\t\t\t\t\t\t<div class=\"elementor-wrapper elementor-open-inline\">\n\t\t\t<div class=\"elementor-video\"><\/div>\t\t<\/div>\n\t\t\t\t\t\t<\/div>\n\t\t\t\t<\/div>\n\t\t\t\t\t<\/div>\n\t\t<\/div>\n\t\t\t\t\t<\/div>\n\t\t<\/section>\n\t\t\t\t<section data-particle_enable=\"false\" data-particle-mobile-disabled=\"false\" class=\"elementor-section elementor-top-section elementor-element elementor-element-b31274a elementor-section-boxed elementor-section-height-default elementor-section-height-default\" data-id=\"b31274a\" data-element_type=\"section\" data-e-type=\"section\">\n\t\t\t\t\t\t<div class=\"elementor-container elementor-column-gap-default\">\n\t\t\t\t\t<div class=\"elementor-column elementor-col-100 elementor-top-column elementor-element elementor-element-fb7423e\" data-id=\"fb7423e\" data-element_type=\"column\" data-e-type=\"column\">\n\t\t\t<div class=\"elementor-widget-wrap elementor-element-populated\">\n\t\t\t\t\t\t<div class=\"elementor-element elementor-element-432d9c1 elementor-widget elementor-widget-text-editor\" data-id=\"432d9c1\" data-element_type=\"widget\" data-e-type=\"widget\" data-widget_type=\"text-editor.default\">\n\t\t\t\t<div class=\"elementor-widget-container\">\n\t\t\t\t\t\t\t\t\t<h2 data-pm-slice=\"1 1 []\">Urgencias relacionadas con aparatos de ortodoncia<\/h2>\n<p>Los aparatos de ortodoncia a veces pueden romperse o doblarse durante el tratamiento. Si tienes alg\u00fan problema, como bandas sueltas, brackets sueltos, alambres rotos o alambres que se clavan en la boca, <a href=\"https:\/\/oaktreeorthodontics.com\/es\/ubicacion-del-roble-silvestre\/\">ponte en contacto con nosotros<\/a> en horario de atenci\u00f3n al paciente para concertar una <a href=\"https:\/\/oaktreeorthodontics.com\/es\/pide-una-cita\/\">cita<\/a>. No podemos atender urgencias sin cita previa para garantizar la mejor atenci\u00f3n a todos los pacientes.<\/p>\n<p>Mientras tanto, aqu\u00ed tienes algunos consejos r\u00e1pidos para gestionar los problemas habituales hasta tu cita:<\/p>\n<ul data-spread=\"false\">\n<li>\n<p><strong>Alambres de corbata irritantes<\/strong>: Cubre el alambre con cera de abeja o cera ortod\u00f3ncica, o m\u00e9telo suavemente bajo el arco de alambre utilizando un objeto romo, como la goma de borrar de un l\u00e1piz o un bastoncillo.<\/p>\n<\/li>\n<li>\n<p><strong>Bandas o brackets sueltos<\/strong>: Deja el aparato suelto en su sitio y llama inmediatamente a Oak Tree Orthodontics para programar una reparaci\u00f3n.  <\/p>\n<\/li>\n<li>\n<p><strong>Arcos de alambre rotos o punzantes<\/strong>: Utiliza la goma de borrar de un l\u00e1piz para doblar con cuidado el alambre y volver a colocarlo en su sitio, o rec\u00f3rtalo con un corta\u00fa\u00f1as limpio si es necesario. Ponte en contacto con nuestra consulta si el problema persiste o sigue siendo inc\u00f3modo.<\/p>\n<\/li>\n<\/ul>\n<h2>Lesiones directas en la boca y los dientes<\/h2>\n<p>Si sufres una lesi\u00f3n directa en la boca o los dientes, est\u00e9s o no en tratamiento de ortodoncia, sigue estos pasos:<\/p>\n<ol start=\"1\" data-spread=\"false\">\n<li>\n<p><strong>Aplica hielo<\/strong>: Aplica inmediatamente hielo en la zona afectada para reducir la hinchaz\u00f3n.<\/p>\n<\/li>\n<li>\n<p><strong>Ponte en contacto con tu dentista<\/strong>: Llama a tu dentista habitual lo antes posible, ya que es posible que tenga que hacerte radiograf\u00edas para evaluar la lesi\u00f3n. Esto es especialmente importante si un diente se ha desplazado, se ha ca\u00eddo o se ha fracturado.<\/p>\n<\/li>\n<\/ol>\n<p>Si tus aparatos de ortodoncia se desprenden o desplazan, ponte en contacto con Oak Tree Orthodontics despu\u00e9s de que tu dentista haya solucionado la lesi\u00f3n. La <a href=\"https:\/\/oaktreeorthodontics.com\/es\/conoce-al-dr-alexis-polczynski\/\">Dra. Alexis Polczynski<\/a> ajustar\u00e1 o sustituir\u00e1 los aparatos seg\u00fan sea necesario, garantizando la comodidad del paciente y el progreso continuado del tratamiento.<\/p>\n<h2>Fuera del horario de oficina<\/h2>\n<p>Si surge una urgencia ortod\u00f3ncica fuera de horario y el paciente siente dolor,<a href=\"https:\/\/oaktreeorthodontics.com\/es\/ubicacion-del-roble-silvestre\/\"> ponte en contacto con nuestra consulta<\/a>. Recibir\u00e1s informaci\u00f3n sobre c\u00f3mo ponerte en contacto con la persona adecuada para que te ayude.<\/p>\n<p>Seguir estas pautas puede minimizar las molestias y garantizar que tu tratamiento de ortodoncia siga por buen camino.<\/p>\n\t\t\t\t\t\t\t\t<\/div>\n\t\t\t\t<\/div>\n\t\t\t\t\t<\/div>\n\t\t<\/div>\n\t\t\t\t\t<\/div>\n\t\t<\/section>\n\t\t\t\t<\/div>\n\t\t","protected":false},"excerpt":{"rendered":"<p>Los pacientes pueden sufrir ocasionalmente lesiones en la boca durante el tratamiento de ortodoncia. Las urgencias dentales relacionadas con aparatos de ortodoncia o de otro tipo suelen clasificarse en dos categor\u00edas principales. https:\/\/youtu.be\/XtoWJkqNAJ0 Urgencias relacionadas con aparatos de ortodoncia Los aparatos de ortodoncia a veces pueden romperse o doblarse durante el tratamiento. Si tienes alg\u00fan problema, como bandas [&hellip;]<\/p>\n","protected":false},"author":3,"featured_media":0,"parent":0,"menu_order":51,"comment_status":"closed","ping_status":"closed","template":"","meta":{"_seopress_robots_primary_cat":"","_seopress_titles_title":"Urgencias de ortodoncia en Oak Tree Orthodontics","_seopress_titles_desc":"Oak Tree Orthodontics de San Antonio, TX, orienta a los pacientes sobre el manejo de las urgencias ortod\u00f3ncicas, desde aparatos rotos hasta lesiones bucales, garantizando una atenci\u00f3n adecuada.","_seopress_robots_index":"","footnotes":""},"class_list":["post-5915","page","type-page","status-publish"],"_links":{"self":[{"href":"https:\/\/oaktreeorthodontics.com\/es\/wp-json\/wp\/v2\/pages\/5915","targetHints":{"allow":["GET"]}}],"collection":[{"href":"https:\/\/oaktreeorthodontics.com\/es\/wp-json\/wp\/v2\/pages"}],"about":[{"href":"https:\/\/oaktreeorthodontics.com\/es\/wp-json\/wp\/v2\/types\/page"}],"author":[{"embeddable":true,"href":"https:\/\/oaktreeorthodontics.com\/es\/wp-json\/wp\/v2\/users\/3"}],"replies":[{"embeddable":true,"href":"https:\/\/oaktreeorthodontics.com\/es\/wp-json\/wp\/v2\/comments?post=5915"}],"version-history":[{"count":3,"href":"https:\/\/oaktreeorthodontics.com\/es\/wp-json\/wp\/v2\/pages\/5915\/revisions"}],"predecessor-version":[{"id":6127,"href":"https:\/\/oaktreeorthodontics.com\/es\/wp-json\/wp\/v2\/pages\/5915\/revisions\/6127"}],"wp:attachment":[{"href":"https:\/\/oaktreeorthodontics.com\/es\/wp-json\/wp\/v2\/media?parent=5915"}],"curies":[{"name":"wp","href":"https:\/\/api.w.org\/{rel}","templated":true}]}}